{"id":1982,"date":"2024-10-11T08:33:18","date_gmt":"2024-10-11T11:33:18","guid":{"rendered":"https:\/\/bmsolucoesedu.com.br\/portal\/?post_type=product&#038;p=1982"},"modified":"2025-01-21T20:06:29","modified_gmt":"2025-01-21T23:06:29","slug":"kit-alinhavos-de-meios-de-transporte","status":"publish","type":"product","link":"https:\/\/bmsolucoesedu.com.br\/portal\/produtos\/kit-alinhavos-de-meios-de-transporte\/","title":{"rendered":"Kit Alinhavos de Meios de Transporte"},"content":{"rendered":"<div class=\"wpb-content-wrapper\"><p>[vc_row el_class=&#8221;m-b-md&#8221;][vc_column][vc_column_text css=&#8221;&#8221;]Kit Alinhavos de Meios de Transporte \u2013 Confeccionado em MDF. Cont\u00e9m 10 bases perfuradas de 16 x 16 cm, pintadas com fundo branco ultravioleta at\u00f3xico e ilustra\u00e7\u00f5es de meios de transporte. Inclui 10 cadar\u00e7os de poli\u00e9ster coloridos, medindo aproximadamente 70 cm, que se alinham \u00e0s figuras da base. Cont\u00e9m 10 placas.[\/vc_column_text][\/vc_column][\/vc_row]<\/p>\n<\/div>","protected":false},"excerpt":{"rendered":"<p>Kit Alinhavos de Meios de Transporte \u2013 Confeccionado em MDF. Cont\u00e9m 10 bases perfuradas de 16 x 16 cm, pintadas com fundo branco ultravioleta at\u00f3xico e ilustra\u00e7\u00f5es de meios de transporte. Inclui 10 cadar\u00e7os de poli\u00e9ster coloridos, medindo aproximadamente 70 cm, que se alinham \u00e0s figuras da base. Cont\u00e9m 10 placas.<\/p>\n","protected":false},"featured_media":1983,"template":"","meta":[],"product_brand":[],"product_cat":[192],"product_tag":[888],"class_list":{"0":"post-1982","1":"product","2":"type-product","3":"status-publish","4":"has-post-thumbnail","6":"product_cat-brinquedos","7":"product_tag-a217","8":"pa_item-273","9":"pa_lote-243","10":"pa_marca-take-brinquedos-alinhavo-meio-de-transporte","11":"pa_n-ata-002-2024","12":"pa_pregao-eletronico-n-003-2024","13":"pa_processo-licitatorio-004-2024","14":"wcpv_product_vendors-vale-comercio-de-produtos-para-educacao-ltda","16":"first","17":"instock","18":"shipping-taxable","19":"purchasable","20":"product-type-simple"},"_links":{"self":[{"href":"https:\/\/bmsolucoesedu.com.br\/portal\/wp-json\/wp\/v2\/product\/1982","targetHints":{"allow":["GET"]}}],"collection":[{"href":"https:\/\/bmsolucoesedu.com.br\/portal\/wp-json\/wp\/v2\/product"}],"about":[{"href":"https:\/\/bmsolucoesedu.com.br\/portal\/wp-json\/wp\/v2\/types\/product"}],"wp:featuredmedia":[{"embeddable":true,"href":"https:\/\/bmsolucoesedu.com.br\/portal\/wp-json\/wp\/v2\/media\/1983"}],"wp:attachment":[{"href":"https:\/\/bmsolucoesedu.com.br\/portal\/wp-json\/wp\/v2\/media?parent=1982"}],"wp:term":[{"taxonomy":"product_brand","embeddable":true,"href":"https:\/\/bmsolucoesedu.com.br\/portal\/wp-json\/wp\/v2\/product_brand?post=1982"},{"taxonomy":"product_cat","embeddable":true,"href":"https:\/\/bmsolucoesedu.com.br\/portal\/wp-json\/wp\/v2\/product_cat?post=1982"},{"taxonomy":"product_tag","embeddable":true,"href":"https:\/\/bmsolucoesedu.com.br\/portal\/wp-json\/wp\/v2\/product_tag?post=1982"}],"curies":[{"name":"wp","href":"https:\/\/api.w.org\/{rel}","templated":true}]}}