{"id":1909,"date":"2024-10-10T20:00:12","date_gmt":"2024-10-10T23:00:12","guid":{"rendered":"https:\/\/bmsolucoesedu.com.br\/portal\/?post_type=product&#038;p=1909"},"modified":"2025-01-21T20:06:31","modified_gmt":"2025-01-21T23:06:31","slug":"modulo-balanco-vai-e-vem-frontal-adaptado-pne","status":"publish","type":"product","link":"https:\/\/bmsolucoesedu.com.br\/portal\/produtos\/modulo-balanco-vai-e-vem-frontal-adaptado-pne\/","title":{"rendered":"M\u00f3dulo Balan\u00e7o Vai-e-Vem (Frontal) adaptado (PNE)"},"content":{"rendered":"<div class=\"wpb-content-wrapper\"><p>[vc_row el_class=&#8221;m-b-md&#8221;][vc_column][vc_column_text css=&#8221;&#8221;]M\u00f3dulo Balan\u00e7o Vai-e-Vem (Frontal) Adaptado (PNE) &#8211; Equipamento multiuso projetado para promover brincadeiras de balan\u00e7o com movimento vai-e-vem, utilizando uma cadeira frontal. Destinado ao uso por cadeirantes, andantes e crian\u00e7as com defici\u00eancia motora, este m\u00f3dulo estimula, de maneira volunt\u00e1ria, a pr\u00e1tica de for\u00e7a muscular, agilidade, coordena\u00e7\u00e3o e equil\u00edbrio, caracter\u00edsticas fundamentais para a manuten\u00e7\u00e3o da musculatura, incentivando movimenta\u00e7\u00f5es f\u00edsicas e cognitivas.<\/p>\n<p>Caracter\u00edsticas Construtivas:<\/p>\n<p>Quadro: Feito de tubo de se\u00e7\u00e3o quadrada 50 x 50 x 2,00 mm, com quatro caixas para acoplamento dos cubos contendo 16 rolamentos.<br \/>\nP\u00e9s: Constru\u00eddos em tubo de se\u00e7\u00e3o redonda de 2\u2019\u2019 x 2,00 mm, com duas curvas para promover a estabilidade do quadro. Inclui base met\u00e1lica redonda de \u00bc\u2019\u2019 com di\u00e2metro de 100 mm, contendo 02 furos para fixa\u00e7\u00e3o com parabolt em pisos de concreto armado.<br \/>\nBra\u00e7os: Em haste semi-curva, feitos de tubo de se\u00e7\u00e3o redonda de 1.1\/2\u2019\u2019 x 2 mm, com cubos para acoplamento dos rolamentos blindados.<br \/>\nCockpit e Cadeira: Constru\u00eddos em tubo de se\u00e7\u00e3o redonda de 1.1\/4\u2019\u2019 x 2 mm.<br \/>\nPlataforma: Feita de tubo de se\u00e7\u00e3o redonda de 2\u2019\u2019 x 2 mm, com piso em chapa xadrez de 2,25 mm. Inclui arranques e caixa para acoplamento dos cubos, al\u00e9m de sistema regul\u00e1vel para travamento das rodas da cadeira.<\/p>\n<p>Dimens\u00f5es M\u00ednimas Aproximadas: 2,35 x 1,65 x 2,00 m. \u00c1rea de circula\u00e7\u00e3o de 3,20 x 3,50 m.[\/vc_column_text][\/vc_column][\/vc_row]<\/p>\n<\/div>","protected":false},"excerpt":{"rendered":"<p>M\u00f3dulo Balan\u00e7o Vai-e-Vem (Frontal) Adaptado (PNE) &#8211; Equipamento multiuso projetado para promover brincadeiras de balan\u00e7o com movimento vai-e-vem, utilizando uma cadeira frontal. Destinado ao uso por cadeirantes, andantes e crian\u00e7as com defici\u00eancia motora, este m\u00f3dulo estimula, de maneira volunt\u00e1ria, a pr\u00e1tica de for\u00e7a muscular, agilidade, coordena\u00e7\u00e3o e equil\u00edbrio, caracter\u00edsticas fundamentais para a manuten\u00e7\u00e3o da musculatura, incentivando movimenta\u00e7\u00f5es f\u00edsicas e cognitivas.<\/p>\n<p>Dimens\u00f5es M\u00ednimas Aproximadas: 2,35 x 1,65 x 2,00 m. \u00c1rea de circula\u00e7\u00e3o de 3,20 x 3,50 m.<\/p>\n","protected":false},"featured_media":1911,"template":"","meta":[],"product_brand":[],"product_cat":[192],"product_tag":[888],"class_list":{"0":"post-1909","1":"product","2":"type-product","3":"status-publish","4":"has-post-thumbnail","6":"product_cat-brinquedos","7":"product_tag-a217","8":"pa_item-227","9":"pa_lote-219","10":"pa_marca-play-valle-balanco-frontal","11":"pa_n-ata-002-2024","12":"pa_pregao-eletronico-n-003-2024","13":"pa_processo-licitatorio-004-2024","14":"wcpv_product_vendors-vale-comercio-de-produtos-para-educacao-ltda","16":"first","17":"instock","18":"shipping-taxable","19":"purchasable","20":"product-type-simple"},"_links":{"self":[{"href":"https:\/\/bmsolucoesedu.com.br\/portal\/wp-json\/wp\/v2\/product\/1909","targetHints":{"allow":["GET"]}}],"collection":[{"href":"https:\/\/bmsolucoesedu.com.br\/portal\/wp-json\/wp\/v2\/product"}],"about":[{"href":"https:\/\/bmsolucoesedu.com.br\/portal\/wp-json\/wp\/v2\/types\/product"}],"wp:featuredmedia":[{"embeddable":true,"href":"https:\/\/bmsolucoesedu.com.br\/portal\/wp-json\/wp\/v2\/media\/1911"}],"wp:attachment":[{"href":"https:\/\/bmsolucoesedu.com.br\/portal\/wp-json\/wp\/v2\/media?parent=1909"}],"wp:term":[{"taxonomy":"product_brand","embeddable":true,"href":"https:\/\/bmsolucoesedu.com.br\/portal\/wp-json\/wp\/v2\/product_brand?post=1909"},{"taxonomy":"product_cat","embeddable":true,"href":"https:\/\/bmsolucoesedu.com.br\/portal\/wp-json\/wp\/v2\/product_cat?post=1909"},{"taxonomy":"product_tag","embeddable":true,"href":"https:\/\/bmsolucoesedu.com.br\/portal\/wp-json\/wp\/v2\/product_tag?post=1909"}],"curies":[{"name":"wp","href":"https:\/\/api.w.org\/{rel}","templated":true}]}}