{"id":1904,"date":"2024-10-10T19:22:47","date_gmt":"2024-10-10T22:22:47","guid":{"rendered":"https:\/\/bmsolucoesedu.com.br\/portal\/?post_type=product&#038;p=1904"},"modified":"2025-01-21T20:06:31","modified_gmt":"2025-01-21T23:06:31","slug":"conjunto-parqueplay-circuito-interativo-inclusivo-5","status":"publish","type":"product","link":"https:\/\/bmsolucoesedu.com.br\/portal\/produtos\/conjunto-parqueplay-circuito-interativo-inclusivo-5\/","title":{"rendered":"CONJUNTO PARQUEPLAY CIRCUITO INTERATIVO INCLUSIVO 5"},"content":{"rendered":"<div class=\"wpb-content-wrapper\"><p>[vc_row el_class=&#8221;m-b-md&#8221;][vc_column][vc_column_text css=&#8221;&#8221;]CONJUNTO PARQUEPLAY CIRCUITO INTERATIVO INCLUSIVO 5 (COM ACESSIBILIDADE PARA PNE) \u2013 M\u00f3dulos e acess\u00f3rios para montagem de equipamentos recreativos adapt\u00e1veis a qualquer tipo de piso e espa\u00e7o. <\/p>\n<p>Dimens\u00f5es aproximadas: 8,00 x 7,00 x 3,00 m, com \u00e1rea de circula\u00e7\u00e3o de 11,00 x 10,00 m.<\/p>\n<p>M\u00f3dulo Quadrado: Medida aproximada de 1,00 m\u00b2, com cobertura quadrada tipo pir\u00e2mide, em pe\u00e7as rotomoldadas em PEAD. Base monobloco em tubo de no m\u00ednimo 50 x 30 x 1,50 mm, para acomoda\u00e7\u00e3o do piso, revestido com placa de polietileno de 6 mm tipo xadrez nas cores verde, laranja ou vermelho antiderrapante, laminada em PEAD de no m\u00ednimo 0,8 mm. Inclui colunas de no m\u00ednimo 120 x 120 mm; guarda-corpo com conex\u00f5es adequadas, grades de seguran\u00e7a ou passagem \u00fanica.<\/p>\n<p>M\u00f3dulo Plataforma Acessibilidade (PNE): Medida m\u00ednima de 5,50 m\u00b2, sem cobertura, com v\u00e1rias entradas e sa\u00eddas para acoplamento de outros m\u00f3dulos e acess\u00f3rios. A plataforma deve ser revestida com placa de polietileno de 6 mm tipo xadrez nas cores verde, laranja ou vermelho antiderrapante, laminada em PEAD de no m\u00ednimo 0,8 mm, com placas laminadas antiderrapantes de PEAD de no m\u00ednimo 8 mm. Apoiada sobre base met\u00e1lica em tubos de sustenta\u00e7\u00e3o de se\u00e7\u00e3o quadrada de no m\u00ednimo 50 x 30 x 1,50 mm, pintados na cor a ser definida pela municipalidade. Inclui colunas de no m\u00ednimo 120 x 120 mm; guarda-corpo em a\u00e7o com conex\u00f5es adequadas, grades de seguran\u00e7a em tubo de no m\u00ednimo 22,22 mm e 25,40 mm com conex\u00f5es adequadas; passagem de uma crian\u00e7a por vez em tubo de no m\u00ednimo 31 mm e 38 mm em arcos arredondados. Demais acess\u00f3rios e pe\u00e7as met\u00e1licas devem ser galvanizadas, com pintura eletrost\u00e1tica a p\u00f3 em cores variadas. Altura m\u00ednima de 1,20 m at\u00e9 a plataforma e m\u00ednima de 3,20 m at\u00e9 o topo da cobertura.<\/p>\n<p>M\u00f3dulo Rampa Extensiva para Acessibilidade (PNE): Para uso infantil cadeirante, revestida com placa de polietileno de 6 mm tipo xadrez nas cores verde, laranja ou vermelho antiderrapante, laminada em PEAD de no m\u00ednimo 0,8 mm, com inclina\u00e7\u00e3o moderada de 25 graus. Corrim\u00e3o acess\u00edvel para apoio das m\u00e3os, medindo no m\u00ednimo 3,30 x 1,00 m, juntamente com uma cobertura parcial de no m\u00ednimo 1,50 x 1,00 x 2,00 m de altura. Fixados sobre arma\u00e7\u00e3o monobloco arqueada em tubo redondo de no m\u00ednimo 1\u2019\u2019, 1.1\/8\u2019\u2019, 7\/8\u2019\u2019, galvanizados e pintados na cor a ser definida pela municipalidade, com revestimento em placas de polietileno de no m\u00ednimo 4 mm. Passagem de uma crian\u00e7a por vez em tubo de no m\u00ednimo 38 mm, em arcos arredondados.<\/p>\n<p>M\u00f3dulo Escorregador Acessibilidade (PNE): Calha com entrada lateral e sa\u00edda lateral dupla em fiberglass, medindo no m\u00ednimo 2,20 m de comprimento x 1,30 m de largura, com assentamento no in\u00edcio e curva de desacelera\u00e7\u00e3o no final, juntamente com barra de seguran\u00e7a para auxiliar a passagem de uma crian\u00e7a por vez em tubo de no m\u00ednimo 31 mm a 38 mm, em arcos arredondados. <\/p>\n<p>M\u00f3dulo Tobog\u00e3 Semi Reto: Em pe\u00e7as rotomoldadas em PEAD, composto por no m\u00ednimo quatro pe\u00e7as: 01 painel dupla face, 01 tubo curvo de 30 graus, 01 tubo reto de no m\u00ednimo 1,20 m e 01 boca de sa\u00edda modelo (sliding), com desacelera\u00e7\u00e3o de 1,00 m, ambos com di\u00e2metro de 0,67 cm, proporcionando mobilidade e seguran\u00e7a ao final do percurso, medindo no m\u00ednimo 3,20 m.<\/p>\n<p>M\u00f3dulo (PNE) Painel L\u00fadico Tipo Jogo da Velha: Composto por no m\u00ednimo 09 pe\u00e7as girat\u00f3rias (X e O) fixadas em um painel dupla face em pe\u00e7as rotomoldadas em PEAD, medindo no m\u00ednimo 0,85 x 0,90 m de altura.<br \/>\nM\u00f3dulo (PNE) Painel L\u00fadico Tipo Carinha Feliz: Fixado em um painel dupla face em pe\u00e7as rotomoldadas em PEAD, medindo no m\u00ednimo 0,85 x 0,90 m de altura.<\/p>\n<p>M\u00f3dulo Escalada Inclinada: Revestido com placa de polietileno de 6 mm tipo xadrez nas cores verde, laranja ou vermelho antiderrapante, laminada em PEAD de no m\u00ednimo 0,8 mm, com pegadores em formato de tacos. Montada sob estrutura met\u00e1lica de no m\u00ednimo 50 mm x 30 mm x 1,50 m galvanizada com al\u00e7a lateral em tubo de 1\u2019\u2019. <\/p>\n<p>M\u00f3dulo Ponte Suspensa Reta: Em chapa xadrez colorida antiderrapante extrudada em PEAD de 0,8 mm, com estrutura principal em tubo 50 x 30 mm, com guarda-corpo em suas laterais em tubo de 1.1\/2\u2019\u2019 e 5\/8\u2019\u2019, medindo 1,70 x 0,75 x 0,80 m. <\/p>\n<p>M\u00f3dulo Balan\u00e7o Acessibilidade (PNE): Com dois assentos, sendo um juvenil e outro tipo cadeira em fiberglass estilo astronauta, com cinto de seguran\u00e7a de cinco pontas com regulagem e sistema antivandalismo instalado junto \u00e0 cadeira, evitando a remo\u00e7\u00e3o. <\/p>\n<p>M\u00f3dulo Escada de Acesso: Contendo 05 degraus em viga de madeira de reflorestamento tratada pelo processo de vacumpress\u00e3o, medindo no m\u00ednimo 1,37 m. Degraus medindo 60 x 15 x 0,5 cm para apoio dos p\u00e9s, e corrim\u00e3o em tubo de 1\u2019\u2019 para as m\u00e3os. Estrutura lateral em tubos de 50 x 30 x 1,50 mm, ambos galvanizados e pintados com pintura eletrost\u00e1tica. [\/vc_column_text][\/vc_column][\/vc_row]<\/p>\n<\/div>","protected":false},"excerpt":{"rendered":"<p>CONJUNTO PARQUEPLAY CIRCUITO INTERATIVO INCLUSIVO 5 (COM ACESSIBILIDADE PARA PNE) \u2013 M\u00f3dulos e acess\u00f3rios para montagem de equipamentos recreativos adapt\u00e1veis a qualquer tipo de piso e espa\u00e7o.<\/p>\n<p>Dimens\u00f5es aproximadas: 8,00 x 7,00 x 3,00 m, com \u00e1rea de circula\u00e7\u00e3o de 11,00 x 10,00 m.<\/p>\n","protected":false},"featured_media":1905,"template":"","meta":[],"product_brand":[],"product_cat":[192],"product_tag":[888],"class_list":{"0":"post-1904","1":"product","2":"type-product","3":"status-publish","4":"has-post-thumbnail","6":"product_cat-brinquedos","7":"product_tag-a217","8":"pa_item-216","9":"pa_lote-219","10":"pa_marca-play-valle-playpne-05","11":"pa_n-ata-002-2024","12":"pa_pregao-eletronico-n-003-2024","13":"pa_processo-licitatorio-004-2024","14":"wcpv_product_vendors-vale-comercio-de-produtos-para-educacao-ltda","16":"first","17":"instock","18":"shipping-taxable","19":"purchasable","20":"product-type-simple"},"_links":{"self":[{"href":"https:\/\/bmsolucoesedu.com.br\/portal\/wp-json\/wp\/v2\/product\/1904","targetHints":{"allow":["GET"]}}],"collection":[{"href":"https:\/\/bmsolucoesedu.com.br\/portal\/wp-json\/wp\/v2\/product"}],"about":[{"href":"https:\/\/bmsolucoesedu.com.br\/portal\/wp-json\/wp\/v2\/types\/product"}],"wp:featuredmedia":[{"embeddable":true,"href":"https:\/\/bmsolucoesedu.com.br\/portal\/wp-json\/wp\/v2\/media\/1905"}],"wp:attachment":[{"href":"https:\/\/bmsolucoesedu.com.br\/portal\/wp-json\/wp\/v2\/media?parent=1904"}],"wp:term":[{"taxonomy":"product_brand","embeddable":true,"href":"https:\/\/bmsolucoesedu.com.br\/portal\/wp-json\/wp\/v2\/product_brand?post=1904"},{"taxonomy":"product_cat","embeddable":true,"href":"https:\/\/bmsolucoesedu.com.br\/portal\/wp-json\/wp\/v2\/product_cat?post=1904"},{"taxonomy":"product_tag","embeddable":true,"href":"https:\/\/bmsolucoesedu.com.br\/portal\/wp-json\/wp\/v2\/product_tag?post=1904"}],"curies":[{"name":"wp","href":"https:\/\/api.w.org\/{rel}","templated":true}]}}