{"id":1900,"date":"2024-10-10T19:09:11","date_gmt":"2024-10-10T22:09:11","guid":{"rendered":"https:\/\/bmsolucoesedu.com.br\/portal\/?post_type=product&#038;p=1900"},"modified":"2025-01-21T20:06:31","modified_gmt":"2025-01-21T23:06:31","slug":"conjunto-parque-play-interativo-inclusivo-02","status":"publish","type":"product","link":"https:\/\/bmsolucoesedu.com.br\/portal\/produtos\/conjunto-parque-play-interativo-inclusivo-02\/","title":{"rendered":"CONJUNTO PARQUE PLAY INTERATIVO INCLUSIVO 02"},"content":{"rendered":"<div class=\"wpb-content-wrapper\"><p>[vc_row el_class=&#8221;m-b-md&#8221;][vc_column][vc_column_text css=&#8221;&#8221;]CONJUNTO PARQUE PLAY INTERATIVO INCLUSIVO 02 (COM ACESSIBILIDADE PARA PNE) \u2013 M\u00f3dulos e acess\u00f3rios para montagem de equipamentos recreativos adapt\u00e1veis a qualquer tipo de piso e espa\u00e7o. <\/p>\n<p>Medindo aproximadamente 5,00 x 2,50 x 3,00 m, com \u00e1rea de circula\u00e7\u00e3o de 7,00 x 4,50 m.<\/p>\n<p>M\u00f3dulo Quadrado: Medida aproximada de 1,00 m\u00b2, com cobertura quadrada tipo pir\u00e2mide, em pe\u00e7as roto moldadas em PEAD. Base monobloco em tubo de no m\u00ednimo 50 x 30 x 1,50 mm, para acomoda\u00e7\u00e3o do piso, revestido com placa de polietileno de 6 mm tipo xadrez nas cores verde, laranja ou vermelho antiderrapante, laminada em PEAD de no m\u00ednimo 0,8 mm. Inclui colunas de no m\u00ednimo 120 x 120 mm; guarda-corpo com conex\u00f5es adequadas, grades de seguran\u00e7a ou passagem \u00fanica, obedecendo aos requisitos das normas vigentes, com acess\u00f3rios para instala\u00e7\u00e3o.<\/p>\n<p>M\u00f3dulo Triangular: Medida m\u00ednima de 0,75 m\u00b2, sem cobertura. Base monobloco em tubo de no m\u00ednimo 50 x 30 x 1,50 mm, para acomoda\u00e7\u00e3o do piso, revestido com placa de polietileno de 6 mm tipo xadrez nas cores verde, laranja ou vermelho antiderrapante, laminada em PEAD de no m\u00ednimo 0,8 mm. Inclui colunas de no m\u00ednimo 120 x 120 mm; guarda-corpo com conex\u00f5es adequadas, grades de seguran\u00e7a ou passagem \u00fanica. Uma das colunas deve conter um floral tipo coqueiro, obedecendo aos requisitos das normas vigentes, com acess\u00f3rios para instala\u00e7\u00e3o.<\/p>\n<p>M\u00f3dulo Retangular de Acesso: Medida m\u00ednima de 0,50 m\u00b2, sem cobertura. Base monobloco em tubo de no m\u00ednimo 50 x 30 x 1,50 mm, para acomoda\u00e7\u00e3o do piso, revestido com placa de polietileno de 6 mm tipo xadrez nas cores verde, laranja ou vermelho antiderrapante, laminada em PEAD de no m\u00ednimo 0,8 mm. Inclui colunas de no m\u00ednimo 120 x 120 mm; guarda-corpo com conex\u00f5es adequadas, grades de seguran\u00e7a ou passagem \u00fanica, obedecendo aos requisitos das normas vigentes, com acess\u00f3rios para instala\u00e7\u00e3o.<\/p>\n<p>M\u00f3dulo Tobog\u00e3 Semi Reto: Em pe\u00e7as roto moldadas em PEAD, composto por no m\u00ednimo quatro pe\u00e7as: 01 painel dupla face, 01 tubo curvo de 30 graus, 01 tubo reto de no m\u00ednimo 1,20 m e 01 boca de sa\u00edda modelo (sliding), com desacelera\u00e7\u00e3o de 1,00 m, ambos com di\u00e2metro de 0,67 cm, proporcionando mobilidade e seguran\u00e7a ao final do percurso, medindo no m\u00ednimo 3,20 m. <\/p>\n<p>M\u00f3dulo (PNE) Painel L\u00fadico Tipo Jogo da Velha: Composto por no m\u00ednimo 09 pe\u00e7as girat\u00f3rias (X e O) fixadas em um painel dupla face em pe\u00e7as rotomoldadas em PEAD, medindo no m\u00ednimo 0,85 x 0,90 m de altura. Devem obedecer aos requisitos das normas vigentes, com acess\u00f3rios para instala\u00e7\u00e3o.<br \/>\nM\u00f3dulo (PNE) Painel L\u00fadico Tipo Carinha Feliz: Fixado em um painel dupla face em pe\u00e7as roto moldadas em PEAD, medindo no m\u00ednimo 0,85 x 0,90 m de altura. <\/p>\n<p>M\u00f3dulo Escalada Inclinada: Revestido com placa de polietileno de 6 mm tipo xadrez nas cores verde, laranja ou vermelho antiderrapante, laminada em PEAD de no m\u00ednimo 0,8 mm, com pegadores em formato de tacos. Montado sob estrutura met\u00e1lica no m\u00ednimo 50 mm x 30 mm x 1,50 m galvanizada com al\u00e7a lateral em tubo de 1\u2019\u2019.<\/p>\n<p>Os playgrounds com certifica\u00e7\u00e3o ABNT NBR 16071-2:2021[\/vc_column_text][\/vc_column][\/vc_row]<\/p>\n<\/div>","protected":false},"excerpt":{"rendered":"<p>CONJUNTO PARQUE PLAY INTERATIVO INCLUSIVO 02 (COM ACESSIBILIDADE PARA PNE) \u2013 M\u00f3dulos e acess\u00f3rios para montagem de equipamentos recreativos adapt\u00e1veis a qualquer tipo de piso e espa\u00e7o.<\/p>\n<p>Medindo aproximadamente 5,00 x 2,50 x 3,00 m, com \u00e1rea de circula\u00e7\u00e3o de 7,00 x 4,50 m.<\/p>\n<p>Os playgrounds com certifica\u00e7\u00e3o ABNT NBR 16071-2:2021<\/p>\n","protected":false},"featured_media":1901,"template":"","meta":[],"product_brand":[],"product_cat":[192],"product_tag":[888],"class_list":{"0":"post-1900","1":"product","2":"type-product","3":"status-publish","4":"has-post-thumbnail","6":"product_cat-brinquedos","7":"product_tag-a217","8":"pa_item-225","9":"pa_lote-219","10":"pa_marca-play-valle-playpne-02","11":"pa_n-ata-002-2024","12":"pa_pregao-eletronico-n-003-2024","13":"pa_processo-licitatorio-004-2024","14":"wcpv_product_vendors-vale-comercio-de-produtos-para-educacao-ltda","16":"first","17":"instock","18":"shipping-taxable","19":"purchasable","20":"product-type-simple"},"_links":{"self":[{"href":"https:\/\/bmsolucoesedu.com.br\/portal\/wp-json\/wp\/v2\/product\/1900","targetHints":{"allow":["GET"]}}],"collection":[{"href":"https:\/\/bmsolucoesedu.com.br\/portal\/wp-json\/wp\/v2\/product"}],"about":[{"href":"https:\/\/bmsolucoesedu.com.br\/portal\/wp-json\/wp\/v2\/types\/product"}],"wp:featuredmedia":[{"embeddable":true,"href":"https:\/\/bmsolucoesedu.com.br\/portal\/wp-json\/wp\/v2\/media\/1901"}],"wp:attachment":[{"href":"https:\/\/bmsolucoesedu.com.br\/portal\/wp-json\/wp\/v2\/media?parent=1900"}],"wp:term":[{"taxonomy":"product_brand","embeddable":true,"href":"https:\/\/bmsolucoesedu.com.br\/portal\/wp-json\/wp\/v2\/product_brand?post=1900"},{"taxonomy":"product_cat","embeddable":true,"href":"https:\/\/bmsolucoesedu.com.br\/portal\/wp-json\/wp\/v2\/product_cat?post=1900"},{"taxonomy":"product_tag","embeddable":true,"href":"https:\/\/bmsolucoesedu.com.br\/portal\/wp-json\/wp\/v2\/product_tag?post=1900"}],"curies":[{"name":"wp","href":"https:\/\/api.w.org\/{rel}","templated":true}]}}