{"id":1839,"date":"2024-09-30T11:21:14","date_gmt":"2024-09-30T14:21:14","guid":{"rendered":"https:\/\/bmsolucoesedu.com.br\/portal\/?post_type=product&#038;p=1839"},"modified":"2025-01-21T20:06:36","modified_gmt":"2025-01-21T23:06:36","slug":"gangorra-cavalinho","status":"publish","type":"product","link":"https:\/\/bmsolucoesedu.com.br\/portal\/produtos\/gangorra-cavalinho\/","title":{"rendered":"Gangorra Cavalinho"},"content":{"rendered":"<div class=\"wpb-content-wrapper\"><p>[vc_row el_class=&#8221;m-b-md&#8221;][vc_column][vc_column_text css=&#8221;&#8221;]Gangorra Cavalinho \u2013 Confeccionado em Polietileno Roto moldado com aditivos UV que permitem ficar exposto ao tempo sem perder a colora\u00e7\u00e3o, assento anat\u00f4mico em formato de cavalinho com pegadores em polietileno uniforme ao padr\u00e3o do molde, sem o uso de adapta\u00e7\u00f5es de manoplas e madeiras, olhos confeccionados em pl\u00e1stico acr\u00edlico com rosca de encaixe. Com base refor\u00e7ada para apoiar os p\u00e9s permitindo um balan\u00e7o suave e uniforme.<\/p>\n<p>Medidas aproximadas de:<br \/>\nComprimento: 900 mm x Largura: 280 mm x Altura: 480 mm<\/p>\n<p>Com conformidade com a norma NBR 300-1\/2011 e NBR 3003\/2011 com a Portaria 369\/07 &#8211; Certificado pelo INMETRO.[\/vc_column_text][\/vc_column][\/vc_row]<\/p>\n<\/div>","protected":false},"excerpt":{"rendered":"<p>Gangorra Cavalinho \u2013 Confeccionado em Polietileno Roto moldado com aditivos UV que permitem ficar exposto ao tempo sem perder a colora\u00e7\u00e3o, assento anat\u00f4mico em formato de cavalinho com pegadores em polietileno uniforme ao padr\u00e3o do molde, sem o uso de adapta\u00e7\u00f5es de manoplas e madeiras, olhos confeccionados em pl\u00e1stico acr\u00edlico com rosca de encaixe. Com base refor\u00e7ada para apoiar os p\u00e9s permitindo um balan\u00e7o suave e uniforme.<\/p>\n<p>Medidas aproximadas de:<br \/>\nComprimento: 900 mm x Largura: 280 mm x Altura: 480 mm<\/p>\n<p>Com conformidade com a norma NBR 300-1\/2011 e NBR 3003\/2011 com a Portaria 369\/07 &#8211; Certificado pelo INMETRO.<\/p>\n","protected":false},"featured_media":1840,"template":"","meta":[],"product_brand":[],"product_cat":[192],"product_tag":[888],"class_list":{"0":"post-1839","1":"product","2":"type-product","3":"status-publish","4":"has-post-thumbnail","6":"product_cat-brinquedos","7":"product_tag-a217","8":"pa_item-297","9":"pa_lote-217","10":"pa_marca-nabre-gangorra-cavalinho","11":"pa_n-ata-002-2024","12":"pa_pregao-eletronico-n-003-2024","13":"pa_processo-licitatorio-004-2024","14":"wcpv_product_vendors-vale-comercio-de-produtos-para-educacao-ltda","16":"first","17":"instock","18":"shipping-taxable","19":"purchasable","20":"product-type-simple"},"_links":{"self":[{"href":"https:\/\/bmsolucoesedu.com.br\/portal\/wp-json\/wp\/v2\/product\/1839","targetHints":{"allow":["GET"]}}],"collection":[{"href":"https:\/\/bmsolucoesedu.com.br\/portal\/wp-json\/wp\/v2\/product"}],"about":[{"href":"https:\/\/bmsolucoesedu.com.br\/portal\/wp-json\/wp\/v2\/types\/product"}],"wp:featuredmedia":[{"embeddable":true,"href":"https:\/\/bmsolucoesedu.com.br\/portal\/wp-json\/wp\/v2\/media\/1840"}],"wp:attachment":[{"href":"https:\/\/bmsolucoesedu.com.br\/portal\/wp-json\/wp\/v2\/media?parent=1839"}],"wp:term":[{"taxonomy":"product_brand","embeddable":true,"href":"https:\/\/bmsolucoesedu.com.br\/portal\/wp-json\/wp\/v2\/product_brand?post=1839"},{"taxonomy":"product_cat","embeddable":true,"href":"https:\/\/bmsolucoesedu.com.br\/portal\/wp-json\/wp\/v2\/product_cat?post=1839"},{"taxonomy":"product_tag","embeddable":true,"href":"https:\/\/bmsolucoesedu.com.br\/portal\/wp-json\/wp\/v2\/product_tag?post=1839"}],"curies":[{"name":"wp","href":"https:\/\/api.w.org\/{rel}","templated":true}]}}