{"id":1791,"date":"2024-09-29T16:35:34","date_gmt":"2024-09-29T19:35:34","guid":{"rendered":"https:\/\/bmsolucoesedu.com.br\/portal\/?post_type=product&#038;p=1791"},"modified":"2025-06-25T10:59:19","modified_gmt":"2025-06-25T13:59:19","slug":"conjunto-grande-circuito-com-40-pecas","status":"publish","type":"product","link":"https:\/\/bmsolucoesedu.com.br\/portal\/produtos\/conjunto-grande-circuito-com-40-pecas\/","title":{"rendered":"CONJUNTO GRANDE CIRCUITO"},"content":{"rendered":"<div class=\"wpb-content-wrapper\"><p>[vc_row el_class=&#8221;m-b-md&#8221;][vc_column][vc_column_text css=&#8221;&#8221;]CONJUNTO GRANDE CIRCUITO \u2013 CONJUNTO ORGANIZADO PARA OFERECER IN\u00daMERAS POSSIBILIDADES PEDAG\u00d3GICAS QUE ESTIMULEM O DESENVOLVIMENTO INFANTIL DOS ALUNOS DE 00 A 05 ANOS, A FIM DE ASSEGURAR ATIVIDADES PSICOMOTORAS EM TODAS AS \u00c1REAS: F\u00cdSICA, COGNITIVA LINGU\u00cdSTICA E S\u00d3CIO EMOCIONAL, POR MEIO DE ATIVIDADES PSICOMOTORAS, L\u00daDICAS E CRIATIVAS. O CONJUNTO DEVER\u00c1 SER FORMADO POR MODELOS E FORMAS VARIADAS DE DENSIDADE 20 OU 23, CONSIDERADAS APROPRIADAS, REVESTIDO EM TECIDO EMBORRACHADO RESISTENTE COM 0.40MM BAGUM OU SIMILAR, COM UMA COSTURA FORTE E DURADOURA FEITA EM TRANSPORTE DUPLO, COM ACABAMENTO EM ZIPER 06 OU SIMILAR, E VELCRO QUANDO NECESS\u00c1RIO, PARA FIXAR AS PE\u00c7AS, COM APROXIMADAMENTE 40 PE\u00c7AS SENDO:<br \/>\n\u2022 1 ESCADA MEDINDO APROXIMADAMENTE 60X60X30CM, 1 RAMPA MEDINDO APROXIMADAMENTE 60X60X30CM, 1 QUADRADO MEDINDO 60X60X5CM, 1 RET\u00c2NGULO MEDINDO APROXIMADAMENTE 1,20X60X5CM, 1 RET\u00c2NGULO MEDINDO APROXIMADAMENTE 1,20X80X5CM, 2 BASE U MEDINDO APROXIMADAMENTE 60X60X30CM, 1 CILINDRO MEDINDO APROXIMADAMENTE 40X40X10CM, 2 MEIOS PNEUS MEDINDO APROXIMADAMENTE 1,20X60X30CM,1 TRI\u00c2NGULO MEDINDO APROXIMADAMENTE 60X60X30CM, 1 SEMI C\u00cdRCULO 90 GRAUS MEDINDO APROXIMADAMENTE 1,20X60X20CM, 1 CILINDRO MEDINDO APROXIMADAMENTE 1,20X30X30CM, 2 BASE U MEDINDO APROXIMADAMENTE 60X30X30CM. 1 RAMPA MEDINDO APROXIMADAMENTE 40X30X10CM, 3 C\u00cdRCULOS COM BASE MEDINDO APROXIMADAMENTE 60X60X10CM, 1 LOMBADA MEDINDO APROXIMADAMENTE 60X60X30CM, 1 BAIXO RELEVO MEDINDO APROXIMADAMENTE 30X60X60CM, 1 TAPETE ONDULAR MEDINDO APROXIMADAMENTE 60X60X10CM. 1 CILINDRO MEDINDO APROXIMADAMENTE 70X30CM 1 CILINDRO MEDINDO APROXIMADAMENTE 70X20CM, 1 CILINDRO MEDINDO APROXIMADAMENTE 70X15CM,1 CILINDRO MEDINDO APROXIMADAMENTE 60X30CM, 1 RAMPA ONDULADA MEDINDO APROXIMADAMENTE 60X30X60CM, 1 BASE QUADRADA MEDINDO APROXIMADAMENTE 60X60X30CM,1 ESCADA MEDINDO APROXIMADAMENTE 60X60X30CM, 2 RAMPA MEDINDO APROXIMADAMENTE 60X60X30CM, 4 PAREDES VAZADAS MEDINDO APROXIMADAMENTE 60X60X8CM, 1 QUADRADO MEDINDO APROXIMADAMENTE 60X60X5CM, 4 TRI\u00c2NGULOS MEDINDO APROXIMADAMENTE 60X60X5CM. COM CERTIFICADO DE INMETRO. <\/p>\n<p>O CONJUNTO DISPONIBILIZA UM GUIA DE ORIENTA\u00c7\u00c3O METODOL\u00d3GICA PARA OS PROFESSORES CONTENDO TEXTO DE FUNDAMENTA\u00c7\u00c3O TE\u00d3RICA SOBRE A IMPORT\u00c2NCIA DO BRINCAR NA EDUCA\u00c7\u00c3O INFANTIL, BEM COMO ASPECTOS LEGAIS DA EDUCA\u00c7\u00c3O BRASILEIRA QUE APONTEM PARA OS ELEMENTOS CONSTITUTIVOS DA EDUCA\u00c7\u00c3O INFANTIL. O GUIA DE ORIENTA\u00c7\u00c3O METODOL\u00d3GICA APRESENTA NO M\u00cdNIMO 20 SEQU\u00caNCIAS DID\u00c1TICAS QUE DEVER\u00c3O CONTEMPLAR OS CAMPOS DE EXPERI\u00caNCIAS, A FAIXA ET\u00c1RIA INDICADA, OS OBJETIVOS DE APRENDIZAGEM, OS MATERIAIS PEDAG\u00d3GICOS NECESS\u00c1RIOS, O OBJETIVO\/INTENCIONALIDADE PEDAG\u00d3GICA, A DESCRI\u00c7\u00c3O DA SEQU\u00caNCIA DID\u00c1TICA, DICAS E POSSIBILIDADES DE VARIA\u00c7\u00d5ES, ENTRE OUTRAS INFORMA\u00c7\u00d5ES QUE ENRIQUECEM A PR\u00c1TICA PEDAG\u00d3GICA. O CONJUNTO DISPONIBILIZA APLICATIVO 3D CONTENDO MONTAGENS DOS RECURSOS PEDAG\u00d3GICOS PARA FACILITAR O ENTENDIMENTO E ORGANIZA\u00c7\u00c3O DOS ESPA\u00c7OS INTERNOS DE APRENDIZAGEM. O APP PARA DISPOSITIVOS ANDROID PROPORCIONA EXPERI\u00caNCIA IMERSIVA AOS USU\u00c1RIOS, COM O OBJETIVO DE EXPLORAR AS MONTAGENS COMPLETAS. O DIFERENCIAL EST\u00c1 NA FUNCIONALIDADE DE REALIDADE AUMENTADA, QUE PERMITE AOS USU\u00c1RIOS PROJETAR AS PE\u00c7AS E MONTAGENS EM ESCALA REAL DIRETAMENTE EM SEUS AMBIENTES. ASSIM, SER\u00c1 POSS\u00cdVEL INTERAGIR COM AS MONTAGENS COMO SE ESTIVESSEM REALMENTE PRESENTES NO ESPA\u00c7O F\u00cdSICO, ENRIQUECENDO A EXPERI\u00caNCIA DE VISUALIZA\u00c7\u00c3O E INTERA\u00c7\u00c3O. AL\u00c9M DO APLICATIVO 3D O CONJUNTO DISPONIBILIZA NO M\u00cdNIMO 20 V\u00cdDEOS FORMATIVOS E INSTRUCIONAIS COM ORIENTA\u00c7\u00d5ES SOBRE O POTENCIAL E A INTENCIONALIDADE PEDAG\u00d3GICA DOS RECURSOS DISCRIMINADOS NESTE ITEM. TAMB\u00c9M DEVER\u00c1 DISPONIBILIZAR FORMA\u00c7\u00c3O CONTINUADA DE PROFESSORES NA MODALIDADE 100% ONLINE, EM AMBIENTE VIRTUAL DE APRENDIZAGEM, PARA QUE O PROFESSOR CONHE\u00c7A O POTENCIAL DAS FERRAMENTAS PEDAG\u00d3GICAS E DEMAIS ORIENTA\u00c7\u00d5ES TE\u00d3RICAS E METODOL\u00d3GICAS QUE COLABOREM PARA A PLENA UTILIZA\u00c7\u00c3O DOS RECURSOS PEDAG\u00d3GICOS NO AMBIENTE ESCOLAR. BEM COMO, AS INSTRU\u00c7\u00d5ES DE MONTAGEM, MANUTEN\u00c7\u00c3O E CUIDADOS NA UTILIZA\u00c7\u00c3O NO INTUITO DE DURABILIDADE DOS RECURSOS PEDAG\u00d3GICOS.<br \/>\n[\/vc_column_text][\/vc_column][\/vc_row]<\/p>\n<\/div>","protected":false},"excerpt":{"rendered":"<p>CONJUNTO GRANDE CIRCUITO \u2013 CONJUNTO ORGANIZADO PARA OFERECER IN\u00daMERAS POSSIBILIDADES PEDAG\u00d3GICAS QUE ESTIMULEM O DESENVOLVIMENTO INFANTIL DOS ALUNOS DE 00 A 05 ANOS, A FIM DE ASSEGURAR ATIVIDADES PSICOMOTORAS EM TODAS AS \u00c1REAS: F\u00cdSICA, COGNITIVA LINGU\u00cdSTICA E S\u00d3CIO EMOCIONAL, POR MEIO DE ATIVIDADES PSICOMOTORAS, L\u00daDICAS E CRIATIVAS. O CONJUNTO DEVER\u00c1 SER FORMADO POR MODELOS E FORMAS VARIADAS DE DENSIDADE 20 OU 23, CONSIDERADAS APROPRIADAS, REVESTIDO EM TECIDO EMBORRACHADO RESISTENTE COM 0.40MM BAGUM OU SIMILAR, COM UMA COSTURA FORTE E DURADOURA FEITA EM TRANSPORTE DUPLO, COM ACABAMENTO EM ZIPER 06 OU SIMILAR, E VELCRO QUANDO NECESS\u00c1RIO, PARA FIXAR AS PE\u00c7AS, COM APROXIMADAMENTE 40 PE\u00c7AS SENDO:<br \/>\n\u2022 1 ESCADA MEDINDO APROXIMADAMENTE 60X60X30CM, 1 RAMPA MEDINDO APROXIMADAMENTE 60X60X30CM, 1 QUADRADO MEDINDO 60X60X5CM, 1 RET\u00c2NGULO MEDINDO APROXIMADAMENTE 1,20X60X5CM, 1 RET\u00c2NGULO MEDINDO APROXIMADAMENTE 1,20X80X5CM, 2 BASE U MEDINDO APROXIMADAMENTE 60X60X30CM, 1 CILINDRO MEDINDO APROXIMADAMENTE 40X40X10CM, 2 MEIOS PNEUS MEDINDO APROXIMADAMENTE 1,20X60X30CM,1 TRI\u00c2NGULO MEDINDO APROXIMADAMENTE 60X60X30CM, 1 SEMI C\u00cdRCULO 90 GRAUS MEDINDO APROXIMADAMENTE 1,20X60X20CM, 1 CILINDRO MEDINDO APROXIMADAMENTE 1,20X30X30CM, 2 BASE U MEDINDO APROXIMADAMENTE 60X30X30CM. 1 RAMPA MEDINDO APROXIMADAMENTE 40X30X10CM, 3 C\u00cdRCULOS COM BASE MEDINDO APROXIMADAMENTE 60X60X10CM, 1 LOMBADA MEDINDO APROXIMADAMENTE 60X60X30CM, 1 BAIXO RELEVO MEDINDO APROXIMADAMENTE 30X60X60CM, 1 TAPETE ONDULAR MEDINDO APROXIMADAMENTE 60X60X10CM. 1 CILINDRO MEDINDO APROXIMADAMENTE 70X30CM 1 CILINDRO MEDINDO APROXIMADAMENTE 70X20CM, 1 CILINDRO MEDINDO APROXIMADAMENTE 70X15CM,1 CILINDRO MEDINDO APROXIMADAMENTE 60X30CM, 1 RAMPA ONDULADA MEDINDO APROXIMADAMENTE 60X30X60CM, 1 BASE QUADRADA MEDINDO APROXIMADAMENTE 60X60X30CM,1 ESCADA MEDINDO APROXIMADAMENTE 60X60X30CM, 2 RAMPA MEDINDO APROXIMADAMENTE 60X60X30CM, 4 PAREDES VAZADAS MEDINDO APROXIMADAMENTE 60X60X8CM, 1 QUADRADO MEDINDO APROXIMADAMENTE 60X60X5CM, 4 TRI\u00c2NGULOS MEDINDO APROXIMADAMENTE 60X60X5CM. COM CERTIFICADO DE INMETRO.<\/p>\n<p>O CONJUNTO DISPONIBILIZA UM GUIA DE ORIENTA\u00c7\u00c3O METODOL\u00d3GICA PARA OS PROFESSORES CONTENDO TEXTO DE FUNDAMENTA\u00c7\u00c3O TE\u00d3RICA SOBRE A IMPORT\u00c2NCIA DO BRINCAR NA EDUCA\u00c7\u00c3O INFANTIL, BEM COMO ASPECTOS LEGAIS DA EDUCA\u00c7\u00c3O BRASILEIRA QUE APONTEM PARA OS ELEMENTOS CONSTITUTIVOS DA EDUCA\u00c7\u00c3O INFANTIL. O GUIA DE ORIENTA\u00c7\u00c3O METODOL\u00d3GICA APRESENTA NO M\u00cdNIMO 20 SEQU\u00caNCIAS DID\u00c1TICAS QUE DEVER\u00c3O CONTEMPLAR OS CAMPOS DE EXPERI\u00caNCIAS, A FAIXA ET\u00c1RIA INDICADA, OS OBJETIVOS DE APRENDIZAGEM, OS MATERIAIS PEDAG\u00d3GICOS NECESS\u00c1RIOS, O OBJETIVO\/INTENCIONALIDADE PEDAG\u00d3GICA, A DESCRI\u00c7\u00c3O DA SEQU\u00caNCIA DID\u00c1TICA, DICAS E POSSIBILIDADES DE VARIA\u00c7\u00d5ES, ENTRE OUTRAS INFORMA\u00c7\u00d5ES QUE ENRIQUECEM A PR\u00c1TICA PEDAG\u00d3GICA. O CONJUNTO DISPONIBILIZA APLICATIVO 3D CONTENDO MONTAGENS DOS RECURSOS PEDAG\u00d3GICOS PARA FACILITAR O ENTENDIMENTO E ORGANIZA\u00c7\u00c3O DOS ESPA\u00c7OS INTERNOS DE APRENDIZAGEM. O APP PARA DISPOSITIVOS ANDROID PROPORCIONA EXPERI\u00caNCIA IMERSIVA AOS USU\u00c1RIOS, COM O OBJETIVO DE EXPLORAR AS MONTAGENS COMPLETAS. O DIFERENCIAL EST\u00c1 NA FUNCIONALIDADE DE REALIDADE AUMENTADA, QUE PERMITE AOS USU\u00c1RIOS PROJETAR AS PE\u00c7AS E MONTAGENS EM ESCALA REAL DIRETAMENTE EM SEUS AMBIENTES. ASSIM, SER\u00c1 POSS\u00cdVEL INTERAGIR COM AS MONTAGENS COMO SE ESTIVESSEM REALMENTE PRESENTES NO ESPA\u00c7O F\u00cdSICO, ENRIQUECENDO A EXPERI\u00caNCIA DE VISUALIZA\u00c7\u00c3O E INTERA\u00c7\u00c3O. AL\u00c9M DO APLICATIVO 3D O CONJUNTO DISPONIBILIZA NO M\u00cdNIMO 20 V\u00cdDEOS FORMATIVOS E INSTRUCIONAIS COM ORIENTA\u00c7\u00d5ES SOBRE O POTENCIAL E A INTENCIONALIDADE PEDAG\u00d3GICA DOS RECURSOS DISCRIMINADOS NESTE ITEM. TAMB\u00c9M DEVER\u00c1 DISPONIBILIZAR FORMA\u00c7\u00c3O CONTINUADA DE PROFESSORES NA MODALIDADE 100% ONLINE, EM AMBIENTE VIRTUAL DE APRENDIZAGEM, PARA QUE O PROFESSOR CONHE\u00c7A O POTENCIAL DAS FERRAMENTAS PEDAG\u00d3GICAS E DEMAIS ORIENTA\u00c7\u00d5ES TE\u00d3RICAS E METODOL\u00d3GICAS QUE COLABOREM PARA A PLENA UTILIZA\u00c7\u00c3O DOS RECURSOS PEDAG\u00d3GICOS NO AMBIENTE ESCOLAR. BEM COMO, AS INSTRU\u00c7\u00d5ES DE MONTAGEM, MANUTEN\u00c7\u00c3O E CUIDADOS NA UTILIZA\u00c7\u00c3O NO INTUITO DE DURABILIDADE DOS RECURSOS PEDAG\u00d3GICOS.<\/p>\n","protected":false},"featured_media":5389,"template":"","meta":[],"product_brand":[],"product_cat":[424],"product_tag":[887],"class_list":{"0":"post-1791","1":"product","2":"type-product","3":"status-publish","4":"has-post-thumbnail","6":"product_cat-espumados","7":"product_tag-a221","8":"pa_item-218","9":"pa_lote-217","10":"pa_marca-masterbrink","11":"pa_n-ata-15-2024","12":"pa_pregao-pregao-eletronico-no-91-012-2024","13":"pa_processo-licitatorio-05060003-2024","14":"wcpv_product_vendors-lbt-comercio-de-equipamentos-educacionais-ltda","16":"first","17":"instock","18":"featured","19":"shipping-taxable","20":"purchasable","21":"product-type-simple"},"_links":{"self":[{"href":"https:\/\/bmsolucoesedu.com.br\/portal\/wp-json\/wp\/v2\/product\/1791","targetHints":{"allow":["GET"]}}],"collection":[{"href":"https:\/\/bmsolucoesedu.com.br\/portal\/wp-json\/wp\/v2\/product"}],"about":[{"href":"https:\/\/bmsolucoesedu.com.br\/portal\/wp-json\/wp\/v2\/types\/product"}],"wp:featuredmedia":[{"embeddable":true,"href":"https:\/\/bmsolucoesedu.com.br\/portal\/wp-json\/wp\/v2\/media\/5389"}],"wp:attachment":[{"href":"https:\/\/bmsolucoesedu.com.br\/portal\/wp-json\/wp\/v2\/media?parent=1791"}],"wp:term":[{"taxonomy":"product_brand","embeddable":true,"href":"https:\/\/bmsolucoesedu.com.br\/portal\/wp-json\/wp\/v2\/product_brand?post=1791"},{"taxonomy":"product_cat","embeddable":true,"href":"https:\/\/bmsolucoesedu.com.br\/portal\/wp-json\/wp\/v2\/product_cat?post=1791"},{"taxonomy":"product_tag","embeddable":true,"href":"https:\/\/bmsolucoesedu.com.br\/portal\/wp-json\/wp\/v2\/product_tag?post=1791"}],"curies":[{"name":"wp","href":"https:\/\/api.w.org\/{rel}","templated":true}]}}