{"id":1776,"date":"2024-09-26T20:06:10","date_gmt":"2024-09-26T23:06:10","guid":{"rendered":"https:\/\/bmsolucoesedu.com.br\/portal\/?post_type=product&#038;p=1776"},"modified":"2025-06-25T10:59:19","modified_gmt":"2025-06-25T13:59:19","slug":"conjunto-emocao-e-imaginacao-com-75-pecas","status":"publish","type":"product","link":"https:\/\/bmsolucoesedu.com.br\/portal\/produtos\/conjunto-emocao-e-imaginacao-com-75-pecas\/","title":{"rendered":"CONJUNTO EMO\u00c7\u00c3O E IMAGINA\u00c7\u00c3O"},"content":{"rendered":"<div class=\"wpb-content-wrapper\"><p>[vc_row el_class=&#8221;m-b-md&#8221;][vc_column][vc_column_text css=&#8221;&#8221;]CONJUNTO EMO\u00c7\u00c3O E IMAGINA\u00c7\u00c3O- ORGANIZADO PARA OFERECER IN\u00daMERAS POSSIBILIDADES PEDAG\u00d3GICAS A PARTIR DE HIST\u00d3RIAS, CONTOS, LENDAS, POESIAS E M\u00daSICAS PARA QUE OS ALUNOS EXPRESSEM SUAS EMO\u00c7\u00d5ES, VERBALIZEM SUAS FANTASIAS E EXPLORAREM CONHECIMENTOS, EXPERI\u00caNCIAS SENSORIAIS, COGNITIVAS E AFETIVAS, POR MEIO DE ATIVIDADES L\u00daDICAS, RODAS DE CONVERSAS, CONTA\u00c7\u00c3O DE HIST\u00d3RIAS EM AMBIENTE CONFORT\u00c1VEL, ESTIMULADOR E L\u00daDICO. O CONJUNTO FORMADO POR MODELOS E FORMAS VARIADAS DE DENSIDADE 20 OU 23, CONSIDERADAS APROPRIADAS, REVESTIDO EM TECIDO EMBORRACHADO RESISTENTE COM 0.40MM BAGUM OU SIMILAR, COM UMA COSTURA FORTE E DURADOURA FEITA EM TRANSPORTE DUPLO, COM ACABAMENTO EM Z\u00cdPER 06 OU SIMILAR, E VELCRO QUANDO NECESS\u00c1RIO, PARA FIXAR AS PE\u00c7AS, COM APROXIMADAMENTE 75 PE\u00c7AS SENDO:<br \/>\n\u2022 1 QUADRADO MULTICOLORIDO MEDINDO APROXIMADAMENTE 2,00X2,00X3CM, APLICADO SISTEMA DE MULTICORES.<br \/>\n\u2022 SALA DE CONTA\u00c7\u00c3O DE HIST\u00d3RIAS COM 5 PE\u00c7AS 1 ASSENTO MEDINDO APROXIMADAMENTE 1,50X50X50CM, 1 CILINDRO MEDINDO APROXIMADAMENTE 30X50X50CM, 2 TRI\u00c2NGULOS MEDINDO APROXIMADAMENTE 70X50X30CM, 1 ASSENTO MEDINDO APROXIMADAMENTE 1,00X50X50CM<br \/>\n\u2022 12 CILINDROS MEDINDO APROXIMADAMENTE 40X40X5CM, TODAS IMPRESSAS FRENTE E VERSO COM MOTIVOS EMO\u00c7\u00d5ES E ESCRITA.<br \/>\n\u2022 4 CILINDROS MEDINDO APROXIMADAMENTE 18X40X40CM TODAS IMPRESSAS COM MOTIVOS DE PROFISS\u00c3O CONTEMPLANDO UM QUEBRA-CABE\u00c7A COM 6 PROFISS\u00d5ES<br \/>\n\u2022 8 CUBOS MEDINDO APROXIMADAMENTE 10X10X10CM COM IMPRESS\u00c3O DE IMAGENS RELACIONADO AO QUEBRA CABE\u00c7A DE EMO\u00c7\u00d5ES E CARETAS, 4 RET\u00c2NGULOS MEDINDO 20X10X10CM COM IMPRESS\u00c3O DE IMAGENS RELACIONADO AO QUEBRA CABE\u00c7A DE EMO\u00c7\u00d5ES E CARETAS ACOMPANHA 36 CARTAS MEDINDO APROXIMADAMENTE 10X10CM EM PAPEL COUCH\u00ca 150G COLORIDO FRENTE E VERSO EMBALAGEM APROPRIADA EM PVC CRISTAL.<br \/>\n\u2022 DOMIN\u00d3 COM 28 RET\u00c2NGULOS MEDINDO APROXIMADAMENTE 35X20X3CM COM PONTOS COLORIDOS UMA DAS FACES MARCADA POR PONTOS INDICANDO VALORES NUM\u00c9RICOS.<br \/>\n\u2022 ROB\u00d4 GEOM\u00c9TRICO CONTENDO 1 QUADRADO MEDINDO APROXIMADAMENTE 10X10X10CM, 1 RET\u00c2NGULO MEDINDO APROXIMADAMENTE 20X12X10CM, 4 RET\u00c2NGULOS MEDINDO APROXIMADAMENTE 15X5X10CM, 2 RET\u00c2NGULOS MEDINDO APROXIMADAMENTE 10X5X5CM, 2 CILINDROS MEDINDO APROXIMADAMENTE 5X5X5CM.<br \/>\n\u2022 SALA DE CONTA\u00c7\u00c3O DE HIST\u00d3RIA MINI CONTENDO 3 PE\u00c7AS. 2 ASSENTOS COMPRIMIDO MEDINDO APROXIMADAMENTE 50X50X50CM 1 QUADRADO MEDINDO APROXIMADAMENTE 50X50X30CM. COM CERTIFICADO DE INMETRO. O CONJUNTO DISPONIBILIZA UM GUIA DE ORIENTA\u00c7\u00c3O METODOL\u00d3GICA PARA OS PROFESSORES CONTENDO TEXTO DE FUNDAMENTA\u00c7\u00c3O TE\u00d3RICA SOBRE A IMPORT\u00c2NCIA DO BRINCAR NA EDUCA\u00c7\u00c3O INFANTIL, BEM COMO ASPECTOS LEGAIS DA EDUCA\u00c7\u00c3O BRASILEIRA QUE APONTEM PARA OS ELEMENTOS CONSTITUTIVOS DA EDUCA\u00c7\u00c3O INFANTIL. O GUIA DE ORIENTA\u00c7\u00c3O METODOL\u00d3GICA APRESENTA NO M\u00cdNIMO 20 SEQU\u00caNCIAS DID\u00c1TICAS QUE CONTEMPLAM OS CAMPOS DE EXPERI\u00caNCIAS, A FAIXA ET\u00c1RIA INDICADA, OS OBJETIVOS DE APRENDIZAGEM, OS MATERIAIS PEDAG\u00d3GICOS NECESS\u00c1RIOS, O OBJETIVO\/INTENCIONALIDADE PEDAG\u00d3GICA, A DESCRI\u00c7\u00c3O DA SEQU\u00caNCIA DID\u00c1TICA, DICAS E POSSIBILIDADES DE VARIA\u00c7\u00d5ES, ENTRE OUTRAS INFORMA\u00c7\u00d5ES QUE ENRIQUECEM A PR\u00c1TICA PEDAG\u00d3GICA. <\/p>\n<p>O CONJUNTO DISPONIBILIZA APLICATIVO 3D CONTENDO MONTAGENS DOS RECURSOS PEDAG\u00d3GICOS PARA FACILITAR O ENTENDIMENTO E ORGANIZA\u00c7\u00c3O DOS ESPA\u00c7OS INTERNOS DE APRENDIZAGEM. O APP PARA DISPOSITIVOS ANDROID PROPORCIONA EXPERI\u00caNCIA IMERSIVA AOS USU\u00c1RIOS, COM O OBJETIVO DE EXPLORAR AS MONTAGENS COMPLETAS. O DIFERENCIAL ESTA NA FUNCIONALIDADE DE REALIDADE AUMENTADA, QUE PERMITE AOS USU\u00c1RIOS PROJETAR AS PE\u00c7AS E MONTAGENS EM ESCALA REAL DIRETAMENTE EM SEUS AMBIENTES. ASSIM, SER\u00c1 POSS\u00cdVEL INTERAGIR COM AS MONTAGENS COMO SE ESTIVESSEM REALMENTE PRESENTES NO ESPA\u00c7O F\u00cdSICO, ENRIQUECENDO A EXPERI\u00caNCIA DE VISUALIZA\u00c7\u00c3O E INTERA\u00c7\u00c3O. AL\u00c9M DO APLICATIVO 3D O CONJUNTO DISPONIBILIZA NO M\u00cdNIMO 20 V\u00cdDEOS FORMATIVOS E INSTRUCIONAIS COM ORIENTA\u00c7\u00d5ES SOBRE O POTENCIAL E A INTENCIONALIDADE PEDAG\u00d3GICA DOS RECURSOS DISCRIMINADOS NESTE ITEM. TAMB\u00c9M DISPONIBILIZA FORMA\u00c7\u00c3O CONTINUADA DE PROFESSORES NA MODALIDADE 100% ONLINE, EM AMBIENTE VIRTUAL DE APRENDIZAGEM, PARA QUE O PROFESSOR CONHE\u00c7A O POTENCIAL DAS FERRAMENTAS PEDAG\u00d3GICAS E DEMAIS ORIENTA\u00c7\u00d5ES TE\u00d3RICAS E METODOL\u00d3GICAS QUE COLABOREM PARA A PLENA UTILIZA\u00c7\u00c3O DOS RECURSOS PEDAG\u00d3GICOS NO AMBIENTE ESCOLAR. BEM COMO, AS INSTRU\u00c7\u00d5ES DE MONTAGEM, MANUTEN\u00c7\u00c3O E CUIDADOS NA UTILIZA\u00c7\u00c3O NO INTUITO DE DURABILIDADE DOS RECURSOS PEDAG\u00d3GICOS.[\/vc_column_text][\/vc_column][\/vc_row]<\/p>\n<\/div>","protected":false},"excerpt":{"rendered":"<p>CONJUNTO EMO\u00c7\u00c3O E IMAGINA\u00c7\u00c3O- ORGANIZADO PARA OFERECER IN\u00daMERAS POSSIBILIDADES PEDAG\u00d3GICAS A PARTIR DE HIST\u00d3RIAS, CONTOS, LENDAS, POESIAS E M\u00daSICAS PARA QUE OS ALUNOS EXPRESSEM SUAS EMO\u00c7\u00d5ES, VERBALIZEM SUAS FANTASIAS E EXPLORAREM CONHECIMENTOS, EXPERI\u00caNCIAS SENSORIAIS, COGNITIVAS E AFETIVAS, POR MEIO DE ATIVIDADES L\u00daDICAS, RODAS DE CONVERSAS, CONTA\u00c7\u00c3O DE HIST\u00d3RIAS EM AMBIENTE CONFORT\u00c1VEL, ESTIMULADOR E L\u00daDICO. O CONJUNTO FORMADO POR MODELOS E FORMAS VARIADAS DE DENSIDADE 20 OU 23, CONSIDERADAS APROPRIADAS, REVESTIDO EM TECIDO EMBORRACHADO RESISTENTE COM 0.40MM BAGUM OU SIMILAR, COM UMA COSTURA FORTE E DURADOURA FEITA EM TRANSPORTE DUPLO, COM ACABAMENTO EM Z\u00cdPER 06 OU SIMILAR, E VELCRO QUANDO NECESS\u00c1RIO, PARA FIXAR AS PE\u00c7AS, COM APROXIMADAMENTE 75 PE\u00c7AS SENDO:<br \/>\n\u2022 1 QUADRADO MULTICOLORIDO MEDINDO APROXIMADAMENTE 2,00X2,00X3CM, APLICADO SISTEMA DE MULTICORES.<br \/>\n\u2022 SALA DE CONTA\u00c7\u00c3O DE HIST\u00d3RIAS COM 5 PE\u00c7AS 1 ASSENTO MEDINDO APROXIMADAMENTE 1,50X50X50CM, 1 CILINDRO MEDINDO APROXIMADAMENTE 30X50X50CM, 2 TRI\u00c2NGULOS MEDINDO APROXIMADAMENTE 70X50X30CM, 1 ASSENTO MEDINDO APROXIMADAMENTE 1,00X50X50CM<br \/>\n\u2022 12 CILINDROS MEDINDO APROXIMADAMENTE 40X40X5CM, TODAS IMPRESSAS FRENTE E VERSO COM MOTIVOS EMO\u00c7\u00d5ES E ESCRITA.<br \/>\n\u2022 4 CILINDROS MEDINDO APROXIMADAMENTE 18X40X40CM TODAS IMPRESSAS COM MOTIVOS DE PROFISS\u00c3O CONTEMPLANDO UM QUEBRA-CABE\u00c7A COM 6 PROFISS\u00d5ES<br \/>\n\u2022 8 CUBOS MEDINDO APROXIMADAMENTE 10X10X10CM COM IMPRESS\u00c3O DE IMAGENS RELACIONADO AO QUEBRA CABE\u00c7A DE EMO\u00c7\u00d5ES E CARETAS, 4 RET\u00c2NGULOS MEDINDO 20X10X10CM COM IMPRESS\u00c3O DE IMAGENS RELACIONADO AO QUEBRA CABE\u00c7A DE EMO\u00c7\u00d5ES E CARETAS ACOMPANHA 36 CARTAS MEDINDO APROXIMADAMENTE 10X10CM EM PAPEL COUCH\u00ca 150G COLORIDO FRENTE E VERSO EMBALAGEM APROPRIADA EM PVC CRISTAL.<br \/>\n\u2022 DOMIN\u00d3 COM 28 RET\u00c2NGULOS MEDINDO APROXIMADAMENTE 35X20X3CM COM PONTOS COLORIDOS UMA DAS FACES MARCADA POR PONTOS INDICANDO VALORES NUM\u00c9RICOS.<br \/>\n\u2022 ROB\u00d4 GEOM\u00c9TRICO CONTENDO 1 QUADRADO MEDINDO APROXIMADAMENTE 10X10X10CM, 1 RET\u00c2NGULO MEDINDO APROXIMADAMENTE 20X12X10CM, 4 RET\u00c2NGULOS MEDINDO APROXIMADAMENTE 15X5X10CM, 2 RET\u00c2NGULOS MEDINDO APROXIMADAMENTE 10X5X5CM, 2 CILINDROS MEDINDO APROXIMADAMENTE 5X5X5CM.<br \/>\n\u2022 SALA DE CONTA\u00c7\u00c3O DE HIST\u00d3RIA MINI CONTENDO 3 PE\u00c7AS. 2 ASSENTOS COMPRIMIDO MEDINDO APROXIMADAMENTE 50X50X50CM 1 QUADRADO MEDINDO APROXIMADAMENTE 50X50X30CM. COM CERTIFICADO DE INMETRO. O CONJUNTO DISPONIBILIZA UM GUIA DE ORIENTA\u00c7\u00c3O METODOL\u00d3GICA PARA OS PROFESSORES CONTENDO TEXTO DE FUNDAMENTA\u00c7\u00c3O TE\u00d3RICA SOBRE A IMPORT\u00c2NCIA DO BRINCAR NA EDUCA\u00c7\u00c3O INFANTIL, BEM COMO ASPECTOS LEGAIS DA EDUCA\u00c7\u00c3O BRASILEIRA QUE APONTEM PARA OS ELEMENTOS CONSTITUTIVOS DA EDUCA\u00c7\u00c3O INFANTIL. O GUIA DE ORIENTA\u00c7\u00c3O METODOL\u00d3GICA APRESENTA NO M\u00cdNIMO 20 SEQU\u00caNCIAS DID\u00c1TICAS QUE CONTEMPLAM OS CAMPOS DE EXPERI\u00caNCIAS, A FAIXA ET\u00c1RIA INDICADA, OS OBJETIVOS DE APRENDIZAGEM, OS MATERIAIS PEDAG\u00d3GICOS NECESS\u00c1RIOS, O OBJETIVO\/INTENCIONALIDADE PEDAG\u00d3GICA, A DESCRI\u00c7\u00c3O DA SEQU\u00caNCIA DID\u00c1TICA, DICAS E POSSIBILIDADES DE VARIA\u00c7\u00d5ES, ENTRE OUTRAS INFORMA\u00c7\u00d5ES QUE ENRIQUECEM A PR\u00c1TICA PEDAG\u00d3GICA.<\/p>\n<p>O CONJUNTO DISPONIBILIZA APLICATIVO 3D CONTENDO MONTAGENS DOS RECURSOS PEDAG\u00d3GICOS PARA FACILITAR O ENTENDIMENTO E ORGANIZA\u00c7\u00c3O DOS ESPA\u00c7OS INTERNOS DE APRENDIZAGEM. O APP PARA DISPOSITIVOS ANDROID PROPORCIONA EXPERI\u00caNCIA IMERSIVA AOS USU\u00c1RIOS, COM O OBJETIVO DE EXPLORAR AS MONTAGENS COMPLETAS. O DIFERENCIAL ESTA NA FUNCIONALIDADE DE REALIDADE AUMENTADA, QUE PERMITE AOS USU\u00c1RIOS PROJETAR AS PE\u00c7AS E MONTAGENS EM ESCALA REAL DIRETAMENTE EM SEUS AMBIENTES. ASSIM, SER\u00c1 POSS\u00cdVEL INTERAGIR COM AS MONTAGENS COMO SE ESTIVESSEM REALMENTE PRESENTES NO ESPA\u00c7O F\u00cdSICO, ENRIQUECENDO A EXPERI\u00caNCIA DE VISUALIZA\u00c7\u00c3O E INTERA\u00c7\u00c3O. AL\u00c9M DO APLICATIVO 3D O CONJUNTO DISPONIBILIZA NO M\u00cdNIMO 20 V\u00cdDEOS FORMATIVOS E INSTRUCIONAIS COM ORIENTA\u00c7\u00d5ES SOBRE O POTENCIAL E A INTENCIONALIDADE PEDAG\u00d3GICA DOS RECURSOS DISCRIMINADOS NESTE ITEM. TAMB\u00c9M DISPONIBILIZA FORMA\u00c7\u00c3O CONTINUADA DE PROFESSORES NA MODALIDADE 100% ONLINE, EM AMBIENTE VIRTUAL DE APRENDIZAGEM, PARA QUE O PROFESSOR CONHE\u00c7A O POTENCIAL DAS FERRAMENTAS PEDAG\u00d3GICAS E DEMAIS ORIENTA\u00c7\u00d5ES TE\u00d3RICAS E METODOL\u00d3GICAS QUE COLABOREM PARA A PLENA UTILIZA\u00c7\u00c3O DOS RECURSOS PEDAG\u00d3GICOS NO AMBIENTE ESCOLAR. BEM COMO, AS INSTRU\u00c7\u00d5ES DE MONTAGEM, MANUTEN\u00c7\u00c3O E CUIDADOS NA UTILIZA\u00c7\u00c3O NO INTUITO DE DURABILIDADE DOS RECURSOS PEDAG\u00d3GICOS.<\/p>\n","protected":false},"featured_media":5386,"template":"","meta":[],"product_brand":[],"product_cat":[424],"product_tag":[887],"class_list":{"0":"post-1776","1":"product","2":"type-product","3":"status-publish","4":"has-post-thumbnail","6":"product_cat-espumados","7":"product_tag-a221","8":"pa_item-220","9":"pa_lote-217","10":"pa_marca-masterbrink","11":"pa_n-ata-15-2024","12":"pa_pregao-pregao-eletronico-no-91-012-2024","13":"pa_processo-licitatorio-05060003-2024","14":"wcpv_product_vendors-lbt-comercio-de-equipamentos-educacionais-ltda","16":"first","17":"instock","18":"shipping-taxable","19":"purchasable","20":"product-type-simple"},"_links":{"self":[{"href":"https:\/\/bmsolucoesedu.com.br\/portal\/wp-json\/wp\/v2\/product\/1776","targetHints":{"allow":["GET"]}}],"collection":[{"href":"https:\/\/bmsolucoesedu.com.br\/portal\/wp-json\/wp\/v2\/product"}],"about":[{"href":"https:\/\/bmsolucoesedu.com.br\/portal\/wp-json\/wp\/v2\/types\/product"}],"wp:featuredmedia":[{"embeddable":true,"href":"https:\/\/bmsolucoesedu.com.br\/portal\/wp-json\/wp\/v2\/media\/5386"}],"wp:attachment":[{"href":"https:\/\/bmsolucoesedu.com.br\/portal\/wp-json\/wp\/v2\/media?parent=1776"}],"wp:term":[{"taxonomy":"product_brand","embeddable":true,"href":"https:\/\/bmsolucoesedu.com.br\/portal\/wp-json\/wp\/v2\/product_brand?post=1776"},{"taxonomy":"product_cat","embeddable":true,"href":"https:\/\/bmsolucoesedu.com.br\/portal\/wp-json\/wp\/v2\/product_cat?post=1776"},{"taxonomy":"product_tag","embeddable":true,"href":"https:\/\/bmsolucoesedu.com.br\/portal\/wp-json\/wp\/v2\/product_tag?post=1776"}],"curies":[{"name":"wp","href":"https:\/\/api.w.org\/{rel}","templated":true}]}}