{"id":1770,"date":"2024-09-26T19:36:06","date_gmt":"2024-09-26T22:36:06","guid":{"rendered":"https:\/\/bmsolucoesedu.com.br\/portal\/?post_type=product&#038;p=1770"},"modified":"2025-01-21T18:37:24","modified_gmt":"2025-01-21T21:37:24","slug":"sequencia-de-cores","status":"publish","type":"product","link":"https:\/\/bmsolucoesedu.com.br\/portal\/produtos\/sequencia-de-cores\/","title":{"rendered":"SEQU\u00caNCIA DE CORES"},"content":{"rendered":"<div class=\"wpb-content-wrapper\"><p>[vc_row el_class=&#8221;m-b-md&#8221;][vc_column][vc_column_text css=&#8221;&#8221;]SEQU\u00caNCIA DE CORES &#8211; PAINEL CONFECCIONADO EM MADEIRA MDF BRANCO DE 6MM COM BASE EM MADEIRA MACI\u00c7A NATURAL DE 15MM, CONTENDO 12 PINOS DE MADEIRA COLORIDOS (3 AZUIS, 3 AMARELOS, 3 VERMELHOS E 3 VERDES) PINTADOS COM TINTA AT\u00d3XICA. ACOMPANHA 18 FICHAS CONFECCIONADAS EM MDF DE 2,8MM COM AS INDICA\u00c7\u00d5ES DAS SEQU\u00caNCIAS DE CORES QUE A CRIAN\u00c7A DEVER\u00c1 AGRUPAR. <\/p>\n<p>MEDIDAS APROXIMADAS: FICHAS: 5X8XCM. PAINEL:25X18CM.<br \/>\nACONDICIONADO EM EMBALAGEM DE PAPEL\u00c3O. [\/vc_column_text][\/vc_column][\/vc_row]<\/p>\n<\/div>","protected":false},"excerpt":{"rendered":"<p>SEQU\u00caNCIA DE CORES &#8211; PAINEL CONFECCIONADO EM MADEIRA MDF BRANCO DE 6MM COM BASE EM MADEIRA MACI\u00c7A NATURAL DE 15MM, CONTENDO 12 PINOS DE MADEIRA COLORIDOS (3 AZUIS, 3 AMARELOS, 3 VERMELHOS E 3 VERDES) PINTADOS COM TINTA AT\u00d3XICA. ACOMPANHA 18 FICHAS CONFECCIONADAS EM MDF DE 2,8MM COM AS INDICA\u00c7\u00d5ES DAS SEQU\u00caNCIAS DE CORES QUE A CRIAN\u00c7A DEVER\u00c1 AGRUPAR.<\/p>\n<p>MEDIDAS APROXIMADAS: FICHAS: 5X8XCM. PAINEL:25X18CM.<br \/>\nACONDICIONADO EM EMBALAGEM DE PAPEL\u00c3O.<\/p>\n","protected":false},"featured_media":1771,"template":"","meta":[],"product_brand":[],"product_cat":[192],"product_tag":[886],"class_list":{"0":"post-1770","1":"product","2":"type-product","3":"status-publish","4":"has-post-thumbnail","6":"product_cat-brinquedos","7":"product_tag-a184","8":"pa_item-413","9":"pa_lote-219","10":"pa_marca-maxi-toys-modelo-ref-115","11":"pa_n-ata-16-2024","12":"pa_pregao-pregao-eletronico-no-91-012-2024","13":"pa_processo-licitatorio-05060003-2024","14":"wcpv_product_vendors-smart-toys-comercio-de-brinquedos-ltda","16":"first","17":"instock","18":"shipping-taxable","19":"purchasable","20":"product-type-simple"},"_links":{"self":[{"href":"https:\/\/bmsolucoesedu.com.br\/portal\/wp-json\/wp\/v2\/product\/1770","targetHints":{"allow":["GET"]}}],"collection":[{"href":"https:\/\/bmsolucoesedu.com.br\/portal\/wp-json\/wp\/v2\/product"}],"about":[{"href":"https:\/\/bmsolucoesedu.com.br\/portal\/wp-json\/wp\/v2\/types\/product"}],"wp:featuredmedia":[{"embeddable":true,"href":"https:\/\/bmsolucoesedu.com.br\/portal\/wp-json\/wp\/v2\/media\/1771"}],"wp:attachment":[{"href":"https:\/\/bmsolucoesedu.com.br\/portal\/wp-json\/wp\/v2\/media?parent=1770"}],"wp:term":[{"taxonomy":"product_brand","embeddable":true,"href":"https:\/\/bmsolucoesedu.com.br\/portal\/wp-json\/wp\/v2\/product_brand?post=1770"},{"taxonomy":"product_cat","embeddable":true,"href":"https:\/\/bmsolucoesedu.com.br\/portal\/wp-json\/wp\/v2\/product_cat?post=1770"},{"taxonomy":"product_tag","embeddable":true,"href":"https:\/\/bmsolucoesedu.com.br\/portal\/wp-json\/wp\/v2\/product_tag?post=1770"}],"curies":[{"name":"wp","href":"https:\/\/api.w.org\/{rel}","templated":true}]}}