{"id":1764,"date":"2024-09-26T19:06:43","date_gmt":"2024-09-26T22:06:43","guid":{"rendered":"https:\/\/bmsolucoesedu.com.br\/portal\/?post_type=product&#038;p=1764"},"modified":"2025-01-21T18:37:24","modified_gmt":"2025-01-21T21:37:24","slug":"quebra-cabeca-dinossauros-com-10-quebra-cabecas","status":"publish","type":"product","link":"https:\/\/bmsolucoesedu.com.br\/portal\/produtos\/quebra-cabeca-dinossauros-com-10-quebra-cabecas\/","title":{"rendered":"QUEBRA-CABE\u00c7A DINOSSAUROS &#8211; COM 10 QUEBRA-CABE\u00c7AS"},"content":{"rendered":"<div class=\"wpb-content-wrapper\"><p>[vc_row el_class=&#8221;m-b-md&#8221;][vc_column][vc_column_text css=&#8221;&#8221;]QUEBRA CABE\u00c7A DINOSSAUROS &#8211; CONJUNTO CONTENDO 10 QUEBRA-CABE\u00c7AS COM A IMAGEM E O NOME DOS DINOSSAUROS, ONDE CADA PE\u00c7A MEDE APROXIMADAMENTE 20X20X0,28CM. S\u00c3O CONFECCIONADOS EM MDF E IMPRESSO EM POLICROMIA. <\/p>\n<p>APRESENTA DIFERENTES RECORTES: 4, 6 E 9 PE\u00c7AS.<br \/>\nACONDICIONADO EM CAIXA DE MADEIRA.[\/vc_column_text][\/vc_column][\/vc_row]<\/p>\n<\/div>","protected":false},"excerpt":{"rendered":"<p>QUEBRA-CABE\u00c7A DINOSSAUROS &#8211; CONJUNTO CONTENDO 10 QUEBRA-CABE\u00c7AS COM A IMAGEM E O NOME DOS DINOSSAUROS, ONDE CADA PE\u00c7A MEDE APROXIMADAMENTE 20X20X0,28CM. S\u00c3O CONFECCIONADOS EM MDF E IMPRESSO EM POLICROMIA.<\/p>\n<p>APRESENTA DIFERENTES RECORTES: 4, 6 E 9 PE\u00c7AS.<br \/>\nACONDICIONADO EM CAIXA DE MADEIRA.<\/p>\n","protected":false},"featured_media":1765,"template":"","meta":[],"product_brand":[],"product_cat":[192],"product_tag":[886],"class_list":{"0":"post-1764","1":"product","2":"type-product","3":"status-publish","4":"has-post-thumbnail","6":"product_cat-brinquedos","7":"product_tag-a184","8":"pa_item-407","9":"pa_lote-219","10":"pa_marca-maxi-toys-modelo-quebra-cabeca-dinossauros","11":"pa_n-ata-16-2024","12":"pa_pregao-pregao-eletronico-no-91-012-2024","13":"pa_processo-licitatorio-05060003-2024","14":"wcpv_product_vendors-smart-toys-comercio-de-brinquedos-ltda","16":"first","17":"instock","18":"shipping-taxable","19":"purchasable","20":"product-type-simple"},"_links":{"self":[{"href":"https:\/\/bmsolucoesedu.com.br\/portal\/wp-json\/wp\/v2\/product\/1764","targetHints":{"allow":["GET"]}}],"collection":[{"href":"https:\/\/bmsolucoesedu.com.br\/portal\/wp-json\/wp\/v2\/product"}],"about":[{"href":"https:\/\/bmsolucoesedu.com.br\/portal\/wp-json\/wp\/v2\/types\/product"}],"wp:featuredmedia":[{"embeddable":true,"href":"https:\/\/bmsolucoesedu.com.br\/portal\/wp-json\/wp\/v2\/media\/1765"}],"wp:attachment":[{"href":"https:\/\/bmsolucoesedu.com.br\/portal\/wp-json\/wp\/v2\/media?parent=1764"}],"wp:term":[{"taxonomy":"product_brand","embeddable":true,"href":"https:\/\/bmsolucoesedu.com.br\/portal\/wp-json\/wp\/v2\/product_brand?post=1764"},{"taxonomy":"product_cat","embeddable":true,"href":"https:\/\/bmsolucoesedu.com.br\/portal\/wp-json\/wp\/v2\/product_cat?post=1764"},{"taxonomy":"product_tag","embeddable":true,"href":"https:\/\/bmsolucoesedu.com.br\/portal\/wp-json\/wp\/v2\/product_tag?post=1764"}],"curies":[{"name":"wp","href":"https:\/\/api.w.org\/{rel}","templated":true}]}}