{"id":1752,"date":"2024-09-26T16:32:11","date_gmt":"2024-09-26T19:32:11","guid":{"rendered":"https:\/\/bmsolucoesedu.com.br\/portal\/?post_type=product&#038;p=1752"},"modified":"2025-01-21T18:37:25","modified_gmt":"2025-01-21T21:37:25","slug":"memoria-tatil-de-figuras-geometricas-com-20-pecas","status":"publish","type":"product","link":"https:\/\/bmsolucoesedu.com.br\/portal\/produtos\/memoria-tatil-de-figuras-geometricas-com-20-pecas\/","title":{"rendered":"MEM\u00d3RIA T\u00c1TIL DE FIGURAS GEOM\u00c9TRICAS &#8211; COM 20 PE\u00c7AS"},"content":{"rendered":"<div class=\"wpb-content-wrapper\"><p>[vc_row el_class=&#8221;m-b-md&#8221;][vc_column][vc_column_text css=&#8221;&#8221;]MEM\u00d3RIA T\u00c1TIL DE FIGURAS GEOM\u00c9TRICAS &#8211; CONJUNTO CONTENDO 20 PE\u00c7AS COM AS FIGURAS EM ALTO RELEVO. CONFECCIONADO EM MADEIRA OU PL\u00c1STICO. ACONDICIONADO EM CAIXA COM TAMPA DO MESMO MATERIAL. <\/p>\n<p>MEDIDAS APROXIMADAS DE CADA PE\u00c7A: 5 CM X 5 CM X 0,4 CM. [\/vc_column_text][\/vc_column][\/vc_row]<\/p>\n<\/div>","protected":false},"excerpt":{"rendered":"<p>MEM\u00d3RIA T\u00c1TIL DE FIGURAS GEOM\u00c9TRICAS &#8211; CONJUNTO CONTENDO 20 PE\u00c7AS COM AS FIGURAS EM ALTO RELEVO. CONFECCIONADO EM MADEIRA OU PL\u00c1STICO. ACONDICIONADO EM CAIXA COM TAMPA DO MESMO MATERIAL.<\/p>\n<p>MEDIDAS APROXIMADAS DE CADA PE\u00c7A: 5 CM X 5 CM X 0,4 CM.<\/p>\n","protected":false},"featured_media":1753,"template":"","meta":[],"product_brand":[],"product_cat":[192],"product_tag":[886],"class_list":{"0":"post-1752","1":"product","2":"type-product","3":"status-publish","4":"has-post-thumbnail","6":"product_cat-brinquedos","7":"product_tag-a184","8":"pa_item-395","9":"pa_lote-219","10":"pa_marca-maxi-toys-modelo-ref-28","11":"pa_n-ata-16-2024","12":"pa_pregao-pregao-eletronico-no-91-012-2024","13":"pa_processo-licitatorio-05060003-2024","14":"wcpv_product_vendors-smart-toys-comercio-de-brinquedos-ltda","16":"first","17":"instock","18":"shipping-taxable","19":"purchasable","20":"product-type-simple"},"_links":{"self":[{"href":"https:\/\/bmsolucoesedu.com.br\/portal\/wp-json\/wp\/v2\/product\/1752","targetHints":{"allow":["GET"]}}],"collection":[{"href":"https:\/\/bmsolucoesedu.com.br\/portal\/wp-json\/wp\/v2\/product"}],"about":[{"href":"https:\/\/bmsolucoesedu.com.br\/portal\/wp-json\/wp\/v2\/types\/product"}],"wp:featuredmedia":[{"embeddable":true,"href":"https:\/\/bmsolucoesedu.com.br\/portal\/wp-json\/wp\/v2\/media\/1753"}],"wp:attachment":[{"href":"https:\/\/bmsolucoesedu.com.br\/portal\/wp-json\/wp\/v2\/media?parent=1752"}],"wp:term":[{"taxonomy":"product_brand","embeddable":true,"href":"https:\/\/bmsolucoesedu.com.br\/portal\/wp-json\/wp\/v2\/product_brand?post=1752"},{"taxonomy":"product_cat","embeddable":true,"href":"https:\/\/bmsolucoesedu.com.br\/portal\/wp-json\/wp\/v2\/product_cat?post=1752"},{"taxonomy":"product_tag","embeddable":true,"href":"https:\/\/bmsolucoesedu.com.br\/portal\/wp-json\/wp\/v2\/product_tag?post=1752"}],"curies":[{"name":"wp","href":"https:\/\/api.w.org\/{rel}","templated":true}]}}