{"id":1748,"date":"2024-09-26T15:01:57","date_gmt":"2024-09-26T18:01:57","guid":{"rendered":"https:\/\/bmsolucoesedu.com.br\/portal\/?post_type=product&#038;p=1748"},"modified":"2025-01-21T18:37:25","modified_gmt":"2025-01-21T21:37:25","slug":"material-dourado-com-611-pecas","status":"publish","type":"product","link":"https:\/\/bmsolucoesedu.com.br\/portal\/produtos\/material-dourado-com-611-pecas\/","title":{"rendered":"MATERIAL DOURADO &#8211; COM 611 PE\u00c7AS"},"content":{"rendered":"<div class=\"wpb-content-wrapper\"><p>[vc_row el_class=&#8221;m-b-md&#8221;][vc_column][vc_column_text css=&#8221;&#8221;]MATERIAL DOURADO COM 611 PE\u00c7AS, CONJUNTO CONFECCIONADO EM MADEIRA MACI\u00c7A NATURAL, CONTENDO 611 PE\u00c7AS QUE CONSISTEM EM:<br \/>\n01 CUBO (MILHAR)<br \/>\n10 PLACAS (CENTENAS)<br \/>\n100 PRISMAS (DEZENAS)<br \/>\n500 CUBINHOS (UNIDADES) <\/p>\n<p>ACONDICIONADOS EM CAIXA DE MADEIRA MEDINDO APROXIMADAMENTE: 23X23X13CM.[\/vc_column_text][\/vc_column][\/vc_row]<\/p>\n<\/div>","protected":false},"excerpt":{"rendered":"<p>MATERIAL DOURADO COM 611 PE\u00c7AS, CONJUNTO CONFECCIONADO EM MADEIRA MACI\u00c7A NATURAL, CONTENDO 611 PE\u00c7AS QUE CONSISTEM EM:<br \/>\n01 CUBO (MILHAR)<br \/>\n10 PLACAS (CENTENAS)<br \/>\n100 PRISMAS (DEZENAS)<br \/>\n500 CUBINHOS (UNIDADES)<\/p>\n<p>ACONDICIONADOS EM CAIXA DE MADEIRA MEDINDO APROXIMADAMENTE: 23X23X13CM.<\/p>\n","protected":false},"featured_media":1749,"template":"","meta":[],"product_brand":[],"product_cat":[192],"product_tag":[886],"class_list":{"0":"post-1748","1":"product","2":"type-product","3":"status-publish","4":"has-post-thumbnail","6":"product_cat-brinquedos","7":"product_tag-a184","8":"pa_item-391","9":"pa_lote-219","10":"pa_marca-maxi-toys-modelo-ref-59a","11":"pa_n-ata-16-2024","12":"pa_pregao-pregao-eletronico-no-91-012-2024","13":"pa_processo-licitatorio-05060003-2024","14":"wcpv_product_vendors-smart-toys-comercio-de-brinquedos-ltda","16":"first","17":"instock","18":"shipping-taxable","19":"purchasable","20":"product-type-simple"},"_links":{"self":[{"href":"https:\/\/bmsolucoesedu.com.br\/portal\/wp-json\/wp\/v2\/product\/1748","targetHints":{"allow":["GET"]}}],"collection":[{"href":"https:\/\/bmsolucoesedu.com.br\/portal\/wp-json\/wp\/v2\/product"}],"about":[{"href":"https:\/\/bmsolucoesedu.com.br\/portal\/wp-json\/wp\/v2\/types\/product"}],"wp:featuredmedia":[{"embeddable":true,"href":"https:\/\/bmsolucoesedu.com.br\/portal\/wp-json\/wp\/v2\/media\/1749"}],"wp:attachment":[{"href":"https:\/\/bmsolucoesedu.com.br\/portal\/wp-json\/wp\/v2\/media?parent=1748"}],"wp:term":[{"taxonomy":"product_brand","embeddable":true,"href":"https:\/\/bmsolucoesedu.com.br\/portal\/wp-json\/wp\/v2\/product_brand?post=1748"},{"taxonomy":"product_cat","embeddable":true,"href":"https:\/\/bmsolucoesedu.com.br\/portal\/wp-json\/wp\/v2\/product_cat?post=1748"},{"taxonomy":"product_tag","embeddable":true,"href":"https:\/\/bmsolucoesedu.com.br\/portal\/wp-json\/wp\/v2\/product_tag?post=1748"}],"curies":[{"name":"wp","href":"https:\/\/api.w.org\/{rel}","templated":true}]}}