{"id":1600,"date":"2024-09-17T21:02:41","date_gmt":"2024-09-18T00:02:41","guid":{"rendered":"https:\/\/bmsolucoesedu.com.br\/portal\/?post_type=product&#038;p=1600"},"modified":"2025-01-21T18:37:25","modified_gmt":"2025-01-21T21:37:25","slug":"forme-formas-com-500-pecas","status":"publish","type":"product","link":"https:\/\/bmsolucoesedu.com.br\/portal\/produtos\/forme-formas-com-500-pecas\/","title":{"rendered":"FORME FORMAS &#8211; COM 500 PE\u00c7AS"},"content":{"rendered":"<div class=\"wpb-content-wrapper\"><p>[vc_row el_class=&#8221;m-b-md&#8221;][vc_column][vc_column_text css=&#8221;&#8221;]FORME FORMAS &#8211; CONJUNTO DE ENCAIXE POR CLICK CONFECCIONADO EM PL\u00c1STICO AT\u00d3XICO DE ALTO BRILHO, CONTENDO 500 PE\u00c7AS DE DIMENS\u00d5ES SEGURAS, PARA QUE N\u00c3O SEJAM ENGOLIDAS.<br \/>\nPE\u00c7AS NOS FORMATOS: BARRAS COM TR\u00caS ENCAIXES, BARRAS COM DOIS ENCAIXES, MEIA LUA E PE\u00c7AS NO FORMATO U.<\/p>\n<p>MEDIDAS APROXIMADAS DAS PE\u00c7AS VARIANDO ENTRE: PE\u00c7A MAIOR 15CM E PE\u00c7A MENOR 06CM.<br \/>\nACONDICIONADO EM SACOLA DE PVC COM Z\u00cdPER E AL\u00c7A.  [\/vc_column_text][\/vc_column][\/vc_row]<\/p>\n<\/div>","protected":false},"excerpt":{"rendered":"<p>FORME FORMAS &#8211; CONJUNTO DE ENCAIXE POR CLICK CONFECCIONADO EM PL\u00c1STICO AT\u00d3XICO DE ALTO BRILHO, CONTENDO 500 PE\u00c7AS DE DIMENS\u00d5ES SEGURAS, PARA QUE N\u00c3O SEJAM ENGOLIDAS.<br \/>\nPE\u00c7AS NOS FORMATOS: BARRAS COM TR\u00caS ENCAIXES, BARRAS COM DOIS ENCAIXES, MEIA LUA E PE\u00c7AS NO FORMATO U.<\/p>\n<p>MEDIDAS APROXIMADAS DAS PE\u00c7AS VARIANDO ENTRE: PE\u00c7A MAIOR 15CM E PE\u00c7A MENOR 06CM.<br \/>\nACONDICIONADO EM SACOLA DE PVC COM Z\u00cdPER E AL\u00c7A.<\/p>\n","protected":false},"featured_media":1601,"template":"","meta":[],"product_brand":[],"product_cat":[192],"product_tag":[886],"class_list":{"0":"post-1600","1":"product","2":"type-product","3":"status-publish","4":"has-post-thumbnail","6":"product_cat-brinquedos","7":"product_tag-a184","8":"pa_item-362","9":"pa_lote-219","10":"pa_marca-maxi-toys-modelo-sacolao-forme-formas","11":"pa_n-ata-16-2024","12":"pa_pregao-pregao-eletronico-no-91-012-2024","13":"pa_processo-licitatorio-05060003-2024","14":"wcpv_product_vendors-smart-toys-comercio-de-brinquedos-ltda","16":"first","17":"instock","18":"shipping-taxable","19":"purchasable","20":"product-type-simple"},"_links":{"self":[{"href":"https:\/\/bmsolucoesedu.com.br\/portal\/wp-json\/wp\/v2\/product\/1600","targetHints":{"allow":["GET"]}}],"collection":[{"href":"https:\/\/bmsolucoesedu.com.br\/portal\/wp-json\/wp\/v2\/product"}],"about":[{"href":"https:\/\/bmsolucoesedu.com.br\/portal\/wp-json\/wp\/v2\/types\/product"}],"wp:featuredmedia":[{"embeddable":true,"href":"https:\/\/bmsolucoesedu.com.br\/portal\/wp-json\/wp\/v2\/media\/1601"}],"wp:attachment":[{"href":"https:\/\/bmsolucoesedu.com.br\/portal\/wp-json\/wp\/v2\/media?parent=1600"}],"wp:term":[{"taxonomy":"product_brand","embeddable":true,"href":"https:\/\/bmsolucoesedu.com.br\/portal\/wp-json\/wp\/v2\/product_brand?post=1600"},{"taxonomy":"product_cat","embeddable":true,"href":"https:\/\/bmsolucoesedu.com.br\/portal\/wp-json\/wp\/v2\/product_cat?post=1600"},{"taxonomy":"product_tag","embeddable":true,"href":"https:\/\/bmsolucoesedu.com.br\/portal\/wp-json\/wp\/v2\/product_tag?post=1600"}],"curies":[{"name":"wp","href":"https:\/\/api.w.org\/{rel}","templated":true}]}}