{"id":1558,"date":"2024-09-17T08:24:14","date_gmt":"2024-09-17T11:24:14","guid":{"rendered":"https:\/\/bmsolucoesedu.com.br\/portal\/?post_type=product&#038;p=1558"},"modified":"2025-01-21T18:37:29","modified_gmt":"2025-01-21T21:37:29","slug":"conj-maxi-blocos-com-25-pecas","status":"publish","type":"product","link":"https:\/\/bmsolucoesedu.com.br\/portal\/produtos\/conj-maxi-blocos-com-25-pecas\/","title":{"rendered":"CONJ. MAXI BLOCOS &#8211; COM 25 PE\u00c7AS"},"content":{"rendered":"<div class=\"wpb-content-wrapper\"><p>[vc_row el_class=&#8221;m-b-md&#8221;][vc_column][vc_column_text css=&#8221;&#8221;]CONJ. MAXI BLOCOS &#8211; COM 25 PE\u00c7AS &#8211; CONJUNTO BLOCOS CONFECCIONADO EM PL\u00c1STICO POLIPROPILENO AT\u00d3XICO DE ALTO BRILHO COM PE\u00c7AS GRANDES E COLORIDAS. CONT\u00c9M 25 PE\u00c7AS DE DIMENS\u00d5ES SEGURAS, PARA QUE N\u00c3O SEJAM ENGOLIDAS. <\/p>\n<p>MEDIDAS APROXIMADAS:<br \/>\nPE\u00c7A MAIOR: 20 CM X 10 CM X 10 CM E PE\u00c7A MENOR: 10 CM X 5 CM X 5 CM.<br \/>\nACONDICIONADO EM SACOLA DE PVC CRISTAL COM Z\u00cdPER E AL\u00c7A.[\/vc_column_text][\/vc_column][\/vc_row]<\/p>\n<\/div>","protected":false},"excerpt":{"rendered":"<p>CONJ. MAXI BLOCOS &#8211; COM 25 PE\u00c7AS &#8211; CONJUNTO BLOCOS CONFECCIONADO EM PL\u00c1STICO POLIPROPILENO AT\u00d3XICO DE ALTO BRILHO COM PE\u00c7AS GRANDES E COLORIDAS. CONT\u00c9M 25 PE\u00c7AS DE DIMENS\u00d5ES SEGURAS, PARA QUE N\u00c3O SEJAM ENGOLIDAS.<\/p>\n<p>MEDIDAS APROXIMADAS:<br \/>\nPE\u00c7A MAIOR: 20 CM X 10 CM X 10 CM E PE\u00c7A MENOR: 10 CM X 5 CM X 5 CM.<br \/>\nACONDICIONADO EM SACOLA DE PVC CRISTAL COM Z\u00cdPER E AL\u00c7A.<\/p>\n","protected":false},"featured_media":1559,"template":"","meta":[],"product_brand":[],"product_cat":[192],"product_tag":[886],"class_list":{"0":"post-1558","1":"product","2":"type-product","3":"status-publish","4":"has-post-thumbnail","6":"product_cat-brinquedos","7":"product_tag-a184","8":"pa_item-321","9":"pa_lote-219","10":"pa_marca-maxi-toys-modelo-ref-13","11":"pa_n-ata-16-2024","12":"pa_pregao-pregao-eletronico-no-91-012-2024","13":"pa_processo-licitatorio-05060003-2024","14":"wcpv_product_vendors-smart-toys-comercio-de-brinquedos-ltda","16":"first","17":"instock","18":"shipping-taxable","19":"purchasable","20":"product-type-simple"},"_links":{"self":[{"href":"https:\/\/bmsolucoesedu.com.br\/portal\/wp-json\/wp\/v2\/product\/1558","targetHints":{"allow":["GET"]}}],"collection":[{"href":"https:\/\/bmsolucoesedu.com.br\/portal\/wp-json\/wp\/v2\/product"}],"about":[{"href":"https:\/\/bmsolucoesedu.com.br\/portal\/wp-json\/wp\/v2\/types\/product"}],"wp:featuredmedia":[{"embeddable":true,"href":"https:\/\/bmsolucoesedu.com.br\/portal\/wp-json\/wp\/v2\/media\/1559"}],"wp:attachment":[{"href":"https:\/\/bmsolucoesedu.com.br\/portal\/wp-json\/wp\/v2\/media?parent=1558"}],"wp:term":[{"taxonomy":"product_brand","embeddable":true,"href":"https:\/\/bmsolucoesedu.com.br\/portal\/wp-json\/wp\/v2\/product_brand?post=1558"},{"taxonomy":"product_cat","embeddable":true,"href":"https:\/\/bmsolucoesedu.com.br\/portal\/wp-json\/wp\/v2\/product_cat?post=1558"},{"taxonomy":"product_tag","embeddable":true,"href":"https:\/\/bmsolucoesedu.com.br\/portal\/wp-json\/wp\/v2\/product_tag?post=1558"}],"curies":[{"name":"wp","href":"https:\/\/api.w.org\/{rel}","templated":true}]}}