{"id":1534,"date":"2024-09-16T18:11:27","date_gmt":"2024-09-16T21:11:27","guid":{"rendered":"https:\/\/bmsolucoesedu.com.br\/portal\/?post_type=product&#038;p=1534"},"modified":"2025-01-21T18:37:30","modified_gmt":"2025-01-21T21:37:30","slug":"boneco-menino-negro-com-genitalia","status":"publish","type":"product","link":"https:\/\/bmsolucoesedu.com.br\/portal\/produtos\/boneco-menino-negro-com-genitalia\/","title":{"rendered":"BONECO MENINO NEGRO COM GENIT\u00c1LIA"},"content":{"rendered":"<div class=\"wpb-content-wrapper\"><p>[vc_row el_class=&#8221;m-b-md&#8221;][vc_column][vc_column_text css=&#8221;&#8221;]BONECO MENINO NEGRO COM GENIT\u00c1LIA &#8211; BONECO CONFECCIONADO EM VINIL AT\u00d3XICO, CONTENDO MEMBROS ARTICULADOS, CABE\u00c7A COM OLHOS MOVEIS QUE ABREM E FECHAM E O CABELO DEVER\u00c1 SER IMPLANTADO EM NYLON. O CORPO APRESENTA GENIT\u00c1LIA MASCULINA, ACOMPANHADA DE MACAC\u00c3O EM ALGOD\u00c3O COSTURADO, COM POSSIBILIDADE DE P\u00d4R E TIRAR DO BONECO, AL\u00c9M DE 01 PAR DE MEIAS E 01 PAR DE SAPATO EM VINIL.<\/p>\n<p>MEDINDO APROXIMADAMENTE 28CM.<br \/>\nACONDICIONADO EM EMBALAGEM PL\u00c1STICA[\/vc_column_text][\/vc_column][\/vc_row]<\/p>\n<\/div>","protected":false},"excerpt":{"rendered":"<p>BONECO MENINO BRANCO COM GENIT\u00c1LIA &#8211; BONECO CONFECCIONADO EM VINIL AT\u00d3XICO, CONTENDO MEMBROS ARTICULADOS, CABE\u00c7A COM OLHOS MOVEIS QUE ABREM E FECHAM E O CABELO DEVER\u00c1 SER IMPLANTADO EM NYLON. O CORPO APRESENTA GENIT\u00c1LIA MASCULINA, ACOMPANHADA DE MACAC\u00c3O EM ALGOD\u00c3O COSTURADO, COM POSSIBILIDADE DE P\u00d4R E TIRAR DO BONECO, AL\u00c9M DE 01 PAR DE MEIAS E 01 PAR DE SAPATO EM VINIL.<\/p>\n<p>MEDINDO APROXIMADAMENTE 28CM.<br \/>\nACONDICIONADO EM EMBALAGEM PL\u00c1STICA<\/p>\n","protected":false},"featured_media":1535,"template":"","meta":[],"product_brand":[],"product_cat":[192],"product_tag":[886],"class_list":{"0":"post-1534","1":"product","2":"type-product","3":"status-publish","4":"has-post-thumbnail","6":"product_cat-brinquedos","7":"product_tag-a184","8":"pa_item-296","9":"pa_lote-219","10":"pa_marca-maxi-toys-modelo-ref-151","11":"pa_n-ata-16-2024","12":"pa_pregao-pregao-eletronico-no-91-012-2024","13":"pa_processo-licitatorio-05060003-2024","14":"wcpv_product_vendors-smart-toys-comercio-de-brinquedos-ltda","16":"first","17":"instock","18":"shipping-taxable","19":"purchasable","20":"product-type-simple"},"_links":{"self":[{"href":"https:\/\/bmsolucoesedu.com.br\/portal\/wp-json\/wp\/v2\/product\/1534","targetHints":{"allow":["GET"]}}],"collection":[{"href":"https:\/\/bmsolucoesedu.com.br\/portal\/wp-json\/wp\/v2\/product"}],"about":[{"href":"https:\/\/bmsolucoesedu.com.br\/portal\/wp-json\/wp\/v2\/types\/product"}],"wp:featuredmedia":[{"embeddable":true,"href":"https:\/\/bmsolucoesedu.com.br\/portal\/wp-json\/wp\/v2\/media\/1535"}],"wp:attachment":[{"href":"https:\/\/bmsolucoesedu.com.br\/portal\/wp-json\/wp\/v2\/media?parent=1534"}],"wp:term":[{"taxonomy":"product_brand","embeddable":true,"href":"https:\/\/bmsolucoesedu.com.br\/portal\/wp-json\/wp\/v2\/product_brand?post=1534"},{"taxonomy":"product_cat","embeddable":true,"href":"https:\/\/bmsolucoesedu.com.br\/portal\/wp-json\/wp\/v2\/product_cat?post=1534"},{"taxonomy":"product_tag","embeddable":true,"href":"https:\/\/bmsolucoesedu.com.br\/portal\/wp-json\/wp\/v2\/product_tag?post=1534"}],"curies":[{"name":"wp","href":"https:\/\/api.w.org\/{rel}","templated":true}]}}