{"id":1524,"date":"2024-09-16T16:50:52","date_gmt":"2024-09-16T19:50:52","guid":{"rendered":"https:\/\/bmsolucoesedu.com.br\/portal\/?post_type=product&#038;p=1524"},"modified":"2025-01-21T18:37:30","modified_gmt":"2025-01-21T21:37:30","slug":"boneca-bebe-branca","status":"publish","type":"product","link":"https:\/\/bmsolucoesedu.com.br\/portal\/produtos\/boneca-bebe-branca\/","title":{"rendered":"BONECA BEB\u00ca BRANCA"},"content":{"rendered":"<div class=\"wpb-content-wrapper\"><p>[vc_row el_class=&#8221;m-b-md&#8221;][vc_column][vc_column_text css=&#8221;&#8221;]BONECA BEB\u00ca BRANCA &#8211; COM CABE\u00c7A E MEMBROS CONFECCIONADOS EM VINIL AT\u00d3XICO E LAV\u00c1VEL, CORPO EM ALGOD\u00c3O E ENCHIMENTO EM<br \/>\nMANTA ACR\u00cdLICA. DEVER\u00c1 ACOMPANHAR MACAC\u00c3O EM ALGOD\u00c3O ANTIAL\u00c9RGICO, COM POSSIBILIDADE DE P\u00d4R E TIRAR DA BONECA E FITA NA CABE\u00c7A EM PLUSH. A BONECA DEVER\u00c1 VIR ACOMPANHADA POR: MAMADEIRA, CHUPETA E PENICO, TODOS EM PL\u00c1STICO AT\u00d3XICO.<br \/>\nDIMENS\u00d5ES: BONECA DE APROXIMADAMENTE 50CM.<br \/>\nEMBALAGEM PL\u00c1STICA[\/vc_column_text][\/vc_column][\/vc_row]<\/p>\n<\/div>","protected":false},"excerpt":{"rendered":"<p>BONECA BEB\u00ca BRANCA &#8211; COM CABE\u00c7A E MEMBROS CONFECCIONADOS EM VINIL AT\u00d3XICO E LAV\u00c1VEL, CORPO EM ALGOD\u00c3O E ENCHIMENTO EM<br \/>\nMANTA ACR\u00cdLICA. DEVER\u00c1 ACOMPANHAR MACAC\u00c3O EM ALGOD\u00c3O ANTIAL\u00c9RGICO, COM POSSIBILIDADE DE P\u00d4R E TIRAR DA BONECA E FITA NA CABE\u00c7A EM PLUSH. A BONECA DEVER\u00c1 VIR ACOMPANHADA POR: MAMADEIRA, CHUPETA E PENICO, TODOS EM PL\u00c1STICO AT\u00d3XICO.<br \/>\nDIMENS\u00d5ES: BONECA DE APROXIMADAMENTE 50CM.<br \/>\nEMBALAGEM PL\u00c1STICA<\/p>\n","protected":false},"featured_media":1525,"template":"","meta":[],"product_brand":[],"product_cat":[192],"product_tag":[886],"class_list":{"0":"post-1524","1":"product","2":"type-product","3":"status-publish","4":"has-post-thumbnail","6":"product_cat-brinquedos","7":"product_tag-a184","8":"pa_item-285","9":"pa_lote-219","10":"pa_marca-maxi-toys-modelo-ref-154","11":"pa_n-ata-16-2024","12":"pa_pregao-pregao-eletronico-no-91-012-2024","13":"pa_processo-licitatorio-05060003-2024","14":"wcpv_product_vendors-smart-toys-comercio-de-brinquedos-ltda","16":"first","17":"instock","18":"shipping-taxable","19":"purchasable","20":"product-type-simple"},"_links":{"self":[{"href":"https:\/\/bmsolucoesedu.com.br\/portal\/wp-json\/wp\/v2\/product\/1524","targetHints":{"allow":["GET"]}}],"collection":[{"href":"https:\/\/bmsolucoesedu.com.br\/portal\/wp-json\/wp\/v2\/product"}],"about":[{"href":"https:\/\/bmsolucoesedu.com.br\/portal\/wp-json\/wp\/v2\/types\/product"}],"wp:featuredmedia":[{"embeddable":true,"href":"https:\/\/bmsolucoesedu.com.br\/portal\/wp-json\/wp\/v2\/media\/1525"}],"wp:attachment":[{"href":"https:\/\/bmsolucoesedu.com.br\/portal\/wp-json\/wp\/v2\/media?parent=1524"}],"wp:term":[{"taxonomy":"product_brand","embeddable":true,"href":"https:\/\/bmsolucoesedu.com.br\/portal\/wp-json\/wp\/v2\/product_brand?post=1524"},{"taxonomy":"product_cat","embeddable":true,"href":"https:\/\/bmsolucoesedu.com.br\/portal\/wp-json\/wp\/v2\/product_cat?post=1524"},{"taxonomy":"product_tag","embeddable":true,"href":"https:\/\/bmsolucoesedu.com.br\/portal\/wp-json\/wp\/v2\/product_tag?post=1524"}],"curies":[{"name":"wp","href":"https:\/\/api.w.org\/{rel}","templated":true}]}}