{"id":1516,"date":"2024-09-16T16:12:44","date_gmt":"2024-09-16T19:12:44","guid":{"rendered":"https:\/\/bmsolucoesedu.com.br\/portal\/?post_type=product&#038;p=1516"},"modified":"2025-01-21T18:37:30","modified_gmt":"2025-01-21T21:37:30","slug":"blocos-alfanumericos-com-540-pecas","status":"publish","type":"product","link":"https:\/\/bmsolucoesedu.com.br\/portal\/produtos\/blocos-alfanumericos-com-540-pecas\/","title":{"rendered":"BLOCOS ALFANUM\u00c9RICOS &#8211; COM 540 PE\u00c7AS"},"content":{"rendered":"<div class=\"wpb-content-wrapper\"><p>[vc_row el_class=&#8221;m-b-md&#8221;][vc_column][vc_column_text css=&#8221;&#8221;]BLOCOS ALFANUM\u00c9RICOS &#8211; COM 540 PE\u00c7AS &#8211; CONJUNTO CONFECCIONADO EM PL\u00c1STICO R\u00cdGIDO, COLORIDO E AT\u00d3XICO COM ENCAIXE TIPO \u201cMACHO E F\u00caMEA\u201d. IMPRESSAS EM POLICROMIA. CONTENDO 540 PE\u00c7AS ASSIM DISTRIBU\u00cdDAS:<br \/>\nN\u00daMEROS E SINAIS \u2013 180 PE\u00c7AS &#8211; N\u00daMEROS DE 0 A 9 E SINAIS (DIVIS\u00c3O, MULTIPLICA\u00c7\u00c3O, ADI\u00c7\u00c3O, SUBTRA\u00c7\u00c3O E IGUAL)<br \/>\nALFABETO \u2013 360 PE\u00c7AS SENDO:VOGAIS COM E SEM ACENTO &#8211; 180 PE\u00c7AS; CONSOANTES INCLUINDO O \u00c7 &#8211; 180 PE\u00c7AS. <\/p>\n<p>MEDIDAS APROXIMADAS CADA PE\u00c7A: 3,5X3,5X 2CM.<br \/>\nACONDICIONADAS EM ESTOJO DE MADEIRA COM AL\u00c7A EM PL\u00c1STICO.[\/vc_column_text][\/vc_column][\/vc_row]<\/p>\n<\/div>","protected":false},"excerpt":{"rendered":"<p>BLOCOS ALFANUM\u00c9RICOS &#8211; COM 540 PE\u00c7AS &#8211; CONJUNTO CONFECCIONADO EM PL\u00c1STICO R\u00cdGIDO, COLORIDO E AT\u00d3XICO COM ENCAIXE TIPO \u201cMACHO E F\u00caMEA\u201d. IMPRESSAS EM POLICROMIA. CONTENDO 540 PE\u00c7AS ASSIM DISTRIBU\u00cdDAS:<br \/>\nN\u00daMEROS E SINAIS \u2013 180 PE\u00c7AS &#8211; N\u00daMEROS DE 0 A 9 E SINAIS (DIVIS\u00c3O, MULTIPLICA\u00c7\u00c3O, ADI\u00c7\u00c3O, SUBTRA\u00c7\u00c3O E IGUAL)<br \/>\nALFABETO \u2013 360 PE\u00c7AS SENDO:VOGAIS COM E SEM ACENTO &#8211; 180 PE\u00c7AS; CONSOANTES INCLUINDO O \u00c7 &#8211; 180 PE\u00c7AS.<\/p>\n<p>MEDIDAS APROXIMADAS CADA PE\u00c7A: 3,5X3,5X 2CM.<br \/>\nACONDICIONADAS EM ESTOJO DE MADEIRA COM AL\u00c7A EM PL\u00c1STICO.<\/p>\n","protected":false},"featured_media":1517,"template":"","meta":[],"product_brand":[],"product_cat":[192],"product_tag":[886],"class_list":{"0":"post-1516","1":"product","2":"type-product","3":"status-publish","4":"has-post-thumbnail","6":"product_cat-brinquedos","7":"product_tag-a184","8":"pa_item-277","9":"pa_lote-219","10":"pa_marca-maxi-toys-modelo-blocos-alfanumericos","11":"pa_n-ata-16-2024","12":"pa_pregao-pregao-eletronico-no-91-012-2024","13":"pa_processo-licitatorio-05060003-2024","14":"wcpv_product_vendors-smart-toys-comercio-de-brinquedos-ltda","16":"first","17":"instock","18":"shipping-taxable","19":"purchasable","20":"product-type-simple"},"_links":{"self":[{"href":"https:\/\/bmsolucoesedu.com.br\/portal\/wp-json\/wp\/v2\/product\/1516","targetHints":{"allow":["GET"]}}],"collection":[{"href":"https:\/\/bmsolucoesedu.com.br\/portal\/wp-json\/wp\/v2\/product"}],"about":[{"href":"https:\/\/bmsolucoesedu.com.br\/portal\/wp-json\/wp\/v2\/types\/product"}],"wp:featuredmedia":[{"embeddable":true,"href":"https:\/\/bmsolucoesedu.com.br\/portal\/wp-json\/wp\/v2\/media\/1517"}],"wp:attachment":[{"href":"https:\/\/bmsolucoesedu.com.br\/portal\/wp-json\/wp\/v2\/media?parent=1516"}],"wp:term":[{"taxonomy":"product_brand","embeddable":true,"href":"https:\/\/bmsolucoesedu.com.br\/portal\/wp-json\/wp\/v2\/product_brand?post=1516"},{"taxonomy":"product_cat","embeddable":true,"href":"https:\/\/bmsolucoesedu.com.br\/portal\/wp-json\/wp\/v2\/product_cat?post=1516"},{"taxonomy":"product_tag","embeddable":true,"href":"https:\/\/bmsolucoesedu.com.br\/portal\/wp-json\/wp\/v2\/product_tag?post=1516"}],"curies":[{"name":"wp","href":"https:\/\/api.w.org\/{rel}","templated":true}]}}