{"id":1512,"date":"2024-09-16T09:49:14","date_gmt":"2024-09-16T12:49:14","guid":{"rendered":"https:\/\/bmsolucoesedu.com.br\/portal\/?post_type=product&#038;p=1512"},"modified":"2025-01-21T18:37:30","modified_gmt":"2025-01-21T21:37:30","slug":"bloco-de-encaixe-de-emocoes-e-expressoes-com-10-pecas","status":"publish","type":"product","link":"https:\/\/bmsolucoesedu.com.br\/portal\/produtos\/bloco-de-encaixe-de-emocoes-e-expressoes-com-10-pecas\/","title":{"rendered":"BLOCOS DE ENCAIXE DE EMO\u00c7\u00d5ES E EXPRESS\u00d5ES &#8211; COM 10 PE\u00c7AS"},"content":{"rendered":"<div class=\"wpb-content-wrapper\"><p>[vc_row el_class=&#8221;m-b-md&#8221;][vc_column][vc_column_text css=&#8221;&#8221;]BLOCOS DE ENCAIXE DE EMO\u00c7\u00d5ES E EXPRESS\u00d5ES &#8211; CONJUNTO CONFECCIONADO EM PL\u00c1STICO POLIPROPILENO AT\u00d3XICO DE ALTO BRILHO, CONT\u00c9M PE\u00c7AS COLORIDAS DIVIDIDAS EM DUAS PARTES ENCAIX\u00c1VEIS. PE\u00c7AS ILUSTRADAS NOS QUATRO LADOS, FORMANDO VINTE QUEBRA-CABE\u00c7AS DE EXPRESS\u00d5ES E EMO\u00c7\u00d5ES. CONT\u00c9M 10 PE\u00c7AS DE DIMENS\u00d5ES SEGURAS, PARA QUE N\u00c3O SEJAM ENGOLIDAS.<br \/>\nMEDIDAS APROXIMADAS CADA PE\u00c7A: 10CMX10CM.<br \/>\nACONDICIONADO EM SACOLA DE PVC CRISTAL COM Z\u00cdPER E AL\u00c7A.[\/vc_column_text][\/vc_column][\/vc_row]<\/p>\n<\/div>","protected":false},"excerpt":{"rendered":"<p>BLOCOS DE ENCAIXE DE EMO\u00c7\u00d5ES E EXPRESS\u00d5ES &#8211; CONJUNTO CONFECCIONADO EM PL\u00c1STICO POLIPROPILENO AT\u00d3XICO DE ALTO BRILHO, CONT\u00c9M PE\u00c7AS COLORIDAS DIVIDIDAS EM DUAS PARTES ENCAIX\u00c1VEIS. PE\u00c7AS ILUSTRADAS NOS QUATRO LADOS, FORMANDO VINTE QUEBRA-CABE\u00c7AS DE EXPRESS\u00d5ES E EMO\u00c7\u00d5ES. CONT\u00c9M 10 PE\u00c7AS DE DIMENS\u00d5ES SEGURAS, PARA QUE N\u00c3O SEJAM ENGOLIDAS.<br \/>\nMEDIDAS APROXIMADAS CADA PE\u00c7A: 10CMX10CM.<br \/>\nACONDICIONADO EM SACOLA DE PVC CRISTAL COM Z\u00cdPER E AL\u00c7A.<\/p>\n","protected":false},"featured_media":1513,"template":"","meta":[],"product_brand":[],"product_cat":[192],"product_tag":[886],"class_list":{"0":"post-1512","1":"product","2":"type-product","3":"status-publish","4":"has-post-thumbnail","6":"product_cat-brinquedos","7":"product_tag-a184","8":"pa_item-273","9":"pa_lote-219","10":"pa_marca-maxi-toys-modelo-ref-12","11":"pa_n-ata-16-2024","12":"pa_pregao-pregao-eletronico-no-91-012-2024","13":"pa_processo-licitatorio-05060003-2024","14":"wcpv_product_vendors-smart-toys-comercio-de-brinquedos-ltda","16":"first","17":"instock","18":"shipping-taxable","19":"purchasable","20":"product-type-simple"},"_links":{"self":[{"href":"https:\/\/bmsolucoesedu.com.br\/portal\/wp-json\/wp\/v2\/product\/1512","targetHints":{"allow":["GET"]}}],"collection":[{"href":"https:\/\/bmsolucoesedu.com.br\/portal\/wp-json\/wp\/v2\/product"}],"about":[{"href":"https:\/\/bmsolucoesedu.com.br\/portal\/wp-json\/wp\/v2\/types\/product"}],"wp:featuredmedia":[{"embeddable":true,"href":"https:\/\/bmsolucoesedu.com.br\/portal\/wp-json\/wp\/v2\/media\/1513"}],"wp:attachment":[{"href":"https:\/\/bmsolucoesedu.com.br\/portal\/wp-json\/wp\/v2\/media?parent=1512"}],"wp:term":[{"taxonomy":"product_brand","embeddable":true,"href":"https:\/\/bmsolucoesedu.com.br\/portal\/wp-json\/wp\/v2\/product_brand?post=1512"},{"taxonomy":"product_cat","embeddable":true,"href":"https:\/\/bmsolucoesedu.com.br\/portal\/wp-json\/wp\/v2\/product_cat?post=1512"},{"taxonomy":"product_tag","embeddable":true,"href":"https:\/\/bmsolucoesedu.com.br\/portal\/wp-json\/wp\/v2\/product_tag?post=1512"}],"curies":[{"name":"wp","href":"https:\/\/api.w.org\/{rel}","templated":true}]}}