{"id":1506,"date":"2024-09-16T09:03:12","date_gmt":"2024-09-16T12:03:12","guid":{"rendered":"https:\/\/bmsolucoesedu.com.br\/portal\/?post_type=product&#038;p=1506"},"modified":"2025-01-21T18:37:31","modified_gmt":"2025-01-21T21:37:31","slug":"aviao-biplano","status":"publish","type":"product","link":"https:\/\/bmsolucoesedu.com.br\/portal\/produtos\/aviao-biplano\/","title":{"rendered":"AVI\u00c3O BIPLANO"},"content":{"rendered":"<div class=\"wpb-content-wrapper\"><p>[vc_row el_class=&#8221;m-b-md&#8221;][vc_column][vc_column_text css=&#8221;&#8221;]AVI\u00c3O BIPLANO &#8211; CONFECCIONADO EM MADEIRA, COLORIDO, COM  PINTURA AT\u00d3XICA \u00c0 BASE D\u2019AGUA.<br \/>\nMEDINDO APROXIMADAMENTE: 30X31X12CM.<br \/>\nACONDICIONADO EM EMBALAGEM PL\u00c1STICA. [\/vc_column_text][\/vc_column][\/vc_row]<\/p>\n<\/div>","protected":false},"excerpt":{"rendered":"<p>AVI\u00c3O BIPLANO &#8211; CONFECCIONADO EM MADEIRA, COLORIDO, COM PINTURA AT\u00d3XICA \u00c0 BASE D\u2019AGUA.<br \/>\nMEDINDO APROXIMADAMENTE: 30X31X12CM.<br \/>\nACONDICIONADO EM EMBALAGEM PL\u00c1STICA.<\/p>\n","protected":false},"featured_media":1507,"template":"","meta":[],"product_brand":[],"product_cat":[192],"product_tag":[886],"class_list":{"0":"post-1506","1":"product","2":"type-product","3":"status-publish","4":"has-post-thumbnail","6":"product_cat-brinquedos","7":"product_tag-a184","8":"pa_item-267","9":"pa_lote-219","10":"pa_marca-maxi-toys-modelo-ref-117","11":"pa_n-ata-16-2024","12":"pa_pregao-pregao-eletronico-no-91-012-2024","13":"pa_processo-licitatorio-05060003-2024","14":"wcpv_product_vendors-smart-toys-comercio-de-brinquedos-ltda","16":"first","17":"instock","18":"shipping-taxable","19":"purchasable","20":"product-type-simple"},"_links":{"self":[{"href":"https:\/\/bmsolucoesedu.com.br\/portal\/wp-json\/wp\/v2\/product\/1506","targetHints":{"allow":["GET"]}}],"collection":[{"href":"https:\/\/bmsolucoesedu.com.br\/portal\/wp-json\/wp\/v2\/product"}],"about":[{"href":"https:\/\/bmsolucoesedu.com.br\/portal\/wp-json\/wp\/v2\/types\/product"}],"wp:featuredmedia":[{"embeddable":true,"href":"https:\/\/bmsolucoesedu.com.br\/portal\/wp-json\/wp\/v2\/media\/1507"}],"wp:attachment":[{"href":"https:\/\/bmsolucoesedu.com.br\/portal\/wp-json\/wp\/v2\/media?parent=1506"}],"wp:term":[{"taxonomy":"product_brand","embeddable":true,"href":"https:\/\/bmsolucoesedu.com.br\/portal\/wp-json\/wp\/v2\/product_brand?post=1506"},{"taxonomy":"product_cat","embeddable":true,"href":"https:\/\/bmsolucoesedu.com.br\/portal\/wp-json\/wp\/v2\/product_cat?post=1506"},{"taxonomy":"product_tag","embeddable":true,"href":"https:\/\/bmsolucoesedu.com.br\/portal\/wp-json\/wp\/v2\/product_tag?post=1506"}],"curies":[{"name":"wp","href":"https:\/\/api.w.org\/{rel}","templated":true}]}}