{"id":1502,"date":"2024-09-16T08:42:56","date_gmt":"2024-09-16T11:42:56","guid":{"rendered":"https:\/\/bmsolucoesedu.com.br\/portal\/?post_type=product&#038;p=1502"},"modified":"2025-01-21T18:37:31","modified_gmt":"2025-01-21T21:37:31","slug":"avental-de-contar-historias-chapeuzinho-vermelho-e-os-tres-porquinhos","status":"publish","type":"product","link":"https:\/\/bmsolucoesedu.com.br\/portal\/produtos\/avental-de-contar-historias-chapeuzinho-vermelho-e-os-tres-porquinhos\/","title":{"rendered":"AVENTAL DE CONTAR HIST\u00d3RIAS &#8211; CHAPEUZINHO VERMELHO E OS TR\u00caS PORQUINHOS"},"content":{"rendered":"<div class=\"wpb-content-wrapper\"><p>[vc_row el_class=&#8221;m-b-md&#8221;][vc_column][vc_column_text css=&#8221;&#8221;]AVENTAL DE CONTAR HIST\u00d3RIAS, COM OS TEMAS CHAPEUZINHO VERMELHO E OS TR\u00caS PORQUINHOS, CONFECCIONADO EM TECIDO, MEDINDO APROXIMADAMENTE 82 X 58CM. ACOMPANHAM O AVENTAL 07 DEDOCHES: TR\u00caS PORQUINHOS, LOBO MAU, CHAPEUZINHO VERMELHO, VOV\u00d3, CA\u00c7ADOR E DUAS FIGURAS EM FELTRO COLORIDO COM VELCRO, SENDO UMA NUVEM BRANCA E UM SOL.[\/vc_column_text][\/vc_column][\/vc_row]<\/p>\n<\/div>","protected":false},"excerpt":{"rendered":"<p>AVENTAL DE CONTAR HIST\u00d3RIAS, COM OS TEMAS CHAPEUZINHO VERMELHO E OS TR\u00caS PORQUINHOS, CONFECCIONADO EM TECIDO, MEDINDO APROXIMADAMENTE 82 X 58CM. ACOMPANHAM O AVENTAL 07 DEDOCHES: TR\u00caS PORQUINHOS, LOBO MAU, CHAPEUZINHO VERMELHO, VOV\u00d3, CA\u00c7ADOR E DUAS FIGURAS EM FELTRO COLORIDO COM VELCRO, SENDO UMA NUVEM BRANCA E UM SOL.<\/p>\n","protected":false},"featured_media":1503,"template":"","meta":[],"product_brand":[],"product_cat":[192],"product_tag":[886],"class_list":{"0":"post-1502","1":"product","2":"type-product","3":"status-publish","4":"has-post-thumbnail","6":"product_cat-brinquedos","7":"product_tag-a184","8":"pa_item-263","9":"pa_lote-219","10":"pa_marca-maxi-toys-modelo-atcv","11":"pa_n-ata-16-2024","12":"pa_pregao-pregao-eletronico-no-91-012-2024","13":"pa_processo-licitatorio-05060003-2024","14":"wcpv_product_vendors-smart-toys-comercio-de-brinquedos-ltda","16":"first","17":"instock","18":"shipping-taxable","19":"purchasable","20":"product-type-simple"},"_links":{"self":[{"href":"https:\/\/bmsolucoesedu.com.br\/portal\/wp-json\/wp\/v2\/product\/1502","targetHints":{"allow":["GET"]}}],"collection":[{"href":"https:\/\/bmsolucoesedu.com.br\/portal\/wp-json\/wp\/v2\/product"}],"about":[{"href":"https:\/\/bmsolucoesedu.com.br\/portal\/wp-json\/wp\/v2\/types\/product"}],"wp:featuredmedia":[{"embeddable":true,"href":"https:\/\/bmsolucoesedu.com.br\/portal\/wp-json\/wp\/v2\/media\/1503"}],"wp:attachment":[{"href":"https:\/\/bmsolucoesedu.com.br\/portal\/wp-json\/wp\/v2\/media?parent=1502"}],"wp:term":[{"taxonomy":"product_brand","embeddable":true,"href":"https:\/\/bmsolucoesedu.com.br\/portal\/wp-json\/wp\/v2\/product_brand?post=1502"},{"taxonomy":"product_cat","embeddable":true,"href":"https:\/\/bmsolucoesedu.com.br\/portal\/wp-json\/wp\/v2\/product_cat?post=1502"},{"taxonomy":"product_tag","embeddable":true,"href":"https:\/\/bmsolucoesedu.com.br\/portal\/wp-json\/wp\/v2\/product_tag?post=1502"}],"curies":[{"name":"wp","href":"https:\/\/api.w.org\/{rel}","templated":true}]}}