{"id":1500,"date":"2024-09-16T08:32:45","date_gmt":"2024-09-16T11:32:45","guid":{"rendered":"https:\/\/bmsolucoesedu.com.br\/portal\/?post_type=product&#038;p=1500"},"modified":"2025-01-21T18:37:31","modified_gmt":"2025-01-21T21:37:31","slug":"avental-de-contar-historias-turma-do-sitio","status":"publish","type":"product","link":"https:\/\/bmsolucoesedu.com.br\/portal\/produtos\/avental-de-contar-historias-turma-do-sitio\/","title":{"rendered":"AVENTAL DE CONTAR HIST\u00d3RIAS &#8211; TURMA DO S\u00cdTIO"},"content":{"rendered":"<div class=\"wpb-content-wrapper\"><p>[vc_row el_class=&#8221;m-b-md&#8221;][vc_column][vc_column_text css=&#8221;&#8221;]AVENTAL DE CONTAR HIST\u00d3RIAS, COM O TEMA TURMA DO S\u00cdTIO, CONFECCIONADO EM TECIDO, MEDINDO APROXIMADAMENTE 82 X 58CM. ACOMPANHAM O AVENTAL 10 DEDOCHES: VISCONDE DE SABUGOSA, SACI-PERER\u00ca, CUCA, RABIC\u00d3, DONA BENTA, TIA ANAST\u00c1CIA, EM\u00cdLIA, NARIZINHO, PEDRINHO, TIO BARNAB\u00c9 E DUAS FIGURAS EM FELTRO COLORIDO COM VELCRO, SENDO UMA NUVEM BRANCA E UM SOL.[\/vc_column_text][\/vc_column][\/vc_row]<\/p>\n<\/div>","protected":false},"excerpt":{"rendered":"<p>AVENTAL DE CONTAR HIST\u00d3RIAS, COM O TEMA TURMA DO S\u00cdTIO, CONFECCIONADO EM TECIDO, MEDINDO APROXIMADAMENTE 82 X 58CM. ACOMPANHAM O AVENTAL 10 DEDOCHES: VISCONDE DE SABUGOSA, SACI-PERER\u00ca, CUCA, RABIC\u00d3, DONA BENTA, TIA ANAST\u00c1CIA, EM\u00cdLIA, NARIZINHO, PEDRINHO, TIO BARNAB\u00c9 E DUAS FIGURAS EM FELTRO COLORIDO COM VELCRO, SENDO UMA NUVEM BRANCA E UM SOL.<\/p>\n","protected":false},"featured_media":1501,"template":"","meta":[],"product_brand":[],"product_cat":[192],"product_tag":[886],"class_list":{"0":"post-1500","1":"product","2":"type-product","3":"status-publish","4":"has-post-thumbnail","6":"product_cat-brinquedos","7":"product_tag-a184","8":"pa_item-261","9":"pa_lote-219","10":"pa_marca-maxi-toys-modelo-atts","11":"pa_n-ata-16-2024","12":"pa_pregao-pregao-eletronico-no-91-012-2024","13":"pa_processo-licitatorio-05060003-2024","14":"wcpv_product_vendors-smart-toys-comercio-de-brinquedos-ltda","16":"first","17":"instock","18":"shipping-taxable","19":"purchasable","20":"product-type-simple"},"_links":{"self":[{"href":"https:\/\/bmsolucoesedu.com.br\/portal\/wp-json\/wp\/v2\/product\/1500","targetHints":{"allow":["GET"]}}],"collection":[{"href":"https:\/\/bmsolucoesedu.com.br\/portal\/wp-json\/wp\/v2\/product"}],"about":[{"href":"https:\/\/bmsolucoesedu.com.br\/portal\/wp-json\/wp\/v2\/types\/product"}],"wp:featuredmedia":[{"embeddable":true,"href":"https:\/\/bmsolucoesedu.com.br\/portal\/wp-json\/wp\/v2\/media\/1501"}],"wp:attachment":[{"href":"https:\/\/bmsolucoesedu.com.br\/portal\/wp-json\/wp\/v2\/media?parent=1500"}],"wp:term":[{"taxonomy":"product_brand","embeddable":true,"href":"https:\/\/bmsolucoesedu.com.br\/portal\/wp-json\/wp\/v2\/product_brand?post=1500"},{"taxonomy":"product_cat","embeddable":true,"href":"https:\/\/bmsolucoesedu.com.br\/portal\/wp-json\/wp\/v2\/product_cat?post=1500"},{"taxonomy":"product_tag","embeddable":true,"href":"https:\/\/bmsolucoesedu.com.br\/portal\/wp-json\/wp\/v2\/product_tag?post=1500"}],"curies":[{"name":"wp","href":"https:\/\/api.w.org\/{rel}","templated":true}]}}