{"id":1454,"date":"2024-09-10T16:53:08","date_gmt":"2024-09-10T19:53:08","guid":{"rendered":"https:\/\/bmsolucoesedu.com.br\/portal\/?post_type=product&#038;p=1454"},"modified":"2025-01-21T20:06:37","modified_gmt":"2025-01-21T23:06:37","slug":"tunel-infantil","status":"publish","type":"product","link":"https:\/\/bmsolucoesedu.com.br\/portal\/produtos\/tunel-infantil\/","title":{"rendered":"T\u00fanel Infantil"},"content":{"rendered":"<div class=\"wpb-content-wrapper\"><p>[vc_row el_class=&#8221;m-b-md&#8221;][vc_column][vc_column_text css=&#8221;&#8221;]T\u00fanel Infantil &#8211; Confeccionado em roto moldado e Polietileno virgem de alta densidade, tratado especialmente contra a a\u00e7\u00e3o dos raios ultravioletas. Cont\u00e9m 5 m\u00f3dulos com orif\u00edcios vazados nas laterais permitindo a visualiza\u00e7\u00e3o da crian\u00e7a durante seu percurso. Escotilha no m\u00f3dulo principal que permite o giro em 360\u00b0. Visor central vazado Permitindo altura interna de 100 mm na parte da frente do submarino. Todas as Pe\u00e7as s\u00e3o encaixadas pelo total de 15  roscas de Nylon de alta precis\u00e3o, medindo<br \/>\naproximadamente cada  26mm de comprimento x 26mm de largura.<br \/>\nDimens\u00f5es do Produto Montado aproximadamente: Comprimento de 2.420 mm x  870 mm de Largura x 1.400 mm de altura.<br \/>\nCom conformidade com a norma NBR 300-1\/2011 eNBR 300-3\/2011 com a Portaria 369\/07 &#8211; Certificado pelo INMETRO.[\/vc_column_text][\/vc_column][\/vc_row]<\/p>\n<\/div>","protected":false},"excerpt":{"rendered":"<p>T\u00fanel Infantil &#8211; Confeccionado em roto moldado e Polietileno virgem de alta densidade, tratado especialmente contra a a\u00e7\u00e3o dos raios ultravioletas. Cont\u00e9m 5 m\u00f3dulos com orif\u00edcios vazados nas laterais permitindo a visualiza\u00e7\u00e3o da crian\u00e7a durante seu percurso. Escotilha no m\u00f3dulo principal que permite o giro em 360\u00b0. Visor central vazado Permitindo altura interna de 100 mm na parte da frente do submarino. Todas as Pe\u00e7as s\u00e3o encaixadas pelo total de 15 roscas de Nylon de alta precis\u00e3o, medindo<br \/>\naproximadamente cada 26mm de comprimento x 26mm de largura.<br \/>\nDimens\u00f5es do Produto Montado aproximadamente: Comprimento de 2.420 mm x 870 mm de Largura x 1.400 mm de altura.<br \/>\nCom conformidade com a norma NBR 300-1\/2011 eNBR 300-3\/2011 com a Portaria 369\/07 &#8211; Certificado pelo INMETRO.<\/p>\n","protected":false},"featured_media":1455,"template":"","meta":[],"product_brand":[],"product_cat":[192],"product_tag":[888],"class_list":{"0":"post-1454","1":"product","2":"type-product","3":"status-publish","4":"has-post-thumbnail","6":"product_cat-brinquedos","7":"product_tag-a217","8":"pa_item-294","9":"pa_lote-217","10":"pa_marca-nabre-tunel-infantil","11":"pa_n-ata-002-2024","12":"pa_pregao-eletronico-n-003-2024","13":"pa_processo-licitatorio-004-2024","14":"wcpv_product_vendors-vale-comercio-de-produtos-para-educacao-ltda","16":"first","17":"instock","18":"shipping-taxable","19":"purchasable","20":"product-type-simple"},"_links":{"self":[{"href":"https:\/\/bmsolucoesedu.com.br\/portal\/wp-json\/wp\/v2\/product\/1454","targetHints":{"allow":["GET"]}}],"collection":[{"href":"https:\/\/bmsolucoesedu.com.br\/portal\/wp-json\/wp\/v2\/product"}],"about":[{"href":"https:\/\/bmsolucoesedu.com.br\/portal\/wp-json\/wp\/v2\/types\/product"}],"wp:featuredmedia":[{"embeddable":true,"href":"https:\/\/bmsolucoesedu.com.br\/portal\/wp-json\/wp\/v2\/media\/1455"}],"wp:attachment":[{"href":"https:\/\/bmsolucoesedu.com.br\/portal\/wp-json\/wp\/v2\/media?parent=1454"}],"wp:term":[{"taxonomy":"product_brand","embeddable":true,"href":"https:\/\/bmsolucoesedu.com.br\/portal\/wp-json\/wp\/v2\/product_brand?post=1454"},{"taxonomy":"product_cat","embeddable":true,"href":"https:\/\/bmsolucoesedu.com.br\/portal\/wp-json\/wp\/v2\/product_cat?post=1454"},{"taxonomy":"product_tag","embeddable":true,"href":"https:\/\/bmsolucoesedu.com.br\/portal\/wp-json\/wp\/v2\/product_tag?post=1454"}],"curies":[{"name":"wp","href":"https:\/\/api.w.org\/{rel}","templated":true}]}}