{"id":1449,"date":"2024-09-10T14:53:53","date_gmt":"2024-09-10T17:53:53","guid":{"rendered":"https:\/\/bmsolucoesedu.com.br\/portal\/?post_type=product&#038;p=1449"},"modified":"2025-01-21T20:06:37","modified_gmt":"2025-01-21T23:06:37","slug":"cozinha-infantil","status":"publish","type":"product","link":"https:\/\/bmsolucoesedu.com.br\/portal\/produtos\/cozinha-infantil\/","title":{"rendered":"Cozinha Infantil"},"content":{"rendered":"<div class=\"wpb-content-wrapper\"><p>[vc_row el_class=&#8221;m-b-md&#8221;][vc_column][vc_column_text css=&#8221;&#8221;]Cozinha Infantil &#8211; confeccionado em roto moldado e Polietileno virgem de alta densidade, tratado especialmente contra a a\u00e7\u00e3o dos raios ultravioletas.<br \/>\nComposta por 03- m\u00f3dulos de encaixes com rosca, sendo:<br \/>\n01- modulo com parede medindo aproximadamente 1.300 mm de comprimento X 220 mm de largura X 640 mm de altura. 01-janela vazada, 01-coifa, 02-prateleiras, pastilhas em alto-relevo, roto moldado incorporada \u00e0 parede sem fixa\u00e7\u00e3o por parafusos,<br \/>\n01-modulo contendo um cooktop de quatro bocas, 01-tabua de cortar, escorredores de pratos e talhares, 01-pia, 01-torneira, tudo roto moldado e incorporada ao m\u00f3dulo sem fixa\u00e7\u00e3o de parafusos, medindo aproximadamente 1.300 mm de comprimento X de largura X 400 mm de altura.<br \/>\n01-modulo contendo um forno el\u00e9trico medindo aproximadamente 340 mm de comprimento X 300 mm de largura por 320 mm de altura. 02-gavetas de correr medindo aproximadamente 420 mm de comprimento X 420 mm de largura X 177 mm de altura. Gaveta com 20l de profundidade. 01-lava lou\u00e7as medindo aproximadamente 340 mm de comprimento X 300 mm de largura X 320 mm de altura.<\/p>\n<p>Todas as Pe\u00e7as s\u00e3o encaixadas pelo total de 03 roscas de Nylon de alta precis\u00e3o medindo aproximadamente cada 26mm de comprimento x 26mm de largura.<br \/>\nCom conformidade com a norma NBR 300-1\/2011 eNBR 300-3\/2011 com a Portaria 369\/07- Certificado pelo INMETRO.[\/vc_column_text][\/vc_column][\/vc_row]<\/p>\n<\/div>","protected":false},"excerpt":{"rendered":"<p>Cozinha Infantil &#8211; confeccionado em roto moldado e Polietileno virgem de alta densidade, tratado especialmente contra a a\u00e7\u00e3o dos raios ultravioletas.<br \/>\nComposta por 03- m\u00f3dulos de encaixes com rosca, sendo:<br \/>\n01- modulo com parede medindo aproximadamente 1.300 mm de comprimento X 220 mm de largura X 640 mm de altura. 01-janela vazada, 01-coifa, 02-prateleiras, pastilhas em alto-relevo, roto moldado incorporada \u00e0 parede sem fixa\u00e7\u00e3o por parafusos,<br \/>\n01-modulo contendo um cooktop de quatro bocas, 01-tabua de cortar, escorredores de pratos e talhares, 01-pia, 01-torneira, tudo roto moldado e incorporada ao m\u00f3dulo sem fixa\u00e7\u00e3o de parafusos, medindo aproximadamente 1.300 mm de comprimento X de largura X 400 mm de altura.<br \/>\n01-modulo contendo um forno el\u00e9trico medindo aproximadamente 340 mm de comprimento X 300 mm de largura por 320 mm de altura. 02-gavetas de correr medindo aproximadamente 420 mm de comprimento X 420 mm de largura X 177 mm de altura. Gaveta com 20l de profundidade. 01-lava lou\u00e7as medindo aproximadamente 340 mm de comprimento X 300 mm de largura X 320 mm de altura.<\/p>\n<p>Todas as Pe\u00e7as s\u00e3o encaixadas pelo total de 03 roscas de Nylon de alta precis\u00e3o medindo aproximadamente cada 26mm de comprimento x 26mm de largura.<br \/>\nCom conformidade com a norma NBR 300-1\/2011 eNBR 300-3\/2011 com a Portaria 369\/07- Certificado pelo INMETRO.<\/p>\n","protected":false},"featured_media":1450,"template":"","meta":[],"product_brand":[],"product_cat":[192],"product_tag":[888],"class_list":{"0":"post-1449","1":"product","2":"type-product","3":"status-publish","4":"has-post-thumbnail","6":"product_cat-brinquedos","7":"product_tag-a217","8":"pa_item-290","9":"pa_lote-217","10":"pa_marca-nabre-cozinha-infantil","11":"pa_n-ata-002-2024","12":"pa_pregao-eletronico-n-003-2024","13":"pa_processo-licitatorio-004-2024","14":"wcpv_product_vendors-vale-comercio-de-produtos-para-educacao-ltda","16":"first","17":"instock","18":"shipping-taxable","19":"purchasable","20":"product-type-simple"},"_links":{"self":[{"href":"https:\/\/bmsolucoesedu.com.br\/portal\/wp-json\/wp\/v2\/product\/1449","targetHints":{"allow":["GET"]}}],"collection":[{"href":"https:\/\/bmsolucoesedu.com.br\/portal\/wp-json\/wp\/v2\/product"}],"about":[{"href":"https:\/\/bmsolucoesedu.com.br\/portal\/wp-json\/wp\/v2\/types\/product"}],"wp:featuredmedia":[{"embeddable":true,"href":"https:\/\/bmsolucoesedu.com.br\/portal\/wp-json\/wp\/v2\/media\/1450"}],"wp:attachment":[{"href":"https:\/\/bmsolucoesedu.com.br\/portal\/wp-json\/wp\/v2\/media?parent=1449"}],"wp:term":[{"taxonomy":"product_brand","embeddable":true,"href":"https:\/\/bmsolucoesedu.com.br\/portal\/wp-json\/wp\/v2\/product_brand?post=1449"},{"taxonomy":"product_cat","embeddable":true,"href":"https:\/\/bmsolucoesedu.com.br\/portal\/wp-json\/wp\/v2\/product_cat?post=1449"},{"taxonomy":"product_tag","embeddable":true,"href":"https:\/\/bmsolucoesedu.com.br\/portal\/wp-json\/wp\/v2\/product_tag?post=1449"}],"curies":[{"name":"wp","href":"https:\/\/api.w.org\/{rel}","templated":true}]}}