{"id":1442,"date":"2024-09-09T09:50:43","date_gmt":"2024-09-09T12:50:43","guid":{"rendered":"https:\/\/bmsolucoesedu.com.br\/portal\/?post_type=product&#038;p=1442"},"modified":"2025-01-21T20:06:37","modified_gmt":"2025-01-21T23:06:37","slug":"conjunto-parque-recreativo-de-patio-04","status":"publish","type":"product","link":"https:\/\/bmsolucoesedu.com.br\/portal\/produtos\/conjunto-parque-recreativo-de-patio-04\/","title":{"rendered":"CONJUNTO PARQUE RECREATIVO DE P\u00c1TIO 04"},"content":{"rendered":"<div class=\"wpb-content-wrapper\"><p>[vc_row el_class=&#8221;m-b-md&#8221;][vc_column][vc_column_text css=&#8221;&#8221;]CONJUNTO PARQUE RECREATIVO DE P\u00c1TIO 04 \u2013 M\u00f3dulos e acess\u00f3rios para montagem de equipamentos recreativos adapt\u00e1veis a qualquer tipo de piso e espa\u00e7o.<\/p>\n<p>Dimens\u00f5es aproximadas: 6,80 x 5,60 x 3,00 m, com \u00e1rea de circula\u00e7\u00e3o de 9,80 x 8,00 m.<\/p>\n<p>M\u00f3dulo Quadrado com Cobertura: Medida aproximada de 1,25 m, com cobertura em duas \u00e1guas. Fixado sobre arma\u00e7\u00e3o monobloco em tubo retangular 30 x 20 mm, galvanizado e pintado na cor marrom, com revestimento em placas de polietileno de 4 mm com bordas onduladas na cor verde. A estrutura principal (colunas) \u00e9 confeccionada em troncos de eucalipto tratado pelo processo autoclave (vacum-form), utilizando toras com di\u00e2metro m\u00e9dio de 11 a 13 cm. A plataforma deve ser revestida com placa de polietileno de 6 mm tipo xadrez nas cores verde ou marrom, apoiada sobre base met\u00e1lica em tubos de sustenta\u00e7\u00e3o de se\u00e7\u00e3o quadrada 50 x 30 mm, pintados na cor marrom. Inclui guarda-corpo em a\u00e7o com conex\u00f5es adequadas, pegadores e grades de seguran\u00e7a em tubo de 22,22 e 25,40 mm. Demais acess\u00f3rios e pe\u00e7as met\u00e1licas devem ser galvanizadas, com pintura eletrost\u00e1tica a p\u00f3 em cores variadas. Altura de 1,10 m at\u00e9 a plataforma e 3,10 m at\u00e9 o topo da cobertura.<\/p>\n<p>M\u00f3dulo Quadrado sem Cobertura: Medida aproximada de 1,56 m. Estrutura (colunas) confeccionada em troncos de eucalipto tratado pelo processo autoclave (vacum-form), utilizando toras com di\u00e2metro m\u00e9dio de 11 a 13 cm. A plataforma deve ser revestida com placa de polietileno de 6 mm tipo xadrez nas cores verde ou marrom, apoiada sobre base met\u00e1lica em tubos de sustenta\u00e7\u00e3o de se\u00e7\u00e3o quadrada 50 x 30 mm, pintados na cor marrom. Inclui guarda-corpo em a\u00e7o com conex\u00f5es adequadas, pegadores e grades de seguran\u00e7a em tubo de 22,22 e 25,40 mm. Demais acess\u00f3rios e pe\u00e7as met\u00e1licas devem ser galvanizadas, com pintura eletrost\u00e1tica a p\u00f3 em cores variadas. Altura de 1,10 m at\u00e9 a plataforma.<\/p>\n<p>M\u00f3dulo com Prancha Simples: Leito deslizante em madeira laminada ou fiberglass na cor marrom, com percurso de 1,90 m de comprimento x 0,45 m de largura, com assentamento no in\u00edcio e curva de desacelera\u00e7\u00e3o no final, juntamente com a passagem de uma crian\u00e7a por vez em tubo de 31 mm a 38 mm, em arcos arredondados.<\/p>\n<p>M\u00f3dulo Rampa de Teia de Cordas: Medida aproximada de 1,49 x 0,88 m, com cordas de polietileno de 5\/8\u2019\u2019 entrela\u00e7adas formando um cest\u00e3o inclinado. Montado sob estrutura met\u00e1lica em tubo de 2.1\/2\u2019\u2019 e 1.1\/2\u2019\u2019, ambos pintados na cor verde.<\/p>\n<p>M\u00f3dulo Balan\u00e7ante Duplo: Acoplado ao m\u00f3dulo do travess\u00e3o ou separado, confeccionado em troncos de eucalipto tratado atrav\u00e9s de processo de autoclave, utilizando toras com di\u00e2metro m\u00e9dio de 13 a 15 cm, com altura de aproximadamente 2,00 m do solo. Os assentos devem ser anat\u00f4micos, pelo processo roto moldado, sustentados por correntes de a\u00e7o de 0,5 mm ou cordas de polietileno de 5\/8\u2019\u2019, com acess\u00f3rios de articula\u00e7\u00e3o adequados.<\/p>\n<p>M\u00f3dulo de Acesso \u00e0 Plataforma: Medindo 1,40 m de comprimento x 0,80 m de largura, contendo 05 degraus em tronco de eucalipto tratado, com dois pegadores de 1.1\/4\u2019\u2019 na cor verde.<\/p>\n<p>Os playgrounds possuem certifica\u00e7\u00e3o ABNT NBR 16071-2:2021[\/vc_column_text][\/vc_column][\/vc_row]<\/p>\n<\/div>","protected":false},"excerpt":{"rendered":"<p>CONJUNTO PARQUE RECREATIVO DE P\u00c1TIO 04 \u2013 M\u00f3dulos e acess\u00f3rios para montagem de equipamentos recreativos adapt\u00e1veis a qualquer tipo de piso e espa\u00e7o.<\/p>\n<p>Dimens\u00f5es aproximadas: 6,80 x 5,60 x 3,00 m, com \u00e1rea de circula\u00e7\u00e3o de 9,80 x 8,00 m.<\/p>\n<p>Os playgrounds possuem certifica\u00e7\u00e3o ABNT NBR 16071-2:2021<\/p>\n","protected":false},"featured_media":1443,"template":"","meta":[],"product_brand":[],"product_cat":[192],"product_tag":[888],"class_list":{"0":"post-1442","1":"product","2":"type-product","3":"status-publish","4":"has-post-thumbnail","6":"product_cat-brinquedos","7":"product_tag-a217","8":"pa_item-428","9":"pa_lote-219","10":"pa_marca-play-valle-tr-04e","11":"pa_n-ata-002-2024","12":"pa_pregao-eletronico-n-003-2024","13":"pa_processo-licitatorio-004-2024","14":"wcpv_product_vendors-vale-comercio-de-produtos-para-educacao-ltda","16":"first","17":"instock","18":"shipping-taxable","19":"purchasable","20":"product-type-simple"},"_links":{"self":[{"href":"https:\/\/bmsolucoesedu.com.br\/portal\/wp-json\/wp\/v2\/product\/1442","targetHints":{"allow":["GET"]}}],"collection":[{"href":"https:\/\/bmsolucoesedu.com.br\/portal\/wp-json\/wp\/v2\/product"}],"about":[{"href":"https:\/\/bmsolucoesedu.com.br\/portal\/wp-json\/wp\/v2\/types\/product"}],"wp:featuredmedia":[{"embeddable":true,"href":"https:\/\/bmsolucoesedu.com.br\/portal\/wp-json\/wp\/v2\/media\/1443"}],"wp:attachment":[{"href":"https:\/\/bmsolucoesedu.com.br\/portal\/wp-json\/wp\/v2\/media?parent=1442"}],"wp:term":[{"taxonomy":"product_brand","embeddable":true,"href":"https:\/\/bmsolucoesedu.com.br\/portal\/wp-json\/wp\/v2\/product_brand?post=1442"},{"taxonomy":"product_cat","embeddable":true,"href":"https:\/\/bmsolucoesedu.com.br\/portal\/wp-json\/wp\/v2\/product_cat?post=1442"},{"taxonomy":"product_tag","embeddable":true,"href":"https:\/\/bmsolucoesedu.com.br\/portal\/wp-json\/wp\/v2\/product_tag?post=1442"}],"curies":[{"name":"wp","href":"https:\/\/api.w.org\/{rel}","templated":true}]}}