{"id":1436,"date":"2024-09-09T09:22:23","date_gmt":"2024-09-09T12:22:23","guid":{"rendered":"https:\/\/bmsolucoesedu.com.br\/portal\/?post_type=product&#038;p=1436"},"modified":"2025-01-21T20:06:37","modified_gmt":"2025-01-21T23:06:37","slug":"gangorra-para-portadores-de-cadeira-de-rodas","status":"publish","type":"product","link":"https:\/\/bmsolucoesedu.com.br\/portal\/produtos\/gangorra-para-portadores-de-cadeira-de-rodas\/","title":{"rendered":"Gangorra para Portadores de Cadeira de Rodas"},"content":{"rendered":"<div class=\"wpb-content-wrapper\"><p>[vc_row el_class=&#8221;m-b-md&#8221;][vc_column][vc_column_text css=&#8221;&#8221;]Gangorra para portadores de cadeira de rodas. Com formato l\u00fadico similar a navio, submarino ou caravela, fabricada em polietileno roto moldado com tratamento contra a a\u00e7\u00e3o dos raios ultravioletas e antiest\u00e1tico que permita a intera\u00e7\u00e3o entre 01 portador de cadeira de rodas e no m\u00ednimo 03 sem cadeira de rodas do lado inverso do brinquedo ou ainda 01 portador de cadeira de rodas de cada lado.<\/p>\n<p>Medidas:<br \/>\n2,20m de comprimento.<br \/>\n0,90m de largura.<br \/>\n0,95m de altura.<\/p>\n<p>Produto com certifica\u00e7\u00e3o ABNT NBR NM 300-1 e ABNT NBR NM 300-3.[\/vc_column_text][\/vc_column][\/vc_row]<\/p>\n<\/div>","protected":false},"excerpt":{"rendered":"<p>Gangorra para portadores de cadeira de rodas. Com formato l\u00fadico similar a navio, submarino ou caravela, fabricada em polietileno roto moldado com tratamento contra a a\u00e7\u00e3o dos raios ultravioletas e antiest\u00e1tico que permita a intera\u00e7\u00e3o entre 01 portador de cadeira de rodas e no m\u00ednimo 03 sem cadeira de rodas do lado inverso do brinquedo ou ainda 01 portador de cadeira de rodas de cada lado.<\/p>\n<p>Medidas:<br \/>\n2,20m de comprimento.<br \/>\n0,90m de largura.<br \/>\n0,95m de altura.<\/p>\n<p>Produto com certifica\u00e7\u00e3o ABNT NBR NM 300-1 e ABNT NBR NM 300-3.<\/p>\n","protected":false},"featured_media":1437,"template":"","meta":[],"product_brand":[],"product_cat":[192],"product_tag":[888],"class_list":{"0":"post-1436","1":"product","2":"type-product","3":"status-publish","4":"has-post-thumbnail","6":"product_cat-brinquedos","7":"product_tag-a217","8":"pa_item-281","9":"pa_lote-217","10":"pa_marca-brink-mobil-gangorra-com-acessibilidade","11":"pa_n-ata-002-2024","12":"pa_pregao-eletronico-n-003-2024","13":"pa_processo-licitatorio-004-2024","14":"wcpv_product_vendors-vale-comercio-de-produtos-para-educacao-ltda","16":"first","17":"instock","18":"shipping-taxable","19":"purchasable","20":"product-type-simple"},"_links":{"self":[{"href":"https:\/\/bmsolucoesedu.com.br\/portal\/wp-json\/wp\/v2\/product\/1436","targetHints":{"allow":["GET"]}}],"collection":[{"href":"https:\/\/bmsolucoesedu.com.br\/portal\/wp-json\/wp\/v2\/product"}],"about":[{"href":"https:\/\/bmsolucoesedu.com.br\/portal\/wp-json\/wp\/v2\/types\/product"}],"wp:featuredmedia":[{"embeddable":true,"href":"https:\/\/bmsolucoesedu.com.br\/portal\/wp-json\/wp\/v2\/media\/1437"}],"wp:attachment":[{"href":"https:\/\/bmsolucoesedu.com.br\/portal\/wp-json\/wp\/v2\/media?parent=1436"}],"wp:term":[{"taxonomy":"product_brand","embeddable":true,"href":"https:\/\/bmsolucoesedu.com.br\/portal\/wp-json\/wp\/v2\/product_brand?post=1436"},{"taxonomy":"product_cat","embeddable":true,"href":"https:\/\/bmsolucoesedu.com.br\/portal\/wp-json\/wp\/v2\/product_cat?post=1436"},{"taxonomy":"product_tag","embeddable":true,"href":"https:\/\/bmsolucoesedu.com.br\/portal\/wp-json\/wp\/v2\/product_tag?post=1436"}],"curies":[{"name":"wp","href":"https:\/\/api.w.org\/{rel}","templated":true}]}}