{"id":1434,"date":"2024-09-06T20:42:55","date_gmt":"2024-09-06T23:42:55","guid":{"rendered":"https:\/\/bmsolucoesedu.com.br\/portal\/?post_type=product&#038;p=1434"},"modified":"2025-01-21T20:06:41","modified_gmt":"2025-01-21T23:06:41","slug":"balanco-para-cadeirante-com-formato-ludico","status":"publish","type":"product","link":"https:\/\/bmsolucoesedu.com.br\/portal\/produtos\/balanco-para-cadeirante-com-formato-ludico\/","title":{"rendered":"Balan\u00e7o para Cadeirante"},"content":{"rendered":"<div class=\"wpb-content-wrapper\"><p>[vc_row el_class=&#8221;m-b-md&#8221;][vc_column][vc_column_text css=&#8221;&#8221;]Balan\u00e7o para Cadeirante Com formato l\u00fadico, fabricado em polietileno roto moldado com tratamento contra a a\u00e7\u00e3o dos raios ultravioletas e antiest\u00e1tico, com estrutura em a\u00e7o, que permita a intera\u00e7\u00e3o entre<br \/>\n01 portador de cadeira de rodas e no m\u00ednimo 03 sem cadeira de rodas do lado inverso do brinquedo ou ainda 01 portador de cadeira de rodas de cada lado. <\/p>\n<p>Medidas:<br \/>\n2,55m de comprimento<br \/>\n1,98m de largura<br \/>\n2,60m de altura<\/p>\n<p>Dimens\u00f5es com toler\u00e2ncia de +\/- 5%.<br \/>\nProduto com certifica\u00e7\u00e3o ABNT NBR 16071-2:2021[\/vc_column_text][\/vc_column][\/vc_row]<\/p>\n<\/div>","protected":false},"excerpt":{"rendered":"<p>Balan\u00e7o para Cadeirante Com formato l\u00fadico, fabricado em polietileno roto moldado com tratamento contra a a\u00e7\u00e3o dos raios ultravioletas e antiest\u00e1tico, com estrutura em a\u00e7o, que permita a intera\u00e7\u00e3o entre<br \/>\n01 portador de cadeira de rodas e no m\u00ednimo 03 sem cadeira de rodas do lado inverso do brinquedo ou ainda 01 portador de cadeira de rodas de cada lado.<\/p>\n<p>Medidas:<br \/>\n2,55m de comprimento<br \/>\n1,98m de largura<br \/>\n2,60m de altura<\/p>\n<p>Dimens\u00f5es com toler\u00e2ncia de +\/- 5%.<br \/>\nProduto com certifica\u00e7\u00e3o ABNT NBR 16071-2:2021<\/p>\n","protected":false},"featured_media":1435,"template":"","meta":[],"product_brand":[],"product_cat":[192],"product_tag":[888],"class_list":{"0":"post-1434","1":"product","2":"type-product","3":"status-publish","4":"has-post-thumbnail","6":"product_cat-brinquedos","7":"product_tag-a217","8":"pa_item-279","9":"pa_lote-217","10":"pa_marca-brink-mobil-balanco-com-acessibilidade","11":"pa_n-ata-002-2024","12":"pa_pregao-eletronico-n-003-2024","13":"pa_processo-licitatorio-004-2024","14":"wcpv_product_vendors-vale-comercio-de-produtos-para-educacao-ltda","16":"first","17":"instock","18":"shipping-taxable","19":"purchasable","20":"product-type-simple"},"_links":{"self":[{"href":"https:\/\/bmsolucoesedu.com.br\/portal\/wp-json\/wp\/v2\/product\/1434","targetHints":{"allow":["GET"]}}],"collection":[{"href":"https:\/\/bmsolucoesedu.com.br\/portal\/wp-json\/wp\/v2\/product"}],"about":[{"href":"https:\/\/bmsolucoesedu.com.br\/portal\/wp-json\/wp\/v2\/types\/product"}],"wp:featuredmedia":[{"embeddable":true,"href":"https:\/\/bmsolucoesedu.com.br\/portal\/wp-json\/wp\/v2\/media\/1435"}],"wp:attachment":[{"href":"https:\/\/bmsolucoesedu.com.br\/portal\/wp-json\/wp\/v2\/media?parent=1434"}],"wp:term":[{"taxonomy":"product_brand","embeddable":true,"href":"https:\/\/bmsolucoesedu.com.br\/portal\/wp-json\/wp\/v2\/product_brand?post=1434"},{"taxonomy":"product_cat","embeddable":true,"href":"https:\/\/bmsolucoesedu.com.br\/portal\/wp-json\/wp\/v2\/product_cat?post=1434"},{"taxonomy":"product_tag","embeddable":true,"href":"https:\/\/bmsolucoesedu.com.br\/portal\/wp-json\/wp\/v2\/product_tag?post=1434"}],"curies":[{"name":"wp","href":"https:\/\/api.w.org\/{rel}","templated":true}]}}