{"id":1369,"date":"2024-09-05T11:19:52","date_gmt":"2024-09-05T14:19:52","guid":{"rendered":"https:\/\/bmsolucoesedu.com.br\/portal\/?post_type=product&#038;p=1369"},"modified":"2025-01-21T20:06:41","modified_gmt":"2025-01-21T23:06:41","slug":"playground-modular-tipo-big-climber-ii","status":"publish","type":"product","link":"https:\/\/bmsolucoesedu.com.br\/portal\/produtos\/playground-modular-tipo-big-climber-ii\/","title":{"rendered":"Playground modular Tipo Big Climber II \u2013 Com Pontes, Telhados e Balan\u00e7o"},"content":{"rendered":"<div class=\"wpb-content-wrapper\"><p>[vc_row el_class=&#8221;m-b-md&#8221;][vc_column][vc_column_text css=&#8221;&#8221;]Playground modular Tipo Big Climber II \u2013 Com Pontes, Telhados e Balan\u00e7o produzido em polietileno rotomoldado, com aditivos UV. Medidas aproximadas \u00e9 Composto por 2 torres e balan\u00e7o.<br \/>\nCada torre \u00e9 formada por:<br \/>\n\u2022 3 paredes de 4mm;\u2022 plataforma de sustenta\u00e7\u00e3o triangular com piso antiderrapante e ranhuras para evitar o acumulo de \u00e1gua;<br \/>\n\u2022 telhado triangular medindo aproximadamente 1.440 mm de comprimento x 1.370 mm de largura x 470 mm de altura com 3 bases de apoio;<br \/>\n\u2022 1 suporte anti impacto ligado a pe\u00e7a. As torres s\u00e3o conectadas por uma ponte com piso antiderrapante e ranhuras para evitar o acumulo de \u00e1gua, com 2 corrim\u00e3os com laterais vazadas no sentido vertical e ondula\u00e7\u00f5es na parte<br \/>\nsuperior.<br \/>\n\u2022 1 escorregador medindo aproximadamente 1.540 mm de comprimento X 540 mm de<br \/>\nlargura com borda lateral de 40 mm de altura;<br \/>\n\u2022 1 escalada antiderrapante com desenhos de pedras medindo aproximadamente 1.400 mm do ch\u00e3o at\u00e9 a base e 750 mm de largura;<br \/>\n\u2022 1 escorregador em tubo medindo aproximadamente 1.730 mm de comprimento com sa\u00edda de 60 mm de di\u00e2metro com base de apoio na parte inferior do escorregador em tubo medindo aproximadamente 70 mm de comprimento por 20 mm de largura; 1 arco de fixa\u00e7\u00e3o de 70 mm de di\u00e2metro;<br \/>\n\u2022 1 Balan\u00e7o para duas crian\u00e7as sendo: 01 balan\u00e7o acess\u00edvel com trava de 180\u00ba de abertura medindo aproximadamente 670 mm de altura X 650 mm de comprimento X 520 mm de largura e trava com 600 mm de comprimento X 400 mm de altura X 580 mm de largura; 1 assento em formato de prancha medindo aproximadamente 440 mm de comprimento X 190 mm de largura X 40 mm de altura com cordas de nylon tran\u00e7adas e de alta resist\u00eancia; Conector instalado na parte superior de uma das paredes para instala\u00e7\u00e3o do balan\u00e7o com 1 barra de ferro de 2.000 mm de comprimento e um m\u00f3dulo de sustenta\u00e7\u00e3o lateral em formato de \u201cA\u201d com 1.750 mm de altura.<\/p>\n<p>Medidas aproximadas montado: 4.880 mm de comprimento X 4.600 mm de largura X<br \/>\n2.250 mm de altura. Em conformidade com a norma NBR 300-1\/2011 e NBR 300-3\/2011 com a Portaria 369\/07- Certificado pelo INMETRO.[\/vc_column_text][\/vc_column][\/vc_row]<\/p>\n<\/div>","protected":false},"excerpt":{"rendered":"<p>Playground modular Tipo Big Climber II \u2013 Com Pontes, Telhados e Balan\u00e7o  produzido em polietileno rotomoldado, com aditivos UV. Medidas aproximadas \u00e9 Composto por 2 torres e balan\u00e7o.<br \/>\nCada torre \u00e9 formada por:<br \/>\n\u2022 3 paredes de 4mm;\u2022 plataforma de sustenta\u00e7\u00e3o triangular com piso antiderrapante e ranhuras para evitar o acumulo de \u00e1gua;<br \/>\n\u2022 telhado triangular medindo aproximadamente 1.440 mm de comprimento x 1.370 mm de largura x 470 mm de altura com 3 bases de apoio;<br \/>\n\u2022 1 suporte anti impacto ligado a pe\u00e7a. As torres s\u00e3o conectadas por uma ponte com piso antiderrapante e ranhuras para evitar o acumulo de \u00e1gua, com 2 corrim\u00e3os com laterais vazadas no sentido vertical e ondula\u00e7\u00f5es na parte<br \/>\nsuperior.<br \/>\n\u2022 1 escorregador medindo aproximadamente 1.540 mm de comprimento X 540 mm de<br \/>\nlargura com borda lateral de 40 mm de altura;<br \/>\n\u2022 1 escalada antiderrapante com desenhos de pedras medindo  aproximadamente 1.400 mm do ch\u00e3o at\u00e9 a base e 750 mm de largura;<br \/>\n\u2022 1 escorregador em tubo medindo aproximadamente 1.730 mm de comprimento com sa\u00edda de 60 mm de di\u00e2metro com base de  apoio na parte inferior do escorregador em tubo medindo aproximadamente 70 mm de comprimento por 20 mm de largura; 1 arco de fixa\u00e7\u00e3o de 70 mm de di\u00e2metro;<br \/>\n\u2022 1 Balan\u00e7o para duas crian\u00e7as sendo: 01 balan\u00e7o acess\u00edvel com trava de 180\u00ba de abertura medindo aproximadamente 670 mm de altura X 650 mm de comprimento X 520 mm de largura e trava com 600 mm de comprimento X 400 mm de altura X 580 mm de largura; 1 assento em formato de prancha medindo aproximadamente 440 mm de comprimento X  190 mm de largura X 40 mm de altura com cordas de nylon tran\u00e7adas e de alta resist\u00eancia; Conector instalado na parte superior de uma das paredes para instala\u00e7\u00e3o do balan\u00e7o com 1 barra de ferro de 2.000 mm de comprimento e um m\u00f3dulo de sustenta\u00e7\u00e3o lateral em formato de \u201cA\u201d com 1.750 mm de altura.<\/p>\n<p>Medidas aproximadas montado: 4.880 mm de comprimento X 4.600 mm de largura X<br \/>\n2.250 mm de altura. Em conformidade com a norma NBR 300-1\/2011 e NBR 300-3\/2011 com a Portaria 369\/07- Certificado pelo INMETRO.<\/p>\n","protected":false},"featured_media":1370,"template":"","meta":[],"product_brand":[],"product_cat":[192],"product_tag":[888],"class_list":{"0":"post-1369","1":"product","2":"type-product","3":"status-publish","4":"has-post-thumbnail","6":"product_cat-brinquedos","7":"product_tag-a217","8":"pa_item-259","9":"pa_lote-217","10":"pa_marca-nabre-big-climber-ii-1781","11":"pa_n-ata-002-2024","12":"pa_pregao-eletronico-n-003-2024","13":"pa_processo-licitatorio-004-2024","14":"wcpv_product_vendors-vale-comercio-de-produtos-para-educacao-ltda","16":"first","17":"instock","18":"shipping-taxable","19":"purchasable","20":"product-type-simple"},"_links":{"self":[{"href":"https:\/\/bmsolucoesedu.com.br\/portal\/wp-json\/wp\/v2\/product\/1369","targetHints":{"allow":["GET"]}}],"collection":[{"href":"https:\/\/bmsolucoesedu.com.br\/portal\/wp-json\/wp\/v2\/product"}],"about":[{"href":"https:\/\/bmsolucoesedu.com.br\/portal\/wp-json\/wp\/v2\/types\/product"}],"wp:featuredmedia":[{"embeddable":true,"href":"https:\/\/bmsolucoesedu.com.br\/portal\/wp-json\/wp\/v2\/media\/1370"}],"wp:attachment":[{"href":"https:\/\/bmsolucoesedu.com.br\/portal\/wp-json\/wp\/v2\/media?parent=1369"}],"wp:term":[{"taxonomy":"product_brand","embeddable":true,"href":"https:\/\/bmsolucoesedu.com.br\/portal\/wp-json\/wp\/v2\/product_brand?post=1369"},{"taxonomy":"product_cat","embeddable":true,"href":"https:\/\/bmsolucoesedu.com.br\/portal\/wp-json\/wp\/v2\/product_cat?post=1369"},{"taxonomy":"product_tag","embeddable":true,"href":"https:\/\/bmsolucoesedu.com.br\/portal\/wp-json\/wp\/v2\/product_tag?post=1369"}],"curies":[{"name":"wp","href":"https:\/\/api.w.org\/{rel}","templated":true}]}}