{"id":1365,"date":"2024-09-05T10:17:34","date_gmt":"2024-09-05T13:17:34","guid":{"rendered":"https:\/\/bmsolucoesedu.com.br\/portal\/?post_type=product&#038;p=1365"},"modified":"2025-03-06T18:32:59","modified_gmt":"2025-03-06T21:32:59","slug":"playground-modular-tipo-big-climber-iii","status":"publish","type":"product","link":"https:\/\/bmsolucoesedu.com.br\/portal\/produtos\/playground-modular-tipo-big-climber-iii\/","title":{"rendered":"Playground Modular Tipo Big Climber III \u2013 Com Ponte e Telhados"},"content":{"rendered":"<div class=\"wpb-content-wrapper\"><p>[vc_row el_class=&#8221;m-b-md&#8221;][vc_column][vc_column_text css=&#8221;&#8221;]Playground Modular Tipo Big Climber III \u2013 Com Ponte e Telhados confeccionado em rotomoldado com paredes de quatro mil\u00edmetros de Polietileno virgem de alta densidade, tratado especialmente contra a a\u00e7\u00e3o dos raios ultravioletas, foi totalmente desenvolvido para ser montado sem a necessidade de parafusos devido aos encaixes de alta precis\u00e3o. Composto por 3 torres com paredes de 4mm. Cada torre e formado por 3 fases com plataforma de sustenta\u00e7\u00e3o triangular, os m\u00f3dulos s\u00e3o conectados um ao outro por meio de Duas pontes e composta por piso antiderrapante e ranhuras para evitar o acumulo de \u00e1gua e 2 corrim\u00e3os com laterais vazadas no sentido vertical e formato ondulado na parte superior.<br \/>\nCada modulo cont\u00e9m 01 escalada antiderrapante com desenhos de pedras nas seguintes medidas aproximadas de :1.400 mm do ch\u00e3o at\u00e9 a base e 750 mm de largura, 01- escorregador nas seguintes medidas :1.540 mm de comprimento e 540 mm de largura x borda lateral com 40 mm, Cada Modulo acompanha 01 telhado triangular medindo aproximadamente 1.444 mm de comprimento x 1.370 mm de<br \/>\nlargura x 470 mm de altura com 3 bases de apoio; [\/vc_column_text][\/vc_column][\/vc_row]<\/p>\n<\/div>","protected":false},"excerpt":{"rendered":"<p>Playground Modular Tipo Big Climber III \u2013 Com Ponte e Telhados confeccionado em rotomoldado com paredes de quatro mil\u00edmetros de Polietileno virgem de alta densidade, tratado especialmente contra a a\u00e7\u00e3o dos raios ultravioletas, foi totalmente desenvolvido para ser montado sem a necessidade de parafusos devido aos encaixes de alta precis\u00e3o. Composto por 3 torres com paredes de 4mm. Cada torre e formado por 3 fases com plataforma de sustenta\u00e7\u00e3o triangular, os m\u00f3dulos s\u00e3o conectados um ao outro por meio de Duas pontes e composta por piso antiderrapante e ranhuras para evitar o acumulo de \u00e1gua e 2 corrim\u00e3os com laterais vazadas no sentido vertical e formato ondulado na parte superior.<br \/>\nCada modulo cont\u00e9m 01 escalada antiderrapante com desenhos de pedras nas seguintes medidas aproximadas de :1.400 mm do ch\u00e3o at\u00e9 a base e 750 mm de largura, 01- escorregador nas seguintes medidas :1.540 mm de comprimento e 540 mm de largura x borda lateral com 40 mm, Cada Modulo acompanha 01 telhado triangular medindo aproximadamente 1.444 mm de comprimento x 1.370 mm de<br \/>\nlargura x 470 mm de altura com 3 bases de apoio; <\/p>\n","protected":false},"featured_media":1366,"template":"","meta":[],"product_brand":[],"product_cat":[192],"product_tag":[888],"class_list":{"0":"post-1365","1":"product","2":"type-product","3":"status-publish","4":"has-post-thumbnail","6":"product_cat-brinquedos","7":"product_tag-a217","8":"pa_item-233","9":"pa_lote-217","10":"pa_marca-nabre-big-climber-iii-1168","11":"pa_n-ata-002-2024","12":"pa_pregao-eletronico-n-003-2024","13":"pa_processo-licitatorio-004-2024","14":"wcpv_product_vendors-vale-comercio-de-produtos-para-educacao-ltda","16":"first","17":"instock","18":"shipping-taxable","19":"purchasable","20":"product-type-simple"},"_links":{"self":[{"href":"https:\/\/bmsolucoesedu.com.br\/portal\/wp-json\/wp\/v2\/product\/1365","targetHints":{"allow":["GET"]}}],"collection":[{"href":"https:\/\/bmsolucoesedu.com.br\/portal\/wp-json\/wp\/v2\/product"}],"about":[{"href":"https:\/\/bmsolucoesedu.com.br\/portal\/wp-json\/wp\/v2\/types\/product"}],"wp:featuredmedia":[{"embeddable":true,"href":"https:\/\/bmsolucoesedu.com.br\/portal\/wp-json\/wp\/v2\/media\/1366"}],"wp:attachment":[{"href":"https:\/\/bmsolucoesedu.com.br\/portal\/wp-json\/wp\/v2\/media?parent=1365"}],"wp:term":[{"taxonomy":"product_brand","embeddable":true,"href":"https:\/\/bmsolucoesedu.com.br\/portal\/wp-json\/wp\/v2\/product_brand?post=1365"},{"taxonomy":"product_cat","embeddable":true,"href":"https:\/\/bmsolucoesedu.com.br\/portal\/wp-json\/wp\/v2\/product_cat?post=1365"},{"taxonomy":"product_tag","embeddable":true,"href":"https:\/\/bmsolucoesedu.com.br\/portal\/wp-json\/wp\/v2\/product_tag?post=1365"}],"curies":[{"name":"wp","href":"https:\/\/api.w.org\/{rel}","templated":true}]}}