{"id":1312,"date":"2024-09-03T15:46:42","date_gmt":"2024-09-03T18:46:42","guid":{"rendered":"https:\/\/bmsolucoesedu.com.br\/portal\/?post_type=product&#038;p=1312"},"modified":"2025-01-21T20:06:41","modified_gmt":"2025-01-21T23:06:41","slug":"playground-ii","status":"publish","type":"product","link":"https:\/\/bmsolucoesedu.com.br\/portal\/produtos\/playground-ii\/","title":{"rendered":"Playground II"},"content":{"rendered":"<div class=\"wpb-content-wrapper\"><p>[vc_row el_class=&#8221;m-b-md&#8221;][vc_column][vc_column_text css=&#8221;&#8221;]PLAYGROUND II contendo 01 m\u00f3dulo com formatos diversos, 1 escorregador, 1 escalada e 1 balan\u00e7o met\u00e1lico com 1 assento e 1 cadeirinha. Acompanha atividades complementares a serem escolhidas dentre \u00e1baco, jogo da velha, jogo de mem\u00f3ria, jogo de basquete, jogo de dirigir. Equipamento em pl\u00e1stico rotomoldado com aditiva\u00e7\u00f5es que garantem maior seguran\u00e7a e vida \u00fatil ao produto sendo anti UV e antiest\u00e1ticos. \u00c1rea aproximada do produto de 8m\u00b2 com varia\u00e7\u00e3o de at\u00e9 5%. Equipamento com certifica\u00e7\u00e3o ABNT NBR 16071-2:2021.[\/vc_column_text][\/vc_column][\/vc_row]<\/p>\n<\/div>","protected":false},"excerpt":{"rendered":"<p>PLAYGROUND II contendo 01 m\u00f3dulo com formatos diversos, 1 escorregador, 1 escalada e 1 balan\u00e7o met\u00e1lico com 1 assento e 1 cadeirinha. Acompanha atividades complementares a serem escolhidas dentre \u00e1baco, jogo da velha, jogo de mem\u00f3ria, jogo de basquete, jogo de dirigir. Equipamento em pl\u00e1stico rotomoldado com aditiva\u00e7\u00f5es que garantem maior seguran\u00e7a e vida \u00fatil ao produto sendo anti UV e antiest\u00e1ticos. \u00c1rea aproximada do produto de 8m\u00b2 com varia\u00e7\u00e3o de at\u00e9 5%. Equipamento com certifica\u00e7\u00e3o ABNT NBR 16071-2:2021.<\/p>\n","protected":false},"featured_media":1313,"template":"","meta":[],"product_brand":[],"product_cat":[192],"product_tag":[888],"class_list":{"0":"post-1312","1":"product","2":"type-product","3":"status-publish","4":"has-post-thumbnail","6":"product_cat-brinquedos","7":"product_tag-a217","8":"pa_item-224","9":"pa_lote-217","10":"pa_marca-brink-mobil-dynamic-pro","11":"pa_n-ata-002-2024","12":"pa_pregao-eletronico-n-003-2024","13":"pa_processo-licitatorio-004-2024","14":"wcpv_product_vendors-vale-comercio-de-produtos-para-educacao-ltda","16":"first","17":"instock","18":"shipping-taxable","19":"purchasable","20":"product-type-simple"},"_links":{"self":[{"href":"https:\/\/bmsolucoesedu.com.br\/portal\/wp-json\/wp\/v2\/product\/1312","targetHints":{"allow":["GET"]}}],"collection":[{"href":"https:\/\/bmsolucoesedu.com.br\/portal\/wp-json\/wp\/v2\/product"}],"about":[{"href":"https:\/\/bmsolucoesedu.com.br\/portal\/wp-json\/wp\/v2\/types\/product"}],"wp:featuredmedia":[{"embeddable":true,"href":"https:\/\/bmsolucoesedu.com.br\/portal\/wp-json\/wp\/v2\/media\/1313"}],"wp:attachment":[{"href":"https:\/\/bmsolucoesedu.com.br\/portal\/wp-json\/wp\/v2\/media?parent=1312"}],"wp:term":[{"taxonomy":"product_brand","embeddable":true,"href":"https:\/\/bmsolucoesedu.com.br\/portal\/wp-json\/wp\/v2\/product_brand?post=1312"},{"taxonomy":"product_cat","embeddable":true,"href":"https:\/\/bmsolucoesedu.com.br\/portal\/wp-json\/wp\/v2\/product_cat?post=1312"},{"taxonomy":"product_tag","embeddable":true,"href":"https:\/\/bmsolucoesedu.com.br\/portal\/wp-json\/wp\/v2\/product_tag?post=1312"}],"curies":[{"name":"wp","href":"https:\/\/api.w.org\/{rel}","templated":true}]}}