{"id":1280,"date":"2024-08-23T20:47:19","date_gmt":"2024-08-23T20:47:19","guid":{"rendered":"https:\/\/bmsolucoesedu.com.br\/portal\/?post_type=product&#038;p=1280"},"modified":"2024-09-24T19:57:08","modified_gmt":"2024-09-24T22:57:08","slug":"livros-kit-literatura-infanto-juvenil","status":"publish","type":"product","link":"https:\/\/bmsolucoesedu.com.br\/portal\/produtos\/livros-kit-literatura-infanto-juvenil\/","title":{"rendered":"LIVROS &#8211; KIT LITERATURA INFANTO-JUVENIL"},"content":{"rendered":"<div class=\"wpb-content-wrapper\"><p>[vc_row el_class=&#8221;m-b-md&#8221;][vc_column][vc_column_text css=&#8221;&#8221;]<\/p>\n<div>O Projeto cidade da gente tem intuito de popularizar o ensino de hist\u00f3ria e geografia local do nosso pa\u00eds, atrav\u00e9s da constru\u00e7\u00e3o de uma identidade cultural exposta em p\u00e1ginas singularizadas.<\/div>\n<div><\/div>\n<div>\n<p>Queremos democratizar o acesso a informa\u00e7\u00e3o local, impedindo assim que as mem\u00f3rias da popula\u00e7\u00e3o brasileira sejam extintas.<\/p>\n<\/div>\n<div>Nosso projeto \u00e9 din\u00e2mico e transparente, junto a entusiastas e professores, queremos fazer pulsar de gera\u00e7\u00e3o em gera\u00e7\u00e3o a qualidade da educa\u00e7\u00e3o regional, incentivando desta forma, a expans\u00e3o dos cen\u00e1rios locais reais dos munic\u00edpios para todos os habitantes.<\/div>\n<p>[\/vc_column_text][\/vc_column][\/vc_row]<\/p>\n<\/div>","protected":false},"excerpt":{"rendered":"<p>O Projeto cidade da gente tem intuito de popularizar o ensino de hist\u00f3ria e geografia local do nosso pa\u00eds, atrav\u00e9s da constru\u00e7\u00e3o de uma identidade cultural exposta em p\u00e1ginas singularizadas.<\/p>\n","protected":false},"featured_media":1281,"template":"","meta":[],"product_brand":[],"product_cat":[191],"product_tag":[211],"class_list":{"0":"post-1280","1":"product","2":"type-product","3":"status-publish","4":"has-post-thumbnail","6":"product_cat-livros","7":"product_tag-inex","8":"wcpv_product_vendors-215","10":"first","11":"instock","12":"shipping-taxable","13":"purchasable","14":"product-type-simple"},"_links":{"self":[{"href":"https:\/\/bmsolucoesedu.com.br\/portal\/wp-json\/wp\/v2\/product\/1280","targetHints":{"allow":["GET"]}}],"collection":[{"href":"https:\/\/bmsolucoesedu.com.br\/portal\/wp-json\/wp\/v2\/product"}],"about":[{"href":"https:\/\/bmsolucoesedu.com.br\/portal\/wp-json\/wp\/v2\/types\/product"}],"wp:featuredmedia":[{"embeddable":true,"href":"https:\/\/bmsolucoesedu.com.br\/portal\/wp-json\/wp\/v2\/media\/1281"}],"wp:attachment":[{"href":"https:\/\/bmsolucoesedu.com.br\/portal\/wp-json\/wp\/v2\/media?parent=1280"}],"wp:term":[{"taxonomy":"product_brand","embeddable":true,"href":"https:\/\/bmsolucoesedu.com.br\/portal\/wp-json\/wp\/v2\/product_brand?post=1280"},{"taxonomy":"product_cat","embeddable":true,"href":"https:\/\/bmsolucoesedu.com.br\/portal\/wp-json\/wp\/v2\/product_cat?post=1280"},{"taxonomy":"product_tag","embeddable":true,"href":"https:\/\/bmsolucoesedu.com.br\/portal\/wp-json\/wp\/v2\/product_tag?post=1280"}],"curies":[{"name":"wp","href":"https:\/\/api.w.org\/{rel}","templated":true}]}}