{"id":1393,"date":"2024-09-06T15:42:48","date_gmt":"2024-09-06T18:42:48","guid":{"rendered":"https:\/\/bmsolucoesedu.com.br\/portal\/?page_id=1393"},"modified":"2024-09-24T07:20:48","modified_gmt":"2024-09-24T10:20:48","slug":"quem-somos","status":"publish","type":"page","link":"https:\/\/bmsolucoesedu.com.br\/portal\/quem-somos\/","title":{"rendered":"Quem somos"},"content":{"rendered":"<div class=\"wpb-content-wrapper\"><p>[vc_row wrap_container=&#8221;yes&#8221; content_placement=&#8221;middle&#8221; el_class=&#8221;align-items-center mt-2&#8243; el_id=&#8221;whoweare&#8221; conditional_render=&#8221;%5B%7B%22value_role%22%3A%22administrator%22%7D%5D&#8221; css=&#8221;.vc_custom_1725648151202{margin-top: -20px !important;}&#8221;][vc_column el_class=&#8221;mb-5 mb-lg-0&#8243; offset=&#8221;vc_col-lg-5 vc_col-md-5&#8243;][vc_separator color=&#8221;custom&#8221; border_width=&#8221;3&#8243; css_animation=&#8221;slideInLeft&#8221; style=&#8221;solid&#8221; el_class=&#8221;custom-border customLineAnimation d-inline-block mr-3 mb-1&#8243; accent_color=&#8221;#00a1cd&#8221;][vc_custom_heading text=&#8221;Quem somos n\u00f3s&#8230;&#8221; font_container=&#8221;tag:h4|font_size:1.2em|text_align:left|color:%2300a1cd|line_height:1.3&#8243; use_theme_fonts=&#8221;yes&#8221; css=&#8221;&#8221; text_transform=&#8221;text-uppercase&#8221; font_weight=&#8221;600&#8243; animation_delay=&#8221;1000&#8243; el_class=&#8221;mb-2 d-inline-block&#8221; animation_type=&#8221;fadeInLeft&#8221;][vc_custom_heading text=&#8221;BM SOLU\u00c7\u00d5ES&#8221; font_container=&#8221;tag:h3|font_size:42|text_align:left|color:%23183f72&#8243; use_theme_fonts=&#8221;yes&#8221; css=&#8221;&#8221; animation_delay=&#8221;1500&#8243; animation_type=&#8221;fadeIn&#8221;][vc_custom_heading text=&#8221;Fundada com o prop\u00f3sito de fornecer e distribuir produtos atrav\u00e9s de atas de registro de pre\u00e7os, nossa empresa tamb\u00e9m se destaca na presta\u00e7\u00e3o de servi\u00e7os especializados para empresas p\u00fablicas e privadas. Nosso foco \u00e9 a efici\u00eancia no atendimento \u00e0s demandas espec\u00edficas de cada cliente.&#8221; font_container=&#8221;tag:p|font_size:1.2em|text_align:left|color:%23777777|line_height:26px&#8221; use_theme_fonts=&#8221;yes&#8221; css=&#8221;&#8221; font_weight=&#8221;400&#8243; letter_spacing=&#8221;0px&#8221; animation_delay=&#8221;1400&#8243; el_class=&#8221;custom-font1 mb-4&#8243; animation_type=&#8221;fadeInUp&#8221;][vc_custom_heading text=&#8221;Reconhecida nacionalmente, conquistamos a confian\u00e7a e seguran\u00e7a de nossos clientes e parceiros. Somos respons\u00e1veis por distribuir e representar produtos de alta qualidade, al\u00e9m de contar com profissionais preparados e qualificados em diversas \u00e1reas de atua\u00e7\u00e3o, o que nos garante satisfa\u00e7\u00e3o e reconhecimento.&#8221; font_container=&#8221;tag:p|font_size:1.2em|text_align:left|color:%23777777|line_height:26px&#8221; use_theme_fonts=&#8221;yes&#8221; css=&#8221;&#8221; font_weight=&#8221;400&#8243; letter_spacing=&#8221;0px&#8221; animation_delay=&#8221;1400&#8243; el_class=&#8221;custom-font1 mb-4&#8243; animation_type=&#8221;fadeInUp&#8221;][vc_btn title=&#8221;Veja mais&#8230;&#8221; style=&#8221;modern&#8221; css=&#8221;&#8221; skin=&#8221;primary&#8221; animation_delay=&#8221;1800&#8243; el_class=&#8221;mb-0&#8243; animation_type=&#8221;fadeInUp&#8221; link=&#8221;url:%23services|title:About&#8221;][\/vc_column][vc_column width=&#8221;1\/12&#8243; animation_delay=&#8221;1500&#8243; el_class=&#8221;position-relative ml-auto pl-sm-5 pl-lg-0&#8243; offset=&#8221;vc_col-lg-6 vc_col-md-6 vc_col-xs-10&#8243; animation_type=&#8221;fadeInRight&#8221;][vc_single_image image=&#8221;1419&#8243; img_size=&#8221;400&#215;400&#8243; style=&#8221;vc_box_circle_2&#8243; css=&#8221;&#8221; animation_delay=&#8221;&#8221; floating_start_pos=&#8221;top&#8221; floating_speed=&#8221;9.8&#8243; el_class=&#8221;custom-box-shadow-1 mb-0&#8243;]<div class=\"porto-ultimate-content-box-container custom-absolute-img\"><style>#porto_ucb_8070{will-change: box-shadow;box-shadow: none;}#porto_ucb_8070:hover{box-shadow:none}<\/style><div class=\"porto-ultimate-content-box\" style=\"\" id=\"porto_ucb_8070\">[vc_single_image image=&#8221;1415&#8243; img_size=&#8221;300&#215;300&#8243; style=&#8221;vc_box_circle_2&#8243; css=&#8221;.vc_custom_1727173162943{padding-left: 20px !important;}&#8221; animation_delay=&#8221;1400&#8243; floating_start_pos=&#8221;top&#8221; floating_speed=&#8221;9.6&#8243; el_class=&#8221;custom-box-shadow-1 mb-0&#8243; label=&#8221;&#8221;]<\/div><\/div>[\/vc_column][vc_column css=&#8221;.vc_custom_1725642223377{margin-top: 7.6rem !important;padding-top: 20px !important;}&#8221; el_id=&#8221;services&#8221; conditional_render=&#8221;%5B%7B%22value_role%22%3A%22administrator%22%7D%5D&#8221;][vc_raw_html el_class=&#8221;shape-divider shape-divider2 mb-0&#8243;]JTNDc3ZnJTIwdmVyc2lvbiUzRCUyMjEuMSUyMiUyMHhtbG5zJTNEJTIyaHR0cCUzQSUyRiUyRnd3dy53My5vcmclMkYyMDAwJTJGc3ZnJTIyJTIweG1sbnMlM0F4bGluayUzRCUyMmh0dHAlM0ElMkYlMkZ3d3cudzMub3JnJTJGMTk5OSUyRnhsaW5rJTIyJTIweCUzRCUyMjBweCUyMiUyMHklM0QlMjIwcHglMjIlMjB2aWV3Qm94JTNEJTIyMCUyMDAlMjAxOTIwJTIwMTAyJTIyJTIwcHJlc2VydmVBc3BlY3RSYXRpbyUzRCUyMm5vbmUlMjIlM0UlMEElMDklMDklMDklMDklMDklMDklMDklM0NwYXRoJTIwZmlsbCUzRCUyMiUyM0Y3RjdGNyUyMiUyMGQlM0QlMjJNMTg5NSUyQzc4Yy01Ni43MS02LjAzLTExMy43NS0xMi4xLTE2Ny0xN2MtNzUuNDItNi45NC0xMzMuODEtMTAuNjYtMTcxLTEzYy02Mi4xLTMuOTEtMTA4Ljg1LTUuOTctMTU1LTglMEElMDklMDklMDklMDklMDklMDklMDklMDljLTM1Ljk2LTEuNTgtNzguMDYtMy40Mi0xMzMtNWMtNTkuODEtMS43Mi0xMDMuMTgtMi4yMy0xNzItM2MtOTIuMTctMS4wMy0xNTQuNDEtMS4wMS0xNjktMWMtNjkuMDUlMkMwLjA1LTExNS4xNiUyQzAuNjctMTM3JTJDMSUwQSUwOSUwOSUwOSUwOSUwOSUwOSUwOSUwOWMtNDMuMDglMkMwLjY1LTc2LjIxJTJDMS40OC05NyUyQzJjLTI4LjAyJTJDMC43LTcxLjEzJTJDMS44LTEyOCUyQzRjLTE2LjY0JTJDMC42NC01Ny43MiUyQzIuMjgtMTExJTJDNWMtMjYuMTIlMkMxLjMzLTY3LjExJTJDMy40NS0xMjElMkM3JTBBJTA5JTA5JTA5JTA5JTA5JTA5JTA5JTA5Yy0yMS4xNCUyQzEuMzktNTQuMjElMkMzLjU5LTk2JTJDN2MtMTkuOTMlMkMxLjYzLTM5LjIyJTJDMy4zMi00NyUyQzRjLTE2LjEyJTJDMS40MS0zMy41NSUyQzIuOTQtNTUlMkM1Yy0yNi40OCUyQzIuNTQtMTkuMDclMkMyLjA0LTc3JTJDOCUwQSUwOSUwOSUwOSUwOSUwOSUwOSUwOSUwOWMtMTkuMzklMkMxLjk5LTM2Ljk0JTJDMy43Ny02MC41OSUyQzcuNDZWMTAzSDE5MjNWODFDMTkxNi41NSUyQzgwLjMlMkMxOTA2LjgyJTJDNzkuMjYlMkMxODk1JTJDNzh6JTIyJTNFJTNDJTJGcGF0aCUzRSUwQSUwOSUwOSUwOSUwOSUwOSUwOSUzQyUyRnN2ZyUzRQ==[\/vc_raw_html][\/vc_column][\/vc_row][vc_row wrap_container=&#8221;yes&#8221; content_placement=&#8221;bottom&#8221; css=&#8221;.vc_custom_1608315915033{background-color: #f7f7f7 !important;}&#8221; el_class=&#8221;pt-4&#8243;][vc_column offset=&#8221;vc_col-lg-8 vc_col-md-7&#8243; el_class=&#8221;mb-lg-0 mb-4&#8243;][vc_separator color=&#8221;custom&#8221; border_width=&#8221;3&#8243; css_animation=&#8221;slideInLeft&#8221; style=&#8221;solid&#8221; el_class=&#8221;custom-border customLineAnimation d-inline-block mr-3 mb-1&#8243; accent_color=&#8221;#00a1cd&#8221;][vc_custom_heading text=&#8221;O QUE N\u00d3S FIZEMOS&#8230;&#8221; font_container=&#8221;tag:h4|font_size:1.2em|text_align:left|color:%2300a1cd|line_height:1.3&#8243; use_theme_fonts=&#8221;yes&#8221; css=&#8221;.vc_custom_1725652474276{padding-left: 30px !important;}&#8221; text_transform=&#8221;text-uppercase&#8221; font_weight=&#8221;600&#8243; animation_delay=&#8221;1000&#8243; el_class=&#8221;mb-2 d-inline-block&#8221; animation_type=&#8221;fadeInLeft&#8221;][vc_custom_heading text=&#8221;Nossos Principais Servi\u00e7os&#8221; font_container=&#8221;tag:h3|font_size:2.3em|text_align:left|color:%23183f72|line_height:24px&#8221; use_theme_fonts=&#8221;yes&#8221; css=&#8221;.vc_custom_1725652490208{padding-left: 50px !important;}&#8221; font_weight=&#8221;700&#8243; skin=&#8221;secondary&#8221; letter_spacing=&#8221;-.05em&#8221; animation_delay=&#8221;1200&#8243; animation_type=&#8221;fadeInUp&#8221; el_class=&#8221;mb-3 pb-1&#8243;][\/vc_column][vc_column offset=&#8221;vc_col-lg-4 vc_col-md-5&#8243; el_class=&#8221;text-lg-right&#8221;][\/vc_column][vc_column el_class=&#8221;pt-3 mt-4 mb-4&#8243; css=&#8221;.vc_custom_1608316602483{padding-bottom: 20px !important;}&#8221;]<div class=\"porto-carousel owl-carousel has-ccols has-ccols-spacing ccols-xl-3 ccols-lg-3 ccols-md-2 ccols-sm-2 ccols-1 services owl-custom-nav mb-0 custom-carousel-box-shadow wpb_custom_324659f3639fc50e0d07e21da55ccd7b nav-pos-outside nav-style-4\" data-appear-animation=\"fadeInUp\" data-appear-animation-delay=\"2000\" data-plugin-options=\"{&quot;themeConfig&quot;:true,&quot;stagePadding&quot;:0,&quot;margin&quot;:20,&quot;autoplay&quot;:false,&quot;mouseDrag&quot;:true,&quot;touchDrag&quot;:true,&quot;autoplayTimeout&quot;:5000,&quot;autoplayHoverPause&quot;:false,&quot;items&quot;:3,&quot;xl&quot;:3,&quot;lg&quot;:3,&quot;md&quot;:2,&quot;sm&quot;:2,&quot;xs&quot;:1,&quot;nav&quot;:&quot;yes&quot;,&quot;dots&quot;:false,&quot;animateIn&quot;:&quot;&quot;,&quot;animateOut&quot;:&quot;&quot;,&quot;loop&quot;:false,&quot;center&quot;:false,&quot;video&quot;:false,&quot;lazyLoad&quot;:false,&quot;fullscreen&quot;:false}\"><div class=\"porto-ultimate-content-box-container custom-card\"><style>#porto_ucb_2806{will-change: box-shadow;box-shadow: none;}#porto_ucb_2806:hover{box-shadow:none}<\/style><div class=\"porto-ultimate-content-box vc_custom_1725651469160\" style=\"\" id=\"porto_ucb_2806\">[vc_single_image image=&#8221;1423&#8243; img_size=&#8221;150&#215;150&#8243; alignment=&#8221;center&#8221; style=&#8221;vc_box_circle_2&#8243; css=&#8221;&#8221; el_class=&#8221;feature-image mb-4&#8243;]<div class=\"porto-u-heading card-title  wpb_custom_95aa9a11c17ad45cfabaf210d84ee7cc porto-u-4708 \"><div class=\"porto-u-main-heading\"><h4   style=\"font-weight:700;color:#183f72;margin-bottom: 8px;font-size:1.4em;line-height:27px;letter-spacing:-.05em;\">Atas de Registro de Pre\u00e7os<\/h4><\/div><div class=\"porto-u-sub-heading\" style=\"font-weight:400;color: #777777;margin-bottom:20px;line-height:26px;letter-spacing:0px;\">Oferecemos solu\u00e7\u00f5es para \u00f3rg\u00e3os p\u00fablicos com uma ampla gama de produtos registrados em atas.<\/div><style>.porto-u-4708.porto-u-heading{text-align:center}<\/style><\/div><\/div><\/div><div class=\"porto-ultimate-content-box-container custom-card\"><style>#porto_ucb_8956{will-change: box-shadow;box-shadow: none;}#porto_ucb_8956:hover{box-shadow:none}<\/style><div class=\"porto-ultimate-content-box vc_custom_1725651486421\" style=\"\" id=\"porto_ucb_8956\">[vc_single_image image=&#8221;1424&#8243; img_size=&#8221;150&#215;150&#8243; alignment=&#8221;center&#8221; style=&#8221;vc_box_circle_2&#8243; css=&#8221;&#8221; el_class=&#8221;feature-image mb-4&#8243;]<div class=\"porto-u-heading card-title  wpb_custom_95aa9a11c17ad45cfabaf210d84ee7cc porto-u-7349 \"><div class=\"porto-u-main-heading\"><h4   style=\"font-weight:700;color:#183f72;margin-bottom: 8px;font-size:1.4em;line-height:27px;letter-spacing:-.05em;\">Projetos Personalizados<\/h4><\/div><div class=\"porto-u-sub-heading\" style=\"font-weight:400;color: #777777;margin-bottom:20px;line-height:26px;letter-spacing:0px;\">Nossa equipe \u00e9 composta por profissionais capacitados para atender \u00e0s mais diversas demandas, garantindo solu\u00e7\u00f5es sob medida para cada cliente.<\/div><style>.porto-u-7349.porto-u-heading{text-align:center}<\/style><\/div><\/div><\/div><div class=\"porto-ultimate-content-box-container custom-card\"><style>#porto_ucb_7245{will-change: box-shadow;box-shadow: none;}#porto_ucb_7245:hover{box-shadow:none}<\/style><div class=\"porto-ultimate-content-box vc_custom_1725651499122\" style=\"\" id=\"porto_ucb_7245\">[vc_single_image image=&#8221;1425&#8243; img_size=&#8221;150&#215;150&#8243; alignment=&#8221;center&#8221; style=&#8221;vc_box_circle_2&#8243; css=&#8221;&#8221; el_class=&#8221;feature-image mb-4&#8243;]<div class=\"porto-u-heading card-title  wpb_custom_95aa9a11c17ad45cfabaf210d84ee7cc porto-u-6976 \"><div class=\"porto-u-main-heading\"><h4   style=\"font-weight:700;color:#183f72;margin-bottom: 8px;font-size:1.4em;line-height:27px;letter-spacing:-.05em;\">Suporte T\u00e9cnico e de Gest\u00e3o<\/h4><\/div><div class=\"porto-u-sub-heading\" style=\"font-weight:400;color: #777777;margin-bottom:20px;line-height:26px;letter-spacing:0px;\">Disponibilizamos uma ferramenta colaborativa que concentra uma grande quantidade de produtos, facilitando o trabalho de nossos clientes.<\/div><style>.porto-u-6976.porto-u-heading{text-align:center}<\/style><\/div><\/div><\/div><\/div>[\/vc_column][\/vc_row]<\/p>\n<\/div>","protected":false},"excerpt":{"rendered":"<p>[vc_row wrap_container=&#8221;yes&#8221; content_placement=&#8221;middle&#8221; el_class=&#8221;align-items-center mt-2&#8243; el_id=&#8221;whoweare&#8221; conditional_render=&#8221;%5B%7B%22value_role%22%3A%22administrator%22%7D%5D&#8221; css=&#8221;.vc_custom_1725648151202{margin-top: -20px !important;}&#8221;][vc_column el_class=&#8221;mb-5 mb-lg-0&#8243; offset=&#8221;vc_col-lg-5 vc_col-md-5&#8243;][vc_separator color=&#8221;custom&#8221; border_width=&#8221;3&#8243; css_animation=&#8221;slideInLeft&#8221; style=&#8221;solid&#8221; el_class=&#8221;custom-border customLineAnimation d-inline-block mr-3 mb-1&#8243; accent_color=&#8221;#00a1cd&#8221;][vc_custom_heading text=&#8221;Quem somos n\u00f3s&#8230;&#8221; font_container=&#8221;tag:h4|font_size:1.2em|text_align:left|color:%2300a1cd|line_height:1.3&#8243; use_theme_fonts=&#8221;yes&#8221; css=&#8221;&#8221; text_transform=&#8221;text-uppercase&#8221; font_weight=&#8221;600&#8243; animation_delay=&#8221;1000&#8243; el_class=&#8221;mb-2 d-inline-block&#8221; animation_type=&#8221;fadeInLeft&#8221;][vc_custom_heading text=&#8221;BM SOLU\u00c7\u00d5ES&#8221; font_container=&#8221;tag:h3|font_size:42|text_align:left|color:%23183f72&#8243; use_theme_fonts=&#8221;yes&#8221; css=&#8221;&#8221; animation_delay=&#8221;1500&#8243; animation_type=&#8221;fadeIn&#8221;][vc_custom_heading text=&#8221;Fundada com o prop\u00f3sito de fornecer e distribuir produtos atrav\u00e9s de atas [&hellip;]<\/p>\n","protected":false},"author":1,"featured_media":0,"parent":0,"menu_order":0,"comment_status":"closed","ping_status":"closed","template":"","meta":{"footnotes":""},"class_list":["post-1393","page","type-page","status-publish","hentry"],"_links":{"self":[{"href":"https:\/\/bmsolucoesedu.com.br\/portal\/wp-json\/wp\/v2\/pages\/1393","targetHints":{"allow":["GET"]}}],"collection":[{"href":"https:\/\/bmsolucoesedu.com.br\/portal\/wp-json\/wp\/v2\/pages"}],"about":[{"href":"https:\/\/bmsolucoesedu.com.br\/portal\/wp-json\/wp\/v2\/types\/page"}],"author":[{"embeddable":true,"href":"https:\/\/bmsolucoesedu.com.br\/portal\/wp-json\/wp\/v2\/users\/1"}],"replies":[{"embeddable":true,"href":"https:\/\/bmsolucoesedu.com.br\/portal\/wp-json\/wp\/v2\/comments?post=1393"}],"version-history":[{"count":12,"href":"https:\/\/bmsolucoesedu.com.br\/portal\/wp-json\/wp\/v2\/pages\/1393\/revisions"}],"predecessor-version":[{"id":1667,"href":"https:\/\/bmsolucoesedu.com.br\/portal\/wp-json\/wp\/v2\/pages\/1393\/revisions\/1667"}],"wp:attachment":[{"href":"https:\/\/bmsolucoesedu.com.br\/portal\/wp-json\/wp\/v2\/media?parent=1393"}],"curies":[{"name":"wp","href":"https:\/\/api.w.org\/{rel}","templated":true}]}}